{"id":566,"date":"2021-04-19T15:13:13","date_gmt":"2021-04-19T15:13:13","guid":{"rendered":"https:\/\/www.laspa.slg.br\/?page_id=566"},"modified":"2021-04-19T18:33:45","modified_gmt":"2021-04-19T18:33:45","slug":"antigo-site-do-laspa","status":"publish","type":"page","link":"https:\/\/www.laspa.slg.br\/en\/sobre\/antigo-site-do-laspa\/","title":{"rendered":"Antigo site do LaSPA"},"content":{"rendered":"<p><img decoding=\"async\" src=\"https:\/\/www.laspa.slg.br\/wp-content\/uploads\/2021\/04\/sociologiassociativa-print-2021.png\" alt=\"\" \/><strong>Fig.01:<\/strong> Vis\u00e3o do cabe\u00e7alho do antigo site do LaSPA. O &#8220;tema&#8221; (&#8220;theme&#8221;) do site era chamado K2-Lite, e j\u00e1 havia sido descontinuado para novos blogs desde 2013. A imagem do cabe\u00e7alho variava randomicamente entre um conjunto de cerca de 15 imagens diferentes.<\/p>\n<p>O primeiro site do LaSPA foi criado na plataforma &#8220;wordpress.com&#8221; em fevereiro de 2011, com o endere\u00e7o: &#8220;sociologiassociativa.wordpress.com&#8221;. O n\u00famero de &#8220;views&#8221; (ou &#8220;cliques&#8221;) mensais do site foi crescendo entre fevereiro de 2011 e agosto do mesmo ano, quando registrou 444 views. A partir de ent\u00e3o, a visita\u00e7\u00e3o mensal variou sazonalmente em torno desse valor at\u00e9 2015 &#8211; com alguns picos de visita\u00e7\u00e3o em novembro de 2013 (841) e em setembro (804) e novembro (777) de 2014, todos devidos principalmente aos fichamentos dos livros de Bruno Latour <em>A vida de laborat\u00f3rio<\/em> (fichamento reproduzido <a href=\"https:\/\/www.laspa.slg.br\/2021\/04\/16\/a-vida-de-laboratorio-latour-e-woolgar-1997-1988\/\">aqui<\/a>) e de <em>Jamais fomos modernos<\/em> (fichamento reproduzido <a href=\"https:\/\/www.laspa.slg.br\/2021\/04\/16\/jamais-fomos-modernos-latour-1994-1991\/\">aqui<\/a>). <\/p>\n<p><img decoding=\"async\" src=\"https:\/\/www.laspa.slg.br\/wp-content\/uploads\/2021\/04\/sociologiassociativa-all-time-views.png\" alt=\"\" \/><strong>Fig.02:<\/strong> Hist\u00f3rico de visita\u00e7\u00e3o mensal do antigo site do LaSPA.<\/p>\n<p>Em mar\u00e7o de 2015, com a publica\u00e7\u00e3o do fichamento do livro de \u00c9mile Durkheim <em>Educa\u00e7\u00e3o e Sociologia<\/em> (fichamento reproduzido <a href=\"https:\/\/www.laspa.slg.br\/2021\/04\/14\/educacao-e-sociologia-durkheim-2013\/\">aqui<\/a>), o n\u00famero de views mensais do antigo site do LaSPA passou de 616 em mar\u00e7o para o maior valor at\u00e9 ent\u00e3o, de 1 mil em maio. Esse fichamento foi o principal respons\u00e1vel pelo grande crescimento de views do site desde ent\u00e3o. Em novembro de 2015, o n\u00famero de views mensais do site ultrapassou, pela primeira vez, a marca de 2 mil, e oscilou em torno desse valor ao longo dos meses acad\u00eamicos (de mar\u00e7o a junho, e de agosto a novembro) de 2016. Depois disso, durante o primeiro semestre de 2017, o site alcan\u00e7ou o maior n\u00famero de views mensais de sua hist\u00f3ria, ultrapassando a marca de 3 mil (e chegando a 3.800 views em abril e maio). O dia 24 de abril registrou o maior n\u00famero de views di\u00e1rios da hist\u00f3ria do site: 206. Depois disso, o n\u00famero de views mensais do site foi gradualmente reduzindo: ainda oscilando entre 1 e 2 mil em 2018; entre 600 e 1 mil em 2019; e raramente passando de 600 em 2020 e neste in\u00edcio de 2021. <\/p>\n<p>Numa vis\u00e3o mais geral, o n\u00famero de views anuais do antigo site do LaSPA cresceu, de 4.418 em 2012, para 27.921 em 2017, e depois voltou a diminuir, fechando 2020 com 5.639. Durante seus 10 anos de exist\u00eancia, aquele site registrou 77.600 visitantes individuais e 115.220 visualiza\u00e7\u00f5es de p\u00e1ginas ou posts (views), e reuniu 39 seguidores. A maior parte dos views foi proveniente do Brasil (90.016), mas um n\u00famero significativo foi proveniente dos Estados Unidos (12.879), de Portugal (2.366), da Fran\u00e7a (717) e de Mo\u00e7ambique (674).<\/p>\n<p>Al\u00e9m disso, durante os 10 anos de exist\u00eancia do antigo site do LaSPA, foram publicados 113 posts (contendo 11.430 palavras), dos quais os 10 mais visitados (excluindo a &#8220;Home page&#8221;) foram:<\/p>\n<p>1 &#8211; &#8220;Educa\u00e7\u00e3o e Sociologia (Durkheim 2013)&#8221;, com 28.747 views (reproduzido <a href=\"https:\/\/www.laspa.slg.br\/2021\/04\/14\/educacao-e-sociologia-durkheim-2013\/\">aqui<\/a>).<br \/>\n2 &#8211; &#8220;A concep\u00e7\u00e3o de a\u00e7\u00e3o em Marx&#8221;, com 18.670 views (reproduzido <a href=\"https:\/\/www.laspa.slg.br\/2021\/04\/15\/a-concepcao-de-acao-praxis-em-marx\/\">aqui<\/a>).<br \/>\n3 &#8211; &#8220;A vida de laborat\u00f3rio (Latour e Woolgar 1997[1988])&#8221;, com 10.006 views (reproduzido <a href=\"https:\/\/www.laspa.slg.br\/2021\/04\/16\/a-vida-de-laboratorio-latour-e-woolgar-1997-1988\/\">aqui<\/a>).<br \/>\n4 &#8211; &#8220;Jamais fomos modernos (Latour 1994 [1991])&#8221;, com 5.935 views (reproduzido <a href=\"https:\/\/www.laspa.slg.br\/2021\/04\/16\/jamais-fomos-modernos-latour-1994-1991\/\">aqui<\/a>).<br \/>\n5 &#8211; &#8220;As regras do m\u00e9todo sociol\u00f3gico (Durkheim 1895)&#8221;, com 5.612 views (reproduzido <a href=\"https:\/\/www.laspa.slg.br\/2021\/04\/15\/as-regras-do-metodo-sociologico-durkheim-1895\/\">aqui<\/a>).<br \/>\n6 &#8211; &#8220;Associa\u00e7\u00e3o diferencial (Sutherland )&#8221;, com 2.229 views (reproduzido <a href=\"https:\/\/www.laspa.slg.br\/2021\/04\/16\/associacao-diferencial-sutherland\/\">aqui<\/a>).<br \/>\n7 &#8211; &#8220;Do modo de exist\u00eancia dos objetos t\u00e9cnicos (Simondon 2008 [1958])&#8221;, com 2.213 views (reproduzido <a href=\"https:\/\/www.laspa.slg.br\/2021\/04\/16\/do-modo-de-existencia-dos-objetos-tecnicos-simondon-2008-1958\/\">aqui<\/a>).<br \/>\n8 &#8211; &#8220;O atual e o virtual (Deleuze 1996)&#8221;, com 1.710 views (reproduzido <a href=\"https:\/\/www.laspa.slg.br\/2021\/04\/16\/o-atual-e-o-virtual-deleuze-1996\/\">aqui<\/a>).<br \/>\n9 &#8211; &#8220;Como prosseguir a tarefa de delinear associa\u00e7\u00f5es? (Latour 2006)&#8221;, com 1.630 views (reproduzido <a href=\"https:\/\/www.laspa.slg.br\/2021\/04\/16\/como-prosseguir-a-tarefa-de-delinear-associacoes-latour-2006\/\">aqui<\/a>).<br \/>\n10 &#8211; &#8220;A prop\u00f3sito de um livro sobre modos de exist\u00eancia (Latour 2012)&#8221;, com 1.596 views (reproduzido <a href=\"https:\/\/www.laspa.slg.br\/2021\/04\/15\/a-proposito-de-um-livro-sobre-modos-de-existencia-latour-2012\/\">aqui<\/a>).<\/p>\n<p>O antigo site do LaSPA n\u00e3o ser\u00e1 apagado imediatamente, mas ser\u00e1 descontinuado neste m\u00eas de abril de 2021.<\/p>\n","protected":false},"excerpt":{"rendered":"<p>Fig.01: Vis\u00e3o do cabe\u00e7alho do antigo site do LaSPA. O &#8220;tema&#8221; (&#8220;theme&#8221;) do site era chamado K2-Lite, e j\u00e1 havia sido descontinuado para novos blogs desde 2013. A imagem do cabe\u00e7alho variava randomicamente entre um conjunto de cerca de 15 imagens diferentes. O primeiro site do LaSPA foi criado na plataforma &#8220;wordpress.com&#8221; em fevereiro de 2011, com o endere\u00e7o: &#8220;sociologiassociativa.wordpress.com&#8221;. [&hellip;]<\/p>\n","protected":false},"author":2,"featured_media":0,"parent":102,"menu_order":0,"comment_status":"closed","ping_status":"closed","template":"","meta":{"footnotes":""},"class_list":["post-566","page","type-page","status-publish","hentry"],"jetpack_sharing_enabled":true,"_links":{"self":[{"href":"https:\/\/www.laspa.slg.br\/en\/wp-json\/wp\/v2\/pages\/566","targetHints":{"allow":["GET"]}}],"collection":[{"href":"https:\/\/www.laspa.slg.br\/en\/wp-json\/wp\/v2\/pages"}],"about":[{"href":"https:\/\/www.laspa.slg.br\/en\/wp-json\/wp\/v2\/types\/page"}],"author":[{"embeddable":true,"href":"https:\/\/www.laspa.slg.br\/en\/wp-json\/wp\/v2\/users\/2"}],"replies":[{"embeddable":true,"href":"https:\/\/www.laspa.slg.br\/en\/wp-json\/wp\/v2\/comments?post=566"}],"version-history":[{"count":9,"href":"https:\/\/www.laspa.slg.br\/en\/wp-json\/wp\/v2\/pages\/566\/revisions"}],"predecessor-version":[{"id":578,"href":"https:\/\/www.laspa.slg.br\/en\/wp-json\/wp\/v2\/pages\/566\/revisions\/578"}],"up":[{"embeddable":true,"href":"https:\/\/www.laspa.slg.br\/en\/wp-json\/wp\/v2\/pages\/102"}],"wp:attachment":[{"href":"https:\/\/www.laspa.slg.br\/en\/wp-json\/wp\/v2\/media?parent=566"}],"curies":[{"name":"wp","href":"https:\/\/api.w.org\/{rel}","templated":true}]}}