{"id":33,"date":"2021-04-13T14:23:45","date_gmt":"2021-04-13T14:23:45","guid":{"rendered":"https:\/\/www.laspa.slg.br\/?page_id=33"},"modified":"2026-04-06T16:12:26","modified_gmt":"2026-04-06T16:12:26","slug":"integrantes","status":"publish","type":"page","link":"https:\/\/www.laspa.slg.br\/en\/integrantes\/","title":{"rendered":"Members"},"content":{"rendered":"<p>O LaSPA \u00e9 coordenado por Pedro P. Ferreira e envolve atualmente os seguintes integrantes em n\u00edvel de Doc\u00eancia, P\u00f3s-Doutorado, Doutorado, Mestrado e Gradua\u00e7\u00e3o.<\/p>\n<table>\n<tr>\n<td width=\"110\" style=\"text-align: center; vertical-align: middle;\"><img decoding=\"async\" src=\"https:\/\/www.laspa.slg.br\/wp-content\/uploads\/2026\/03\/foto-pedro-lattes.jpg\" \/><\/td>\n<td style=\"text-align: left; vertical-align: middle;\"><strong><a href=\"https:\/\/www.pedroferreira.net.br\/\">Pedro P. Ferreira<\/a><\/strong> (coordenador) | Professor livre docente do Departamento de Sociologia do IFCH\/Unicamp | Projeto: Simondializaciones: leituras latino-americanas da sociologia transindividual de Gilbert Simondon | Doutor em Ci\u00eancias Sociais (PPGCS\/Unicamp, 2006) | Tese de Livre Doc\u00eancia: <em>Processos tecnicamente mediados de associa\u00e7\u00e3o: ensaios de Sociologia da Tecnologia<\/em> (2024).<\/td>\n<\/tr>\n<\/table>\n<h4>Docentes<\/h4>\n<table>\n<tr>\n<td width=\"110\" style=\"text-align: center; vertical-align: middle;\"><img decoding=\"async\" src=\"https:\/\/www.laspa.slg.br\/wp-content\/uploads\/2025\/12\/diego-LaSPA.jpeg\" alt=\"\" \/><\/td>\n<td style=\"text-align: left; vertical-align: middle;\"><strong><a href=\"http:\/\/lattes.cnpq.br\/4245451146205160\">Diego J. Vicentin<\/a><\/strong> | Professor livre docente do N\u00facleo Geral Comum da FCA\/Unicamp | Projeto: Para um aprofundamento da Intelig\u00eancia Artificial: estrat\u00e9gias contra a aliena\u00e7\u00e3o t\u00e9cnica | Doutor em Sociologia (PPGS\/Unicamp, 2016) | Tese de Livre Doc\u00eancia: <em>Tecnopol\u00edticas da informa\u00e7\u00e3o: virada cibern\u00e9tica, controle, modula\u00e7\u00e3o e resist\u00eancia<\/em> (2025).<\/td>\n<\/tr>\n<tr>\n<td width=\"110\" style=\"text-align: center; vertical-align: middle;\"><img decoding=\"async\" src=\"https:\/\/www.laspa.slg.br\/wp-content\/uploads\/2026\/01\/evandro-smarieri-2026-small.jpeg\" alt=\"\" \/><\/td>\n<td style=\"text-align: left; vertical-align: middle;\"><strong><a href=\"http:\/\/lattes.cnpq.br\/8142067145931010\">Evandro Smarieri<\/a><\/strong> | Docente no Col\u00e9gio Bi\u00e2ngulo (Bras\u00edlia-DF) | Doutor em Sociologia (PPGS\/Unicamp, 2025) | Tese de Doutorado: <em>Quem precisa da agricultura de precis\u00e3o? As transforma\u00e7\u00f5es digitais do agroneg\u00f3cio brasileiro<\/em> (2025).<\/td>\n<\/tr>\n<tr>\n<td width=\"110\" style=\"text-align: center; vertical-align: middle;\"><img decoding=\"async\" src=\"https:\/\/www.laspa.slg.br\/wp-content\/uploads\/2021\/04\/RSM-CROP.png\" alt=\"\" \/><\/td>\n<td style=\"text-align: left; vertical-align: middle;\"><strong><a href=\"http:\/\/lattes.cnpq.br\/9646603226938073\">Rafael da Silva Malh\u00e3o<\/a><\/strong> | Docente do Departamento de Sociologia e Pol\u00edtica da Universidade Federal de Pelotas (UFPel) | Doutor em Sociologia (PPGS\/Unicamp, 2018) | Tese de Doutorado: <em>O desempenho diferencial do capitalismo a partir do estudo de caso em design: projetar o mercado e as condi\u00e7\u00f5es para sua subvers\u00e3o<\/em> (2018).<\/td>\n<\/tr>\n<tr>\n<td width=\"110\" style=\"text-align: center; vertical-align: middle;\"><img decoding=\"async\" src=\"https:\/\/www.laspa.slg.br\/wp-content\/uploads\/2021\/05\/rainer.jpg\" alt=\"\" \/><\/td>\n<td style=\"text-align: left; vertical-align: middle;\"><strong><a href=\"http:\/\/lattes.cnpq.br\/8325254077333987\">Rainer M. Brito<\/a><\/strong> | Docente do Colegiado de Antropologia da Universidade Federal do Vale do S\u00e3o Francisco (UNIVASF &#8211; Campus S\u00e3o Raimundo Nonato) | Projeto: <a href=\"https:\/\/varia.univasf.edu.br\/\">V\u00c1RIA &#8211; artes e violas na caatinga<\/a> | Doutor em Antropologia Social (PPGAS\/UFSCar, 2019) | Tese de Doutorado: <em>Sobre o<\/em> socius <em>e as s\u00e9ries mec\u00e2nicas<\/em> (2019).<\/td>\n<\/tr>\n<tr>\n<td width=\"110\" style=\"text-align: center; vertical-align: middle;\"><img decoding=\"async\" src=\"https:\/\/www.laspa.slg.br\/wp-content\/uploads\/2024\/09\/stefano.jpeg\" alt=\"\" \/><\/td>\n<td style=\"text-align: left; vertical-align: middle;\"><strong><a href=\"http:\/\/lattes.cnpq.br\/2105634600370270\">Stefano Schiavetto<\/a><\/strong> | Docente na E.E. Otoniel Mota | Doutor em Sociologia (PPGS\/Unicamp, 2024) | Tese de Doutorado: <em>Educa\u00e7\u00e3o neoliberal, capitalismo de plataformas e tecnologias microeletr\u00f4nicas no Brasil contempor\u00e2neo<\/em> (2024).<\/td>\n<\/tr>\n<\/table>\n<h4>Doutorado<\/h4>\n<table>\n<tr>\n<td width=\"110\" style=\"text-align: center; vertical-align: middle;\"><img decoding=\"async\" src=\"https:\/\/www.laspa.slg.br\/wp-content\/uploads\/2024\/02\/arthur-1517537423444.jpeg\" alt=\"\" \/><\/td>\n<td style=\"text-align: left; vertical-align: middle;\"><strong><a href=\"http:\/\/lattes.cnpq.br\/4086282223806951\">Arthur Prando do Prado<\/a><\/strong> | Doutorando em Ci\u00eancias Sociais (PPGCS\/Unicamp) | Projeto: Treino e improviso no Jazz: o fazer musical como intera\u00e7\u00e3o social (CAPES).<\/td>\n<\/tr>\n<tr>\n<td width=\"110\" style=\"text-align: center; vertical-align: middle;\"><img decoding=\"async\" src=\"https:\/\/www.laspa.slg.br\/wp-content\/uploads\/2026\/04\/foto-elena-laspa.jpeg\" alt=\"\" \/><\/td>\n<td style=\"text-align: left; vertical-align: middle;\"><strong><a href=\"http:\/\/lattes.cnpq.br\/9022915766614888\">Elena de Medeiros Batista<\/a><\/strong> | Doutoranda em Antropologia Social (PPGAS\/Unicamp) | Projeto: A vida social dos pl\u00e1sticos: uma etnografia na Praia do Porto da Barra, em Salvador, Bahia (CAPES).<\/td>\n<\/tr>\n<tr>\n<td width=\"110\" style=\"text-align: center; vertical-align: middle;\"><img decoding=\"async\" src=\"https:\/\/www.laspa.slg.br\/wp-content\/uploads\/2021\/04\/fabiano.png\" alt=\"\" \/><\/td>\n<td style=\"text-align: left; vertical-align: middle;\"><strong><a href=\"http:\/\/lattes.cnpq.br\/4236358489758419\">Fabiano G. Faleiros<\/a><\/strong> | Doutorando em Ci\u00eancias Sociais (PPGCS\/Unicamp) | Projeto: Seriam as prote\u00ednas empreendedoras? Problemas e perspectivas sobre o processo de naturaliza\u00e7\u00e3o de comportamentos e valores neoliberais pelas an\u00e1lises de rede (CAPES).<\/td>\n<\/tr>\n<tr>\n<td width=\"110\" style=\"text-align: center; vertical-align: middle;\"><img decoding=\"async\" src=\"https:\/\/www.laspa.slg.br\/wp-content\/uploads\/2024\/08\/GABRIEL-ESCADA.jpg\" alt=\"\" \/><\/td>\n<td style=\"text-align: left; vertical-align: middle;\"><strong><a href=\"http:\/\/lattes.cnpq.br\/0880535696299189\">Gabriel S. Escada<\/a><\/strong> | Doutorando em Hist\u00f3ria Econ\u00f4mica (PPGDE\/IE\/Unicamp) | Projeto: A emerg\u00eancia da cibern\u00e9tica na hist\u00f3ria contempor\u00e2nea: a <em>assemblage<\/em> como m\u00e9todo historiogr\u00e1fico (CAPES).<\/td>\n<\/tr>\n<tr>\n<td width=\"110\" style=\"text-align: center; vertical-align: middle;\"><img decoding=\"async\" src=\"https:\/\/www.laspa.slg.br\/wp-content\/uploads\/2024\/02\/levio-especial-equipeinb-por-levio-scattolini-dialogosinb.webp\" alt=\"\" \/><\/td>\n<td style=\"text-align: left; vertical-align: middle;\"><strong><a href=\"http:\/\/lattes.cnpq.br\/1187413460217607\">L\u00e9vio O. Scattolini Junior<\/a><\/strong> | Doutorando em Sociologia (PPGS\/Unicamp) | Projeto: Criptocapital: a nova economia pol\u00edtica.<\/td>\n<\/tr>\n<tr>\n<td width=\"110\" style=\"text-align: center; vertical-align: middle;\"><img decoding=\"async\" src=\"https:\/\/www.laspa.slg.br\/wp-content\/uploads\/2026\/04\/foto-mario-laspa.jpg\" alt=\"\" \/><\/td>\n<td style=\"text-align: left; vertical-align: middle;\"><strong><a href=\"http:\/\/lattes.cnpq.br\/1655854469518856\">M\u00e1rio A.P. Carneiro<\/a><\/strong> | Doutorando em Ci\u00eancias Sociais (PPGCS\/Unicamp) | Projeto: Ra\u00e7a e Games: o dispositivo de racialidade nos jogos digitais (CAPES).<\/td>\n<\/tr>\n<tr>\n<td width=\"110\" style=\"text-align: center; vertical-align: middle;\"><img decoding=\"async\" src=\"https:\/\/rafaelgoncalves.gitlab.io\/static\/profile-e8c28905a9d38cc1a91947a8757ff974.png\" alt=\"\" \/><\/td>\n<td style=\"text-align: left; vertical-align: middle;\"><strong><a href=\"https:\/\/rafaelg.net.br\/\">Rafael Gon\u00e7alves<\/a><\/strong> | Doutorando em Ci\u00eancias Sociais (PPGCS\/Unicamp) | Projeto: Descolonizar o digital: o Baob\u00e1xia como um caso de alternativa \u00e0 tecnologia dominante (CAPES).<\/td>\n<\/tr>\n<\/table>\n<h4>Mestrado<\/h4>\n<table>\n<tr>\n<td width=\"110\" style=\"text-align: center; vertical-align: middle;\"><img decoding=\"async\" src=\"https:\/\/www.laspa.slg.br\/wp-content\/uploads\/2024\/02\/giordanno-1610561606717.jpeg\" alt=\"\" \/><\/td>\n<td style=\"text-align: left; vertical-align: middle;\"><strong><a href=\"http:\/\/lattes.cnpq.br\/0649466625222228\">Giordanno O. Padovan<\/a><\/strong> | Mestrando em Antropologia Social (PPGAS\/Unicamp) | Projeto: Formigas cultivadoras de fungos: no\u00e7\u00f5es de cultivo, agricultura e domestica\u00e7\u00e3o entre mirmecologia e etnologia amer\u00edndia (CAPES)<\/td>\n<\/tr>\n<tr>\n<td width=\"110\" style=\"text-align: center; vertical-align: middle;\"><img decoding=\"async\" src=\"https:\/\/www.laspa.slg.br\/wp-content\/uploads\/2024\/02\/Lucas.jpg\" alt=\"\" \/><\/td>\n<td style=\"text-align: left; vertical-align: middle;\"><strong><a href=\"http:\/\/lattes.cnpq.br\/0778717798947915\">Lucas N. Massarotto<\/a><\/strong> | Mestrando em Sociologia (PPGS\/Unicamp) | Projeto: Plataformas digitais e o trabalho docente, o que realmente mudou? Uma an\u00e1lise nas Escolas Estaduais de Campinas (CAPES).<\/td>\n<\/tr>\n<\/table>\n<h4>Others<\/h4>\n<table>\n<tr>\n<td width=\"110\" style=\"text-align: center; vertical-align: middle;\"><img decoding=\"async\" src=\"https:\/\/www.laspa.slg.br\/wp-content\/uploads\/2024\/08\/paulo-dantas-pita-krop.jpg\" alt=\"\" \/><\/td>\n<td style=\"text-align: left; vertical-align: middle;\"><strong><a href=\"http:\/\/lattes.cnpq.br\/8318970070244975\">Paulo H.D. Pita<\/a><\/strong> | Soci\u00f3logo na Superintend\u00eancia de Desenvolvimento Agr\u00e1rio da Bahia (SDA\/SDR) | Doutor em Sociologia (PPGS\/Unicamp, 2025) | Tese de Doutorado: <em>A caixa de Pandora da terra: enquadramentos midi\u00e1ticos e p\u00e2nico moral na cobertura da quest\u00e3o agr\u00e1ria pelo jornal O Estado de S.Paulo (1984-2014)<\/em> (2025).<\/td>\n<\/tr>\n<tr>\n<td width=\"110\" style=\"text-align: center; vertical-align: middle;\"><img decoding=\"async\" src=\"https:\/\/www.laspa.slg.br\/wp-content\/uploads\/2026\/01\/rodrigo-sega-2026-small.jpeg\"><\/td>\n<td style=\"text-align: left; vertical-align: middle;\"><strong><a href=\"http:\/\/lattes.cnpq.br\/1375808875370802\">Rodrigo F. Sega<\/a><\/strong> | Bolsa de Jornalismo Cient\u00edfico (FAPESP) | Doutor em Sociologia (PPGS\/Unicamp, 2020) | Tese de Doutorado: <em>Produ\u00e7\u00f5es ciborgues: imigrantes brasileiras &#038; m\u00eddias sociais no Canad\u00e1<\/em> (2020).<\/td>\n<\/tr>\n<\/table>\n<h4>Ex-members<\/h4>\n<li><a href=\"http:\/\/lattes.cnpq.br\/8864216295368435\">Cristiana de Oliveira Gonzalez<\/a> (2018-2025)\n<li><a href=\"http:\/\/lattes.cnpq.br\/4506141432016157\">Gabriel H.A. Martins<\/a> (2019-2022)\n<li><a href=\"http:\/\/lattes.cnpq.br\/4172334292408331\">Giovana S. Lopes<\/a> (2021-2024)\n<li><a href=\"http:\/\/lattes.cnpq.br\/9832595926241070\">Giulia M.P. Abetini<\/a> (2020-2024)\n<li><a href=\"http:\/\/lattes.cnpq.br\/7843544573747031\">Guilherme A.L. Teixeira<\/a> (2022-2024)\n<li><a href=\"http:\/\/lattes.cnpq.br\/5444691942917119\">Mateus Vicente<\/a> (2018-2024)\n<li><a href=\"http:\/\/lattes.cnpq.br\/9703394147173844\">Patricia M. Weffort<\/a> (2022-2025)\n<li><a href=\"http:\/\/lattes.cnpq.br\/6997019171582528\">Pedro H. Ferrari de Brito<\/a> (2023-2025)\n<li><a href=\"http:\/\/lattes.cnpq.br\/1570949670231677\">Tha\u00eds G. Capovilla<\/a> (2011-2025)<br \/>\n.<\/p>","protected":false},"excerpt":{"rendered":"<p>O LaSPA \u00e9 coordenado por Pedro P. Ferreira e envolve atualmente os seguintes integrantes em n\u00edvel de Doc\u00eancia, P\u00f3s-Doutorado, Doutorado, Mestrado e Gradua\u00e7\u00e3o. Pedro P. Ferreira (coordenador) | Professor livre docente do Departamento de Sociologia do IFCH\/Unicamp | Projeto: Simondializaciones: leituras latino-americanas da sociologia transindividual de Gilbert Simondon | Doutor em Ci\u00eancias Sociais (PPGCS\/Unicamp, 2006) | Tese de Livre Doc\u00eancia: [&hellip;]<\/p>\n","protected":false},"author":2,"featured_media":0,"parent":0,"menu_order":0,"comment_status":"closed","ping_status":"closed","template":"","meta":{"footnotes":""},"class_list":["post-33","page","type-page","status-publish","hentry"],"jetpack_sharing_enabled":true,"_links":{"self":[{"href":"https:\/\/www.laspa.slg.br\/en\/wp-json\/wp\/v2\/pages\/33","targetHints":{"allow":["GET"]}}],"collection":[{"href":"https:\/\/www.laspa.slg.br\/en\/wp-json\/wp\/v2\/pages"}],"about":[{"href":"https:\/\/www.laspa.slg.br\/en\/wp-json\/wp\/v2\/types\/page"}],"author":[{"embeddable":true,"href":"https:\/\/www.laspa.slg.br\/en\/wp-json\/wp\/v2\/users\/2"}],"replies":[{"embeddable":true,"href":"https:\/\/www.laspa.slg.br\/en\/wp-json\/wp\/v2\/comments?post=33"}],"version-history":[{"count":10,"href":"https:\/\/www.laspa.slg.br\/en\/wp-json\/wp\/v2\/pages\/33\/revisions"}],"predecessor-version":[{"id":3368,"href":"https:\/\/www.laspa.slg.br\/en\/wp-json\/wp\/v2\/pages\/33\/revisions\/3368"}],"wp:attachment":[{"href":"https:\/\/www.laspa.slg.br\/en\/wp-json\/wp\/v2\/media?parent=33"}],"curies":[{"name":"wp","href":"https:\/\/api.w.org\/{rel}","templated":true}]}}