{"id":2746,"date":"2025-03-04T19:21:38","date_gmt":"2025-03-04T19:21:38","guid":{"rendered":"https:\/\/www.laspa.slg.br\/?page_id=2746"},"modified":"2025-09-11T00:40:06","modified_gmt":"2025-09-11T00:40:06","slug":"recalculando-o-suicidio","status":"publish","type":"page","link":"https:\/\/www.laspa.slg.br\/en\/projetos\/recalculando-o-suicidio\/","title":{"rendered":"Recalculando <em>O suic\u00eddio<\/em>"},"content":{"rendered":"<p>RESUMO SBS 2025<br \/>\n<a href=\"https:\/\/www.laspa.slg.br\/wp-content\/uploads\/2025\/03\/FERREIRA-e-DIAS-2025-SBS-FINAL.pdf\">SBS2025<\/a><br \/>\nAPRESENTA\u00c7\u00c3O SBS 2025<br \/>\n<a href=\"https:\/\/www.laspa.slg.br\/wp-content\/uploads\/2025\/07\/SBS-2025-apresentacao-final-REDUX.pdf\">SBS 2025 apresentacao final REDUX.pdf<\/a><br \/>\nTEXTO APRESENTA\u00c7\u00c3O SBS 2025<br \/>\n<a href=\"https:\/\/www.laspa.slg.br\/wp-content\/uploads\/2025\/07\/SBS-2025-apresentacao-texto.pdf\">SBS 2025 &#8211; apresentacao texto.pdf<\/a><\/p>\n<h1>1897<\/h1>\n<p><img decoding=\"async\" src=\"https:\/\/www.laspa.slg.br\/wp-content\/uploads\/2025\/03\/DURKHEIM_1897_Le-suicide_Tableau-II.png\" alt=\"\" \/><br \/>\nDURKHEIM, \u00c9mile. 1897. <em>Le suicide: \u00e9tude de sociologie<\/em>. Paris: F\u00e9lix Alcan, p.12. [Original em franc\u00eas]<\/p>\n<h1>1928<\/h1>\n<p><img decoding=\"async\" src=\"https:\/\/www.laspa.slg.br\/wp-content\/uploads\/2025\/03\/DURKHEIM_1928_El-suicidio_Quadro-II.png\" alt=\"\" \/><br \/>\nDURKHEIM, \u00c9mile. 1928. <em>El suicidio: estudio de sociolog\u00eda<\/em>. (Trad.: Mariano Ruiz-Funes) Madrid: Editorial Reus, p.12. [Espanhol]<\/p>\n<h1>1951<\/h1>\n<p><img decoding=\"async\" src=\"https:\/\/www.laspa.slg.br\/wp-content\/uploads\/2025\/03\/DURKHEIM_1951_Suicide-S_Quadro-II.png\" alt=\"\" \/><br \/>\nDURKHEIM, \u00c9mile. 1951. <em>Suicide: a study in sociology<\/em>. (Trads.: John A. Spaulding; George Simpson) Glencoe: The Free Press, p.49. [Ingl\u00eas]<\/p>\n<h1>1971<\/h1>\n<p><img decoding=\"async\" src=\"https:\/\/www.laspa.slg.br\/wp-content\/uploads\/2025\/03\/DURKHEIM_1971_El-suicidio_Quadro-II.png\" alt=\"\" \/><br \/>\nDURKHEIM, \u00c9mile. 1971 [1965]. <em>El suicidio: estudio de sociolog\u00eda<\/em>. (Trad.: Lucila Gibaja) Buenos Aires: Schapire Editor, p.18-9. [Espanhol]<\/p>\n<h1>1977<\/h1>\n<p><img decoding=\"async\" src=\"https:\/\/www.laspa.slg.br\/wp-content\/uploads\/2025\/03\/DURKHEIM_1977_O-suicidio_Quadro-II.png\" alt=\"\" \/><br \/>\nDURKHEIM, \u00c9mile. 1977. <em>O suic\u00eddio: estudo sociol\u00f3gico<\/em>. (Trads.: Luz Cary; Margarida Garrido; J. Vasconcelos Esteves) Portugal\/Brasil: Editorial Presen\u00e7a\/Livraria Martins Fontes, p.18-9. [Portugu\u00eas brasileiro]<\/p>\n<h1>1982<\/h1>\n<p><img decoding=\"async\" src=\"https:\/\/www.laspa.slg.br\/wp-content\/uploads\/2025\/03\/DURKHEIM_1982_O-suicidio_Quadro-II.png\" alt=\"\" \/><br \/>\nDURKHEIM, \u00c9mile. 1982. <em>O suic\u00eddio: estudo sociol\u00f3gico<\/em>. (Trad.: Nathanael C. Caixeiro). Rio de Janeiro: Zahar, p.21. [Portugu\u00eas brasileiro]<\/p>\n<h1>1990<\/h1>\n<p><img decoding=\"async\" src=\"https:\/\/www.laspa.slg.br\/wp-content\/uploads\/2025\/03\/DURKHEIM_1990_Le-suicide_Quadro-II.png\" alt=\"\" \/><br \/>\nDURKHEIM, \u00c9mile. 1990 [1930]. <em>Le suicide: \u00e9tude de sociologie<\/em>. Paris: Quadrige\/PUF, p.12.<\/p>\n<h1>1995<\/h1>\n<p><img decoding=\"async\" src=\"https:\/\/www.laspa.slg.br\/wp-content\/uploads\/2025\/03\/DURKHEIM_1995_El-suicidio_Book-Mexico-Quadro-II.png\" alt=\"\" \/><br \/>\nDURKHEIM, \u00c9mile. 1995. <em>El suicidio<\/em>. M\u00e9xico D.F.: Ediciones Coyoac\u00e1n, p.21. [Espanhol]<\/p>\n<h1>2000<\/h1>\n<p><img decoding=\"async\" src=\"https:\/\/www.laspa.slg.br\/wp-content\/uploads\/2025\/03\/DURKHEIM_2000_O-suicidio-S_Quadro-II.png\" alt=\"\" \/><br \/>\nDURKHEIM, \u00c9mile. 2000. <em>O suic\u00eddio: estudo de sociologia<\/em>. (Trad.: Monica Stahel) S\u00e3o Paulo: Martins Fontes, p.21. [Portugu\u00eas brasileiro]<\/p>\n<h1>2002<\/h1>\n<p><img decoding=\"async\" src=\"https:\/\/www.laspa.slg.br\/wp-content\/uploads\/2025\/03\/DURKHEIM_2002_Suicide-S_Quadro-II-AeB.png\" alt=\"\" \/><br \/>\n<img decoding=\"async\" src=\"https:\/\/www.laspa.slg.br\/wp-content\/uploads\/2025\/03\/DURKHEIM_2002_Suicide-S_Quadro-II-C.png\" alt=\"\" \/><br \/>\nDURKHEIM, \u00c9mile. 2002. <em>Suicide: a study in sociology<\/em>. (Trads.: John A. Spaulding; George Simpson) London: Routledge, p.xlviii-xlix. [Ingl\u00eas]<\/p>\n<h1>2005<\/h1>\n<p><img decoding=\"async\" src=\"https:\/\/www.laspa.slg.br\/wp-content\/uploads\/2025\/03\/DURKHEIM_2005_O-suicidio_Quadro-II.png\" alt=\"\" \/><br \/>\nDURKHEIM, \u00c9mile. 2005. <em>O suic\u00eddio<\/em>. (Trad.: Alex Marins) S\u00e3o Paulo: Martin Claret, p.21. [Portugu\u00eas brasileiro]<\/p>\n<h1>2007<\/h1>\n<p><img decoding=\"async\" src=\"https:\/\/www.laspa.slg.br\/wp-content\/uploads\/2025\/03\/DURKHEIM_2007_Il-suicidio_Quadro-II-A.png\" alt=\"\" \/><br \/>\n<img decoding=\"async\" src=\"https:\/\/www.laspa.slg.br\/wp-content\/uploads\/2025\/03\/DURKHEIM_2007_Il-suicidio_Quadro-II-BeC.png\" alt=\"\" \/><br \/>\nDURKHEIM, \u00c9mile. 2007. <em>Il suicidio: studio di sociologia<\/em>. (Trad.: Rosantonietta Scramaglia) Milano: BUR. [Italiano]<\/p>\n<h1>2007<\/h1>\n<p><img decoding=\"async\" src=\"https:\/\/www.laspa.slg.br\/wp-content\/uploads\/2025\/03\/DURKHEIM_2007_Despre-sinucidere_Quadro-II.png\" alt=\"\" \/><br \/>\nDURKHEIM, \u00c9mile. 2007. <em>Despre sinucidere<\/em>. (Trad.: Mihaela Calcan) Iasi: Institutul European, p.20. [Romeno]<\/p>\n<h1>2012<\/h1>\n<p><img decoding=\"async\" src=\"https:\/\/www.laspa.slg.br\/wp-content\/uploads\/2025\/03\/DURKHEIM_2012_El-suicidio_Quadro-II-A.png\" alt=\"\" \/><br \/>\n<img decoding=\"async\" src=\"https:\/\/www.laspa.slg.br\/wp-content\/uploads\/2025\/03\/DURKHEIM_2012_El-suicidio_Quadro-II-B.png\" alt=\"\" \/><br \/>\n<img decoding=\"async\" src=\"https:\/\/www.laspa.slg.br\/wp-content\/uploads\/2025\/03\/DURKHEIM_2012_El-suicidio_Quadro-II-C.png\" alt=\"\" \/><br \/>\nDURKHEIM, \u00c9mile. 2012. <em>El suicidio: un estudio de sociolog\u00eda<\/em>. (Trad.: Sandra C. Mart\u00ednez) Madrid: Ediciones Akal, p.18-20. [Espanhol]<\/p>\n<h1>2013<\/h1>\n<p><img decoding=\"async\" src=\"https:\/\/www.laspa.slg.br\/wp-content\/uploads\/2025\/03\/DURKHEIM_2013_Opere_Quadro-II.png\" alt=\"\" \/><br \/>\nDURKHEIM, \u00c9mile. 2013. Il suicidio. In: <em>Opere<\/em>. (Trad.: Marie-Jos\u00e9 C. Tosi) Torino: UTET, p.63. [Italiano]<\/p>\n<h1>2014<\/h1>\n<p><img decoding=\"async\" src=\"https:\/\/www.laspa.slg.br\/wp-content\/uploads\/2025\/09\/Durkheim-USP-Ester.png\" alt=\"\" \/><br \/>\nDURKHEIM, \u00c9mile. 2014. O suic\u00eddio: estudo de sociologia. (Trad.: Andr\u00e9a S.M. da Silva) S\u00e3o Paulo: Edipro, p.22.[Portugu\u00eas brasileiro]<\/p>\n<h1>2016<\/h1>\n<p><img decoding=\"async\" src=\"https:\/\/www.laspa.slg.br\/wp-content\/uploads\/2025\/03\/DURKHEIM_2016_El-suicidio_Quadro-II.png\" alt=\"\" \/><br \/>\nDURKHEIM, \u00c9mile. 2016. <em>El suicidio: un estudio de sociolog\u00eda<\/em>. (Trad.: Sandra C. Mart\u00ednez) Titivillus. [Espanhol]<\/p>\n","protected":false},"excerpt":{"rendered":"<p>RESUMO SBS 2025 SBS2025 APRESENTA\u00c7\u00c3O SBS 2025 SBS 2025 apresentacao final REDUX.pdf TEXTO APRESENTA\u00c7\u00c3O SBS 2025 SBS 2025 &#8211; apresentacao texto.pdf 1897 DURKHEIM, \u00c9mile. 1897. Le suicide: \u00e9tude de sociologie. Paris: F\u00e9lix Alcan, p.12. [Original em franc\u00eas] 1928 DURKHEIM, \u00c9mile. 1928. El suicidio: estudio de sociolog\u00eda. (Trad.: Mariano Ruiz-Funes) Madrid: Editorial Reus, p.12. [Espanhol] 1951 DURKHEIM, \u00c9mile. 1951. Suicide: a [&hellip;]<\/p>\n","protected":false},"author":2,"featured_media":0,"parent":124,"menu_order":0,"comment_status":"closed","ping_status":"closed","template":"","meta":{"footnotes":""},"class_list":["post-2746","page","type-page","status-publish","hentry"],"jetpack_sharing_enabled":true,"_links":{"self":[{"href":"https:\/\/www.laspa.slg.br\/en\/wp-json\/wp\/v2\/pages\/2746","targetHints":{"allow":["GET"]}}],"collection":[{"href":"https:\/\/www.laspa.slg.br\/en\/wp-json\/wp\/v2\/pages"}],"about":[{"href":"https:\/\/www.laspa.slg.br\/en\/wp-json\/wp\/v2\/types\/page"}],"author":[{"embeddable":true,"href":"https:\/\/www.laspa.slg.br\/en\/wp-json\/wp\/v2\/users\/2"}],"replies":[{"embeddable":true,"href":"https:\/\/www.laspa.slg.br\/en\/wp-json\/wp\/v2\/comments?post=2746"}],"version-history":[{"count":10,"href":"https:\/\/www.laspa.slg.br\/en\/wp-json\/wp\/v2\/pages\/2746\/revisions"}],"predecessor-version":[{"id":3019,"href":"https:\/\/www.laspa.slg.br\/en\/wp-json\/wp\/v2\/pages\/2746\/revisions\/3019"}],"up":[{"embeddable":true,"href":"https:\/\/www.laspa.slg.br\/en\/wp-json\/wp\/v2\/pages\/124"}],"wp:attachment":[{"href":"https:\/\/www.laspa.slg.br\/en\/wp-json\/wp\/v2\/media?parent=2746"}],"curies":[{"name":"wp","href":"https:\/\/api.w.org\/{rel}","templated":true}]}}