{"id":2282,"date":"2024-02-04T17:30:45","date_gmt":"2024-02-04T17:30:45","guid":{"rendered":"https:\/\/www.laspa.slg.br\/?page_id=2282"},"modified":"2024-02-04T17:30:45","modified_gmt":"2024-02-04T17:30:45","slug":"hidrogenio-carbono-nitrogenio-oxigenio-e-calcio-em-white-1949","status":"publish","type":"page","link":"https:\/\/www.laspa.slg.br\/en\/projetos\/a-agencia-social-dos-elementos-quimicos\/levantamentos-da-presenca-de-elementos-quimicos-em-livros\/hidrogenio-carbono-nitrogenio-oxigenio-e-calcio-em-white-1949\/","title":{"rendered":"Hidrog\u00eanio, carbono, nitrog\u00eanio, oxig\u00eanio e c\u00e1lcio em White (1949)"},"content":{"rendered":"<p>Even a casual inspection of our three categories reveals the fact that biological and cultural phenomena are but particular kinds of organization of events in the inanimate, and the biological and physical categories, respectively. Thus, a plant or an animal is but a peculiar form of organization of <strong>carbon<\/strong>, <strong>oxygen<\/strong>, <em>calcium<\/em>, etc. Likewise a cultural phenomenon is but a manifestation of biological (human beings) and inanimate phenomena organized in a special manner. Thus events on the biologic level (for levels, or strata, are what these categories are in reality) can be dealt with in terms of inanimate phenomena: a plant or animal is so much <strong>carbon<\/strong>, <em>nitrogen<\/em>, <strong>hydrogen<\/strong>; it has weight, will fall as a rock, may be frozen, transformed by fire, and so on. Similarly, a cultural event\u2014a man taking a Christian oath of office\u2014may be dealt with in terms of his gestures, vocal and manual, and these, in turn, to- gether with the book upon which the oath is taken, can be treated in terms of acoustics, mechanics, physical and chemical properties of the Bible, and so on. (White 1949:16)<\/p>\n<p>WHITE, Leslie. 1949. <em>The science of culture: a study of man and civilization<\/em>. New York: Grove Press.<\/p>","protected":false},"excerpt":{"rendered":"<p>Even a casual inspection of our three categories reveals the fact that biological and cultural phenomena are but particular kinds of organization of events in the inanimate, and the biological and physical categories, respectively. Thus, a plant or an animal is but a peculiar form of organization of carbon, oxygen, calcium, etc. Likewise a cultural phenomenon is but a manifestation [&hellip;]<\/p>\n","protected":false},"author":2,"featured_media":0,"parent":1212,"menu_order":0,"comment_status":"closed","ping_status":"closed","template":"","meta":{"footnotes":""},"class_list":["post-2282","page","type-page","status-publish","hentry"],"jetpack_sharing_enabled":true,"_links":{"self":[{"href":"https:\/\/www.laspa.slg.br\/en\/wp-json\/wp\/v2\/pages\/2282","targetHints":{"allow":["GET"]}}],"collection":[{"href":"https:\/\/www.laspa.slg.br\/en\/wp-json\/wp\/v2\/pages"}],"about":[{"href":"https:\/\/www.laspa.slg.br\/en\/wp-json\/wp\/v2\/types\/page"}],"author":[{"embeddable":true,"href":"https:\/\/www.laspa.slg.br\/en\/wp-json\/wp\/v2\/users\/2"}],"replies":[{"embeddable":true,"href":"https:\/\/www.laspa.slg.br\/en\/wp-json\/wp\/v2\/comments?post=2282"}],"version-history":[{"count":1,"href":"https:\/\/www.laspa.slg.br\/en\/wp-json\/wp\/v2\/pages\/2282\/revisions"}],"predecessor-version":[{"id":2283,"href":"https:\/\/www.laspa.slg.br\/en\/wp-json\/wp\/v2\/pages\/2282\/revisions\/2283"}],"up":[{"embeddable":true,"href":"https:\/\/www.laspa.slg.br\/en\/wp-json\/wp\/v2\/pages\/1212"}],"wp:attachment":[{"href":"https:\/\/www.laspa.slg.br\/en\/wp-json\/wp\/v2\/media?parent=2282"}],"curies":[{"name":"wp","href":"https:\/\/api.w.org\/{rel}","templated":true}]}}