{"id":2195,"date":"2024-02-03T20:36:45","date_gmt":"2024-02-03T20:36:45","guid":{"rendered":"https:\/\/www.laspa.slg.br\/?page_id=2195"},"modified":"2024-02-03T20:36:45","modified_gmt":"2024-02-03T20:36:45","slug":"hidrogenio-carbono-nitrogenio-oxigenio-e-enxofre-em-steiner-2007","status":"publish","type":"page","link":"https:\/\/www.laspa.slg.br\/en\/projetos\/a-agencia-social-dos-elementos-quimicos\/levantamentos-da-presenca-de-elementos-quimicos-em-livros\/hidrogenio-carbono-nitrogenio-oxigenio-e-enxofre-em-steiner-2007\/","title":{"rendered":"Hidrog\u00eanio, carbono, nitrog\u00eanio, oxig\u00eanio e enxofre em Steiner (2007)"},"content":{"rendered":"<p><strong>Nitrogen<\/strong>, as she works in the life of Nature, has so to speak four sisters, whose working we must learn to know at the same time if we would understand the functions and significance of <strong>nitrogen<\/strong> herself in Nature&#8217;s so-called household. The four sisters of <strong>nitrogen<\/strong> are those that are united with her in plant and animal protein, in a way that is not yet clear to the outer science of to-day. I mean the four sisters, <strong>carbon<\/strong>, <strong>oxygen<\/strong>, <strong>hydrogen<\/strong> and <strong>sulphur<\/strong>. (Steiner 2007:22)<\/p>\n<p>To know the full significance of protein it will not suffice us to enumerate as its main ingredients <strong>hydrogen<\/strong>, <strong>oxygen<\/strong>, <strong>nitrogen<\/strong> and <strong>carbon<\/strong>. We must include another substance, of the profoundest importance for protein, and that is <strong>sulphur<\/strong>. <strong>Sulphur<\/strong> in protein is the very element which acts as mediator between the Spiritual that is spread throughout the Universe \u2014 the formative power of the Spiritual \u2014 and the physical. (Steiner 2007:22)<\/p>\n<p>Seeing that <strong>sulphur<\/strong>&#8216;s activity in the economy of Nature is so very fine and delicate, we shall, however, best approach it by first considering the four other sisters: <strong>carbon<\/strong>, <strong>hydrogen<\/strong>, <strong>nitrogen<\/strong> and <strong>oxygen<\/strong>. These we must first learn to understand; we shall see what they signify in the whole being of the Universe. The chemist of to-day knows little of these substances. He knows what they look like when he has them in his laboratory, but he knows practically nothing of their inner significance in the working of the Cosmos as a whole. The knowledge of modern chemistry about them is scarcely more than our knowledge of a man of whose outer form we caught a glimpse as we passed by him in the street \u2014 or maybe we took a snapshot of him, and with the help of the photograph we can now call him to mind. We must learn to know the deeper essence of these substances. What science does is scarcely more than to take snapshots of them with a camera. All that is said of them in scientific books and lectures is scarcely more than that. (Steiner 2007:22)<\/p>\n<p>So then we have these five substances. They, to begin with, represent what works and weaves in the living \u2014 and in the apparently dead, which after all is only transiently dead. <strong>Sulphur<\/strong>, <strong>carbon<\/strong>, <strong>hydrogen<\/strong>, <strong>oxygen<\/strong>, <strong>nitrogen<\/strong>: each of these materials is inwardly related to a specific spiritual principle. They are therefore very different from what our modern chemists would relate. Our chemists speak only of the corpses of the substances \u2014 not of the real substances, which we must rather learn to know as sentient and living entities, with the single exception of <strong>hydrogen<\/strong>. Precisely because <strong>hydrogen<\/strong> is apparently the thinnest element \u2014 with the least atomic weight \u2014it is really the least spiritual of all. (Steiner 2007:26)<\/p>\n<p>STEINER, Rudolf. 2007. <em>The Agriculture Course<\/em>. (Trans.: George Adams) Shrewsbury: Wilding &#038; Son Ltd.<\/p>","protected":false},"excerpt":{"rendered":"<p>Nitrogen, as she works in the life of Nature, has so to speak four sisters, whose working we must learn to know at the same time if we would understand the functions and significance of nitrogen herself in Nature&#8217;s so-called household. The four sisters of nitrogen are those that are united with her in plant and animal protein, in a [&hellip;]<\/p>\n","protected":false},"author":2,"featured_media":0,"parent":1212,"menu_order":0,"comment_status":"closed","ping_status":"closed","template":"","meta":{"footnotes":""},"class_list":["post-2195","page","type-page","status-publish","hentry"],"jetpack_sharing_enabled":true,"_links":{"self":[{"href":"https:\/\/www.laspa.slg.br\/en\/wp-json\/wp\/v2\/pages\/2195","targetHints":{"allow":["GET"]}}],"collection":[{"href":"https:\/\/www.laspa.slg.br\/en\/wp-json\/wp\/v2\/pages"}],"about":[{"href":"https:\/\/www.laspa.slg.br\/en\/wp-json\/wp\/v2\/types\/page"}],"author":[{"embeddable":true,"href":"https:\/\/www.laspa.slg.br\/en\/wp-json\/wp\/v2\/users\/2"}],"replies":[{"embeddable":true,"href":"https:\/\/www.laspa.slg.br\/en\/wp-json\/wp\/v2\/comments?post=2195"}],"version-history":[{"count":1,"href":"https:\/\/www.laspa.slg.br\/en\/wp-json\/wp\/v2\/pages\/2195\/revisions"}],"predecessor-version":[{"id":2196,"href":"https:\/\/www.laspa.slg.br\/en\/wp-json\/wp\/v2\/pages\/2195\/revisions\/2196"}],"up":[{"embeddable":true,"href":"https:\/\/www.laspa.slg.br\/en\/wp-json\/wp\/v2\/pages\/1212"}],"wp:attachment":[{"href":"https:\/\/www.laspa.slg.br\/en\/wp-json\/wp\/v2\/media?parent=2195"}],"curies":[{"name":"wp","href":"https:\/\/api.w.org\/{rel}","templated":true}]}}