{"id":2181,"date":"2024-02-03T20:32:36","date_gmt":"2024-02-03T20:32:36","guid":{"rendered":"https:\/\/www.laspa.slg.br\/?page_id=2181"},"modified":"2024-02-03T20:32:36","modified_gmt":"2024-02-03T20:32:36","slug":"hidrogenio-carbono-nitrogenio-e-oxigenio-em-steiner-2007","status":"publish","type":"page","link":"https:\/\/www.laspa.slg.br\/en\/projetos\/a-agencia-social-dos-elementos-quimicos\/levantamentos-da-presenca-de-elementos-quimicos-em-livros\/hidrogenio-carbono-nitrogenio-e-oxigenio-em-steiner-2007\/","title":{"rendered":"Hidrog\u00eanio, carbono, nitrog\u00eanio e oxig\u00eanio em Steiner (2007)"},"content":{"rendered":"<p>Now let us look how the action of these so-called substances \u2014 which in reality are bearers of the Spirit \u2014 comes about in Nature. You see, that which works even inside the human being as <strong>oxygen<\/strong> and <strong>nitrogen<\/strong>, behaves itself tolerably well. There in the human being the properties of <strong>oxygen<\/strong> and <strong>nitrogen<\/strong> are living. One only does not perceive them with ordinary science, for they are hidden to outward appearance. But the products of the <strong>carbon<\/strong> and <strong>hydrogen<\/strong> principles cannot behave quite so simply. (Steiner 2007:26)<\/p>\n<p>STEINER, Rudolf. 2007. <em>The Agriculture Course<\/em>. (Trans.: George Adams) Shrewsbury: Wilding &#038; Son Ltd.<\/p>","protected":false},"excerpt":{"rendered":"<p>Now let us look how the action of these so-called substances \u2014 which in reality are bearers of the Spirit \u2014 comes about in Nature. You see, that which works even inside the human being as oxygen and nitrogen, behaves itself tolerably well. There in the human being the properties of oxygen and nitrogen are living. One only does not [&hellip;]<\/p>\n","protected":false},"author":2,"featured_media":0,"parent":1212,"menu_order":0,"comment_status":"closed","ping_status":"closed","template":"","meta":{"footnotes":""},"class_list":["post-2181","page","type-page","status-publish","hentry"],"jetpack_sharing_enabled":true,"_links":{"self":[{"href":"https:\/\/www.laspa.slg.br\/en\/wp-json\/wp\/v2\/pages\/2181","targetHints":{"allow":["GET"]}}],"collection":[{"href":"https:\/\/www.laspa.slg.br\/en\/wp-json\/wp\/v2\/pages"}],"about":[{"href":"https:\/\/www.laspa.slg.br\/en\/wp-json\/wp\/v2\/types\/page"}],"author":[{"embeddable":true,"href":"https:\/\/www.laspa.slg.br\/en\/wp-json\/wp\/v2\/users\/2"}],"replies":[{"embeddable":true,"href":"https:\/\/www.laspa.slg.br\/en\/wp-json\/wp\/v2\/comments?post=2181"}],"version-history":[{"count":1,"href":"https:\/\/www.laspa.slg.br\/en\/wp-json\/wp\/v2\/pages\/2181\/revisions"}],"predecessor-version":[{"id":2182,"href":"https:\/\/www.laspa.slg.br\/en\/wp-json\/wp\/v2\/pages\/2181\/revisions\/2182"}],"up":[{"embeddable":true,"href":"https:\/\/www.laspa.slg.br\/en\/wp-json\/wp\/v2\/pages\/1212"}],"wp:attachment":[{"href":"https:\/\/www.laspa.slg.br\/en\/wp-json\/wp\/v2\/media?parent=2181"}],"curies":[{"name":"wp","href":"https:\/\/api.w.org\/{rel}","templated":true}]}}