{"id":2173,"date":"2024-02-03T20:30:18","date_gmt":"2024-02-03T20:30:18","guid":{"rendered":"https:\/\/www.laspa.slg.br\/?page_id=2173"},"modified":"2024-02-03T20:30:18","modified_gmt":"2024-02-03T20:30:18","slug":"silicio-potassio-e-calcio-em-steiner-2007","status":"publish","type":"page","link":"https:\/\/www.laspa.slg.br\/en\/projetos\/a-agencia-social-dos-elementos-quimicos\/levantamentos-da-presenca-de-elementos-quimicos-em-livros\/silicio-potassio-e-calcio-em-steiner-2007\/","title":{"rendered":"Sil\u00edcio, pot\u00e1ssio e c\u00e1lcio em Steiner (2007)"},"content":{"rendered":"<p>Silicic acid contains <strong>silicon<\/strong> as you know, and <strong>silicon<\/strong>, too, is transmuted in the living organism \u2014 transmuted into a substance of great importance, which, however, is not yet included among the chemical elements at all. <strong>Silicon<\/strong> is transmuted. In time, we need the silicic acid to attract and draw in the cosmic properties. Now in the plant there simply must arise a clear and visible interaction between the silicic acid and the <strong>potassium<\/strong> \u2014 <em>not<\/em> the <strong>calcium<\/strong>. By the whole way in which we manure the soil, we must quicken it, so that the soil itself will aid in this relationship. (Steiner 2007:47)<\/p>\n<p>STEINER, Rudolf. 2007. <em>The Agriculture Course<\/em>. (Trans.: George Adams) Shrewsbury: Wilding &#038; Son Ltd.<\/p>","protected":false},"excerpt":{"rendered":"<p>Silicic acid contains silicon as you know, and silicon, too, is transmuted in the living organism \u2014 transmuted into a substance of great importance, which, however, is not yet included among the chemical elements at all. Silicon is transmuted. In time, we need the silicic acid to attract and draw in the cosmic properties. Now in the plant there simply [&hellip;]<\/p>\n","protected":false},"author":2,"featured_media":0,"parent":1212,"menu_order":0,"comment_status":"closed","ping_status":"closed","template":"","meta":{"footnotes":""},"class_list":["post-2173","page","type-page","status-publish","hentry"],"jetpack_sharing_enabled":true,"_links":{"self":[{"href":"https:\/\/www.laspa.slg.br\/en\/wp-json\/wp\/v2\/pages\/2173","targetHints":{"allow":["GET"]}}],"collection":[{"href":"https:\/\/www.laspa.slg.br\/en\/wp-json\/wp\/v2\/pages"}],"about":[{"href":"https:\/\/www.laspa.slg.br\/en\/wp-json\/wp\/v2\/types\/page"}],"author":[{"embeddable":true,"href":"https:\/\/www.laspa.slg.br\/en\/wp-json\/wp\/v2\/users\/2"}],"replies":[{"embeddable":true,"href":"https:\/\/www.laspa.slg.br\/en\/wp-json\/wp\/v2\/comments?post=2173"}],"version-history":[{"count":1,"href":"https:\/\/www.laspa.slg.br\/en\/wp-json\/wp\/v2\/pages\/2173\/revisions"}],"predecessor-version":[{"id":2174,"href":"https:\/\/www.laspa.slg.br\/en\/wp-json\/wp\/v2\/pages\/2173\/revisions\/2174"}],"up":[{"embeddable":true,"href":"https:\/\/www.laspa.slg.br\/en\/wp-json\/wp\/v2\/pages\/1212"}],"wp:attachment":[{"href":"https:\/\/www.laspa.slg.br\/en\/wp-json\/wp\/v2\/media?parent=2173"}],"curies":[{"name":"wp","href":"https:\/\/api.w.org\/{rel}","templated":true}]}}