{"id":2160,"date":"2024-02-03T20:26:14","date_gmt":"2024-02-03T20:26:14","guid":{"rendered":"https:\/\/www.laspa.slg.br\/?page_id=2160"},"modified":"2024-02-03T20:26:14","modified_gmt":"2024-02-03T20:26:14","slug":"hidrogenio-nitrogenio-e-oxigenio-em-steiner-2007","status":"publish","type":"page","link":"https:\/\/www.laspa.slg.br\/en\/projetos\/a-agencia-social-dos-elementos-quimicos\/levantamentos-da-presenca-de-elementos-quimicos-em-livros\/hidrogenio-nitrogenio-e-oxigenio-em-steiner-2007\/","title":{"rendered":"Hidrog\u00eanio, nitrog\u00eanio e oxig\u00eanio em Steiner (2007)"},"content":{"rendered":"<p>Even externally, in a quantitative chemical analysis as it were, the relationship between the <strong>oxygen<\/strong>&#8211;<strong>nitrogen<\/strong> connection in the air, and the limestone-<strong>hydrogen<\/strong> connection in the organic processes, might well be revealed. The fact is that under the influence of <strong>hydrogen<\/strong>, limestone and potash are constantly being transmuted into something very little <strong>nitrogen<\/strong>, and at length into actual <strong>nitrogen<\/strong>. And the <strong>nitrogen<\/strong> which is formed in this way is of the greatest benefit to plant-growth. We must enable it to be thus engendered by methods such as I have here described. (Steiner 2007:47)<\/p>\n<p>STEINER, Rudolf. 2007. <em>The Agriculture Course<\/em>. (Trans.: George Adams) Shrewsbury: Wilding &#038; Son Ltd.<\/p>","protected":false},"excerpt":{"rendered":"<p>Even externally, in a quantitative chemical analysis as it were, the relationship between the oxygen&#8211;nitrogen connection in the air, and the limestone-hydrogen connection in the organic processes, might well be revealed. The fact is that under the influence of hydrogen, limestone and potash are constantly being transmuted into something very little nitrogen, and at length into actual nitrogen. And the [&hellip;]<\/p>\n","protected":false},"author":2,"featured_media":0,"parent":1212,"menu_order":0,"comment_status":"closed","ping_status":"closed","template":"","meta":{"footnotes":""},"class_list":["post-2160","page","type-page","status-publish","hentry"],"jetpack_sharing_enabled":true,"_links":{"self":[{"href":"https:\/\/www.laspa.slg.br\/en\/wp-json\/wp\/v2\/pages\/2160","targetHints":{"allow":["GET"]}}],"collection":[{"href":"https:\/\/www.laspa.slg.br\/en\/wp-json\/wp\/v2\/pages"}],"about":[{"href":"https:\/\/www.laspa.slg.br\/en\/wp-json\/wp\/v2\/types\/page"}],"author":[{"embeddable":true,"href":"https:\/\/www.laspa.slg.br\/en\/wp-json\/wp\/v2\/users\/2"}],"replies":[{"embeddable":true,"href":"https:\/\/www.laspa.slg.br\/en\/wp-json\/wp\/v2\/comments?post=2160"}],"version-history":[{"count":2,"href":"https:\/\/www.laspa.slg.br\/en\/wp-json\/wp\/v2\/pages\/2160\/revisions"}],"predecessor-version":[{"id":2162,"href":"https:\/\/www.laspa.slg.br\/en\/wp-json\/wp\/v2\/pages\/2160\/revisions\/2162"}],"up":[{"embeddable":true,"href":"https:\/\/www.laspa.slg.br\/en\/wp-json\/wp\/v2\/pages\/1212"}],"wp:attachment":[{"href":"https:\/\/www.laspa.slg.br\/en\/wp-json\/wp\/v2\/media?parent=2160"}],"curies":[{"name":"wp","href":"https:\/\/api.w.org\/{rel}","templated":true}]}}