{"id":1932,"date":"2023-10-13T20:27:35","date_gmt":"2023-10-13T20:27:35","guid":{"rendered":"https:\/\/www.laspa.slg.br\/?page_id=1932"},"modified":"2023-10-13T20:27:35","modified_gmt":"2023-10-13T20:27:35","slug":"sodio-calcio-e-magnesio-em-braun-blanquet-1932","status":"publish","type":"page","link":"https:\/\/www.laspa.slg.br\/en\/projetos\/a-agencia-social-dos-elementos-quimicos\/levantamentos-da-presenca-de-elementos-quimicos-em-livros\/sodio-calcio-e-magnesio-em-braun-blanquet-1932\/","title":{"rendered":"S\u00f3dio, c\u00e1lcio e magn\u00e9sio em Braun-Blanquet (1932)"},"content":{"rendered":"<p>Antagonistic Effect of the lons.\u2014The classic investigations by Loeb (1906) have shown that certain salts such as <strong>sodium<\/strong> chloride, when alone, have a poisonous effect upon plants but that with the addition of <strong>magnesium<\/strong> or <strong>calcium<\/strong> the poisonous nature of the <strong>sodium<\/strong> chloride solution may be decreased or entirely neutralized. [Nota de rodap\u00e9 1: Instructive examples of the antagonistic action of different ions are also cited by Iljin (1925).] In this antagonistic action the concentration of the solutions doubtless plays an important role (see also p. 186). (Braun-Blanquet 1932:180)<\/p>\n<p>The sulphates occur mostly as <strong>sodium<\/strong> sulphate, Na<sub>2<\/sub>SO<sub>4<\/sub>, or as <strong>magnesium<\/strong> sulphate, MgSO<sub>4<\/sub>; <strong>calcium<\/strong> sulphate, CaSO<sub>4<\/sub>, occurs more rarely, and sometimes the chlorides predominate.  (Braun-Blanquet 1932:201)<\/p>\n<p>BRAUN-BLANQUET, Josias. 1932. <em>Plant sociology: the study of plant communities<\/em>. (Trans.: George D. Fuller; Henry S. Conard) New York: McGraw-Hill Book Company.<\/p>\n","protected":false},"excerpt":{"rendered":"<p>Antagonistic Effect of the lons.\u2014The classic investigations by Loeb (1906) have shown that certain salts such as sodium chloride, when alone, have a poisonous effect upon plants but that with the addition of magnesium or calcium the poisonous nature of the sodium chloride solution may be decreased or entirely neutralized. [Nota de rodap\u00e9 1: Instructive examples of the antagonistic action [&hellip;]<\/p>\n","protected":false},"author":2,"featured_media":0,"parent":1212,"menu_order":0,"comment_status":"closed","ping_status":"closed","template":"","meta":{"footnotes":""},"class_list":["post-1932","page","type-page","status-publish","hentry"],"jetpack_sharing_enabled":true,"_links":{"self":[{"href":"https:\/\/www.laspa.slg.br\/en\/wp-json\/wp\/v2\/pages\/1932","targetHints":{"allow":["GET"]}}],"collection":[{"href":"https:\/\/www.laspa.slg.br\/en\/wp-json\/wp\/v2\/pages"}],"about":[{"href":"https:\/\/www.laspa.slg.br\/en\/wp-json\/wp\/v2\/types\/page"}],"author":[{"embeddable":true,"href":"https:\/\/www.laspa.slg.br\/en\/wp-json\/wp\/v2\/users\/2"}],"replies":[{"embeddable":true,"href":"https:\/\/www.laspa.slg.br\/en\/wp-json\/wp\/v2\/comments?post=1932"}],"version-history":[{"count":1,"href":"https:\/\/www.laspa.slg.br\/en\/wp-json\/wp\/v2\/pages\/1932\/revisions"}],"predecessor-version":[{"id":1933,"href":"https:\/\/www.laspa.slg.br\/en\/wp-json\/wp\/v2\/pages\/1932\/revisions\/1933"}],"up":[{"embeddable":true,"href":"https:\/\/www.laspa.slg.br\/en\/wp-json\/wp\/v2\/pages\/1212"}],"wp:attachment":[{"href":"https:\/\/www.laspa.slg.br\/en\/wp-json\/wp\/v2\/media?parent=1932"}],"curies":[{"name":"wp","href":"https:\/\/api.w.org\/{rel}","templated":true}]}}