{"id":1930,"date":"2023-10-13T20:26:52","date_gmt":"2023-10-13T20:26:52","guid":{"rendered":"https:\/\/www.laspa.slg.br\/?page_id=1930"},"modified":"2023-10-13T20:26:52","modified_gmt":"2023-10-13T20:26:52","slug":"sodio-potassio-e-calcio-em-braun-blanquet-1932","status":"publish","type":"page","link":"https:\/\/www.laspa.slg.br\/en\/projetos\/a-agencia-social-dos-elementos-quimicos\/levantamentos-da-presenca-de-elementos-quimicos-em-livros\/sodio-potassio-e-calcio-em-braun-blanquet-1932\/","title":{"rendered":"S\u00f3dio, pot\u00e1ssio e c\u00e1lcio em Braun-Blanquet (1932)"},"content":{"rendered":"<p>Ionic Exchange.\u2014The phenomena of exchange in many soils, especially significant in the study of fertilizers, are classed as \u201cionic (or basic) exchange.\u201d The various soil colloids are the carriers of the interchange, where the negative particles show basic exchange while the electropositive particles show an exchange of anions. The exchange of bases in agricultural soils has long been known but is properly interpreted only through colloid chemistry. The gels of aluminum hydroxide and silicic acid, important components of clay, bind the ions of ammonium and <strong>potassium<\/strong> more strongly than those of <strong>sodium<\/strong> and even <strong>calcium<\/strong> at certain concentrations. The latter can for this reason be displaced by the former and substituted adsorptively. While ammonium and <strong>potassium<\/strong> remain insolubly combined in the soil, the dissolved <strong>sodium<\/strong> and <strong>calcium<\/strong> ions flow away, and the soil is decalcified by the addition of <strong>potassium<\/strong>. Similar phenomena of exchange also occur in natural soils and are of the greatest importance to the development of vegetation. Jenny (1926) explains the leaching of the rendzina soils of the Alps and their transformation into podsol and alpine humus soils, from the viewpoint of base exchange. The H [164] ions displace the cations on adsorbed humus and clay colloids of the rendzina soil according to the following graphic formula: (Braun-Blanquet 1932:163-4)<\/p>\n<p>BRAUN-BLANQUET, Josias. 1932. <em>Plant sociology: the study of plant communities<\/em>. (Trans.: George D. Fuller; Henry S. Conard) New York: McGraw-Hill Book Company.<\/p>\n","protected":false},"excerpt":{"rendered":"<p>Ionic Exchange.\u2014The phenomena of exchange in many soils, especially significant in the study of fertilizers, are classed as \u201cionic (or basic) exchange.\u201d The various soil colloids are the carriers of the interchange, where the negative particles show basic exchange while the electropositive particles show an exchange of anions. The exchange of bases in agricultural soils has long been known but [&hellip;]<\/p>\n","protected":false},"author":2,"featured_media":0,"parent":1212,"menu_order":0,"comment_status":"closed","ping_status":"closed","template":"","meta":{"footnotes":""},"class_list":["post-1930","page","type-page","status-publish","hentry"],"jetpack_sharing_enabled":true,"_links":{"self":[{"href":"https:\/\/www.laspa.slg.br\/en\/wp-json\/wp\/v2\/pages\/1930","targetHints":{"allow":["GET"]}}],"collection":[{"href":"https:\/\/www.laspa.slg.br\/en\/wp-json\/wp\/v2\/pages"}],"about":[{"href":"https:\/\/www.laspa.slg.br\/en\/wp-json\/wp\/v2\/types\/page"}],"author":[{"embeddable":true,"href":"https:\/\/www.laspa.slg.br\/en\/wp-json\/wp\/v2\/users\/2"}],"replies":[{"embeddable":true,"href":"https:\/\/www.laspa.slg.br\/en\/wp-json\/wp\/v2\/comments?post=1930"}],"version-history":[{"count":1,"href":"https:\/\/www.laspa.slg.br\/en\/wp-json\/wp\/v2\/pages\/1930\/revisions"}],"predecessor-version":[{"id":1931,"href":"https:\/\/www.laspa.slg.br\/en\/wp-json\/wp\/v2\/pages\/1930\/revisions\/1931"}],"up":[{"embeddable":true,"href":"https:\/\/www.laspa.slg.br\/en\/wp-json\/wp\/v2\/pages\/1212"}],"wp:attachment":[{"href":"https:\/\/www.laspa.slg.br\/en\/wp-json\/wp\/v2\/media?parent=1930"}],"curies":[{"name":"wp","href":"https:\/\/api.w.org\/{rel}","templated":true}]}}