{"id":1726,"date":"2023-09-19T18:25:00","date_gmt":"2023-09-19T18:25:00","guid":{"rendered":"https:\/\/www.laspa.slg.br\/?page_id=1726"},"modified":"2023-09-19T18:25:00","modified_gmt":"2023-09-19T18:25:00","slug":"ouro-em-levi-strauss-2008-1958","status":"publish","type":"page","link":"https:\/\/www.laspa.slg.br\/en\/projetos\/a-agencia-social-dos-elementos-quimicos\/levantamentos-da-presenca-de-elementos-quimicos-em-livros\/ouro-em-levi-strauss-2008-1958\/","title":{"rendered":"Ouro em L\u00e9vi-Strauss (2008 [1958])"},"content":{"rendered":"<p>A resposta \u00e9 simples demais. Entre as grandes civiliza\u00e7\u00f5es do planalto e os b\u00e1rbaros do cerrado certamente houve contato: interc\u00e2mbios comerciais, reconhecimentos militares, escaramu\u00e7as de fronteira. Os ind\u00edgenas do Chaco sabiam da exist\u00eancia dos Inca e descreviam para os primeiros viajantes, por ouvirem dizer, seu prestigioso reino. Orellana encontrou objetos de <strong>ouro<\/strong> no m\u00e9dio Amazonas, e machados de metal de proveni\u00eancia peruana foram desenterrados at\u00e9 no litoral de S\u00e3o Paulo. Contudo, o ritmo extremamente acelerado de expans\u00e3o e decl\u00ednio das civiliza\u00e7\u00f5es andinas n\u00e3o pode ter permitido mais do que encontros espor\u00e1dicos e de curta dura\u00e7\u00e3o. Por outro lado, a organiza\u00e7\u00e3o social dos Astecas e dos Incas chegou at\u00e9 n\u00f3s por interm\u00e9dio de descri\u00e7\u00f5es de conquistadores encantados com a pr\u00f3pria descoberta, com um car\u00e1ter sistem\u00e1tico que certamente n\u00e3o possu\u00edam. Em ambos os casos, estamos diante do encontro ef\u00eamero de culturas muito diversas, em muitos casos bastante antigas e heterog\u00eaneas. O fato de uma determinada tribo entre tantas outras ter ocupado temporariamente um lugar proeminente n\u00e3o basta para nos levar \u00e0 conclus\u00e3o de que seus costumes espec\u00edficos foram adotados em toda a extens\u00e3o do territ\u00f3rio sobre o qual exerceu sua influ\u00eancia, ainda que seus dignit\u00e1rios tivessem interesse [157] em difundir tal fic\u00e7\u00e3o, sobretudo junto aos rec\u00e9m-chegados europeus. Nem no Peru nem no M\u00e9xico, jamais se tratou verdadeiramente de um imp\u00e9rio, cujo modelo os povos colonizados, clientes ou simplesmente testemunhas deslumbradas, teriam buscado reproduzir com seus humildes meios. As analogias entre altas e baixas culturas decorrem de raz\u00f5es mais profundas. (L\u00e9vi-Strauss 2012 [1958]:156-7)<\/p>\n<p>Come\u00e7aremos pelo caso dos futuros professores de antropologia. Para al\u00e9m da quest\u00e3o dos t\u00edtulos universit\u00e1rios exigidos para a doc\u00eancia (em geral, doutorado ou trabalho de n\u00edvel equivalente), ningu\u00e9m deveria pretender ensinar antropologia sem ter realizado ao menos uma pesquisa consider\u00e1vel de campo. Forneceremos mais adiante a justificativa te\u00f3rica dessa exig\u00eancia, que pode parecer exorbitante, mas n\u00e3o \u00e9. Conv\u00e9m acabar, de uma vez por todas, com a ilus\u00e3o de que se pode ensinar a antropologia no gabinete, com o aux\u00edlio de uma edi\u00e7\u00e3o completa (mais comumente, uma reduzida) do <em>Ramo de <strong>ouro<\/strong><\/em> ou outras compila\u00e7\u00f5es, quaisquer que sejam seus m\u00e9ritos intr\u00ednsecos. Aos que porventura invocassem, contra essa cl\u00e1usula, o caso de especialistas ilustres que jamais foram a campo (afinal, Sir James Frazer respondia aos que lhe faziam essa pergunta: \u201cDeus me livre!\u201d&#8230;), lembraremos que L\u00e9vyBruhl, por exemplo, jamais ocupou uma cadeira de antropologia ou com t\u00edtulo equivalente (n\u00e3o existia nenhuma nas universidades francesas em sua \u00e9poca), e sim uma cadeira de filosofia. Nada impede que, no futuro, sejam atribu\u00eddas a te\u00f3ricos puros cadeiras pertencentes a disciplinas vizinhas da antropologia, como hist\u00f3ria das religi\u00f5es, sociologia comparada ou outras. Mas o ensino da antropologia deve ser reservado \u00e0s <em>testemunhas<\/em>. Tal atitude nada tem de audaciosa. Na verdade, \u00e9 respeitada de fato (embora nem sempre de direito) em todos os pa\u00edses em que a antropologia atingiu um certo desenvolvimento. (L\u00e9vi-Strauss 2012 [1958]:527)<\/p>\n<p>L\u00c9VI-STRAUSS, Claude. 2012 [1958]. <em>Antropologia estrutural<\/em>. (Trad.: Beatriz Perrone-Mois\u00e9s). S\u00e3o Paulo: Cosac Naify.<\/p>\n","protected":false},"excerpt":{"rendered":"<p>A resposta \u00e9 simples demais. Entre as grandes civiliza\u00e7\u00f5es do planalto e os b\u00e1rbaros do cerrado certamente houve contato: interc\u00e2mbios comerciais, reconhecimentos militares, escaramu\u00e7as de fronteira. Os ind\u00edgenas do Chaco sabiam da exist\u00eancia dos Inca e descreviam para os primeiros viajantes, por ouvirem dizer, seu prestigioso reino. Orellana encontrou objetos de ouro no m\u00e9dio Amazonas, e machados de metal de [&hellip;]<\/p>\n","protected":false},"author":2,"featured_media":0,"parent":1212,"menu_order":0,"comment_status":"closed","ping_status":"closed","template":"","meta":{"footnotes":""},"class_list":["post-1726","page","type-page","status-publish","hentry"],"jetpack_sharing_enabled":true,"_links":{"self":[{"href":"https:\/\/www.laspa.slg.br\/en\/wp-json\/wp\/v2\/pages\/1726","targetHints":{"allow":["GET"]}}],"collection":[{"href":"https:\/\/www.laspa.slg.br\/en\/wp-json\/wp\/v2\/pages"}],"about":[{"href":"https:\/\/www.laspa.slg.br\/en\/wp-json\/wp\/v2\/types\/page"}],"author":[{"embeddable":true,"href":"https:\/\/www.laspa.slg.br\/en\/wp-json\/wp\/v2\/users\/2"}],"replies":[{"embeddable":true,"href":"https:\/\/www.laspa.slg.br\/en\/wp-json\/wp\/v2\/comments?post=1726"}],"version-history":[{"count":1,"href":"https:\/\/www.laspa.slg.br\/en\/wp-json\/wp\/v2\/pages\/1726\/revisions"}],"predecessor-version":[{"id":1727,"href":"https:\/\/www.laspa.slg.br\/en\/wp-json\/wp\/v2\/pages\/1726\/revisions\/1727"}],"up":[{"embeddable":true,"href":"https:\/\/www.laspa.slg.br\/en\/wp-json\/wp\/v2\/pages\/1212"}],"wp:attachment":[{"href":"https:\/\/www.laspa.slg.br\/en\/wp-json\/wp\/v2\/media?parent=1726"}],"curies":[{"name":"wp","href":"https:\/\/api.w.org\/{rel}","templated":true}]}}