{"id":1658,"date":"2023-08-22T15:01:08","date_gmt":"2023-08-22T15:01:08","guid":{"rendered":"https:\/\/www.laspa.slg.br\/?page_id=1658"},"modified":"2023-08-22T15:01:08","modified_gmt":"2023-08-22T15:01:08","slug":"paladio-em-durkheim-20081912","status":"publish","type":"page","link":"https:\/\/www.laspa.slg.br\/en\/projetos\/a-agencia-social-dos-elementos-quimicos\/levantamentos-da-presenca-de-elementos-quimicos-em-livros\/paladio-em-durkheim-20081912\/","title":{"rendered":"Pal\u00e1dio em Durkheim (2008[1912])"},"content":{"rendered":"<p>Un premier rite de ce genre ressemble de tr\u00e8s pr\u00e8s \u00e0 ceux qui viennent d&#8217;\u00eatre \u00e9tudi\u00e9s. On se rappelle comment, chez les Arunta, chaque groupe local attribue des vertus exceptionnellement importantes \u00e0 sa collection de churinga: c&#8217;est un <strong>palladium<\/strong> collectif au sort duquel le sort m\u00eame de la collectivit\u00e9 passe pour \u00eatre li\u00e9. Aussi, quand des ennemis ou des blancs r\u00e9ussissent \u00e0 d\u00e9rober un de ces tr\u00e9sors religieux, cette perte est-elle consid\u00e9r\u00e9e comme une [383] calamit\u00e9 publique. Or ce malheur est l&#8217;occasion d&#8217;un rite qui a tous les caract\u00e8res d&#8217;un deuil: on s&#8217;enduit le corps de terre de pipe blanche et on reste au camp pendant deux semaines \u00e0 pleurer et \u00e0 se lamenter [Nota de rodap\u00e9 272: Nat. Tr., pp. 135-136]. C&#8217;est une preuve nouvelle que le deuil est d\u00e9termin\u00e9 non par la mani\u00e8re dont est con\u00e7ue l&#8217;\u00e2me du mort, mais par des causes impersonnelles, par l&#8217;\u00e9tat moral du groupe. Voil\u00e0, en effet, un rite qui, par sa structure, est indistinct du deuil proprement dit et qui, pourtant, est ind\u00e9pendant de toute notion d&#8217;esprit ou de d\u00e9mon malfaisant [Nota de rodap\u00e9 273: Sans doute, chaque churinga passe pour \u00eatre en rapports avec un anc\u00eatre. Mais ce n&#8217;est pas pour apaiser les esprits des anc\u00eatres qu&#8217;on porte le deuil des churinga perdus. Nous avons montr\u00e9 d&#8217;ailleurs (p. 173) que l&#8217;id\u00e9e d&#8217;anc\u00eatre n&#8217;est intervenue que secondairement et apr\u00e8s coup dans la notion du churinga.]. (Durkheim 2008[1912]:382-3)<\/p>\n<p>DURKHEIM, \u00c9mile. 2008[1912]. <em>Les formes \u00e9l\u00e9mentaires de la vie religieuse<\/em>. Livre 3. Chicoutimi: Les Classiques des Sciences Sociales.<\/p>\n","protected":false},"excerpt":{"rendered":"<p>Un premier rite de ce genre ressemble de tr\u00e8s pr\u00e8s \u00e0 ceux qui viennent d&#8217;\u00eatre \u00e9tudi\u00e9s. On se rappelle comment, chez les Arunta, chaque groupe local attribue des vertus exceptionnellement importantes \u00e0 sa collection de churinga: c&#8217;est un palladium collectif au sort duquel le sort m\u00eame de la collectivit\u00e9 passe pour \u00eatre li\u00e9. Aussi, quand des ennemis ou des blancs [&hellip;]<\/p>\n","protected":false},"author":2,"featured_media":0,"parent":1212,"menu_order":0,"comment_status":"closed","ping_status":"closed","template":"","meta":{"footnotes":""},"class_list":["post-1658","page","type-page","status-publish","hentry"],"jetpack_sharing_enabled":true,"_links":{"self":[{"href":"https:\/\/www.laspa.slg.br\/en\/wp-json\/wp\/v2\/pages\/1658","targetHints":{"allow":["GET"]}}],"collection":[{"href":"https:\/\/www.laspa.slg.br\/en\/wp-json\/wp\/v2\/pages"}],"about":[{"href":"https:\/\/www.laspa.slg.br\/en\/wp-json\/wp\/v2\/types\/page"}],"author":[{"embeddable":true,"href":"https:\/\/www.laspa.slg.br\/en\/wp-json\/wp\/v2\/users\/2"}],"replies":[{"embeddable":true,"href":"https:\/\/www.laspa.slg.br\/en\/wp-json\/wp\/v2\/comments?post=1658"}],"version-history":[{"count":1,"href":"https:\/\/www.laspa.slg.br\/en\/wp-json\/wp\/v2\/pages\/1658\/revisions"}],"predecessor-version":[{"id":1659,"href":"https:\/\/www.laspa.slg.br\/en\/wp-json\/wp\/v2\/pages\/1658\/revisions\/1659"}],"up":[{"embeddable":true,"href":"https:\/\/www.laspa.slg.br\/en\/wp-json\/wp\/v2\/pages\/1212"}],"wp:attachment":[{"href":"https:\/\/www.laspa.slg.br\/en\/wp-json\/wp\/v2\/media?parent=1658"}],"curies":[{"name":"wp","href":"https:\/\/api.w.org\/{rel}","templated":true}]}}