{"id":1651,"date":"2023-08-22T14:44:14","date_gmt":"2023-08-22T14:44:14","guid":{"rendered":"https:\/\/www.laspa.slg.br\/?page_id=1651"},"modified":"2023-08-22T14:44:36","modified_gmt":"2023-08-22T14:44:36","slug":"oxigenio-em-durkheim-20021893","status":"publish","type":"page","link":"https:\/\/www.laspa.slg.br\/en\/projetos\/a-agencia-social-dos-elementos-quimicos\/levantamentos-da-presenca-de-elementos-quimicos-em-livros\/oxigenio-em-durkheim-20021893\/","title":{"rendered":"Oxig\u00eanio em Durkheim (2002[1893])"},"content":{"rendered":"<p>Il importe beaucoup au contraire. C&#8217;est qu&#8217;en effet, d&#8217;une mani\u00e8re g\u00e9n\u00e9rale, la solidarit\u00e9 d\u00e9pend tr\u00e8s \u00e9troitement de l&#8217;activit\u00e9 fonctionnelle des parties sp\u00e9cialis\u00e9es. Ces deux termes varient l&#8217;un comme l&#8217;autre. L\u00e0 o\u00f9 les fonctions sont languissantes, elles ont beau \u00eatre sp\u00e9ciales, elles se coordonnent mal entre elles et sentent incompl\u00e8tement leur mutuelle d\u00e9pendance. Quelques exemples vont rendre ce fait tr\u00e8s sensible. Chez un homme, \u201cla suffocation oppose une r\u00e9sistance au passage du sang \u00e0 travers les capillaires, et cet obstacle est suivi d&#8217;une congestion et d&#8217;arr\u00eat du c\u0153ur; en quelques secondes, il se produit un grand trouble dans tout l&#8217;organisme, et au bout d&#8217;une minute ou deux les fonctions cessent [Nota de rodap\u00e9 1: SPENCER, <em>Principes de biologie<\/em>, II, 131]\u201d . La vie tout enti\u00e8re d\u00e9pend donc tr\u00e8s \u00e9troitement de la respiration. Mais, chez une grenouille, la respiration peut \u00eatre suspendue longtemps sans entra\u00eener aucun d\u00e9sordre, soit que l&#8217;a\u00e9ration du sang qui s&#8217;effectue \u00e0 travers la peau lui suffise, soit m\u00eame qu&#8217;elle soit totalement priv\u00e9e d&#8217;air respirable et se contente de l&#8217;<strong>oxyg\u00e8ne<\/strong> emmagasin\u00e9 dans ses tissus. Il y a donc une assez grande ind\u00e9pendance et, par cons\u00e9quent, une solidarit\u00e9 imparfaite entre la fonction de respiration de la grenouille et les autres fonctions de l&#8217;organisme, puisque celles-ci peuvent subsister sans le secours de celles-l\u00e0. Ce r\u00e9sultat est d\u00fb \u00e0 ce fait que les tissus de la grenouille, ayant une activit\u00e9 fonctionnelle moins grande que ceux de l&#8217;homme, ont aussi moins besoin de renouveler leur <strong>oxyg\u00e8ne<\/strong> et de se d\u00e9barrasser de l&#8217;acide carbonique produit par leur combustion. De m\u00eame, un mammif\u00e8re a besoin de prendre de la nourriture tr\u00e8s r\u00e9guli\u00e8rement; le rythme de sa respiration, \u00e0 l&#8217;\u00e9tat normal, reste sensiblement le m\u00eame; ses p\u00e9riodes de repos ne sont jamais tr\u00e8s longues; en d&#8217;autres termes, ses fonctions respiratoires, ses fonctions de nutrition, ses fonctions de relation, sont sans cesse n\u00e9cessaires les unes aux autres et \u00e0 l&#8217;organisme tout entier, \u00e0 tel point qu&#8217;aucune d&#8217;elles ne peut rester longtemps suspendue sans danger pour les autres et pour la vie g\u00e9n\u00e9rale. Le serpent, au contraire, ne prend de nourriture qu&#8217;\u00e0 de longs intervalles, ses p\u00e9riodes d&#8217;activit\u00e9 et d&#8217;assoupissement sont tr\u00e8s distantes l&#8217;une de l&#8217;autre; sa respiration, tr\u00e8s apparente \u00e0 de certains moments, est parfois presque nulle, c&#8217;est-\u00e0-dire que ses fonctions ne sont pas \u00e9troitement li\u00e9es, mais peuvent sans inconv\u00e9nient s&#8217;isoler les unes des autres. La raison en est que son activit\u00e9 fonctionnelle est moindre que celle des mammif\u00e8res. La d\u00e9pense des tissus \u00e9tant plus faible, ils ont moins besoin d&#8217;<strong>oxyg\u00e8ne<\/strong>; l&#8217;usure \u00e9tant moins grande, les r\u00e9parations sont moins souvent n\u00e9cessaires, ainsi que les mouvements destin\u00e9s \u00e0 poursuivre une proie et \u00e0 s&#8217;en emparer. M. Spencer a d&#8217;ailleurs fait remarquer qu&#8217;on trouve dans la nature inorganis\u00e9e des exemples du m\u00eame ph\u00e9nom\u00e8ne. \u201cVoyez, dit-il, une machine tr\u00e8s compliqu\u00e9e dont les parties ne sont pas bien ajust\u00e9es ou sont devenues trop l\u00e2ches par l&#8217;effet de l&#8217;usure; examinez-la quand elle va s&#8217;arr\u00eater. Vous observez certaines irr\u00e9gularit\u00e9s de mouvement pr\u00e8s du moment o\u00f9 elle arrive au repos: quelques parties s&#8217;arr\u00eatent les premi\u00e8res, se remettent en mouvement par l&#8217;effet de la continuation du mouvement des autres, et alors elles deviennent \u00e0 leur tour des causes de renouvellement du mouvement dans les autres parties qui avaient cess\u00e9 de se mouvoir. En d&#8217;autres termes, quand les changements rythmiques de la machine sont rapides, les actions et les r\u00e9actions qu&#8217;ils exercent les uns sur les autres sont r\u00e9guli\u00e8res et tous les mouvements sont bien int\u00e9gr\u00e9s: mais, \u00e0 mesure que la vitesse diminue, des irr\u00e9gularit\u00e9s se produisent, les mouvements se d\u00e9sint\u00e8grent [Nota de rodap\u00e9 2: SPENCER, <em>Principes de biologie<\/em>, II, 131].\u201d (Durkheim 2002[1893]:114)<\/p>\n<p>DURKHEIM, \u00c9mile. 2002[1893]. <em>De la division du travail social<\/em>. Livres 2 e 3. Chicoutimi: Les Classiques des Sciences Sociales.<\/p>\n","protected":false},"excerpt":{"rendered":"<p>Il importe beaucoup au contraire. C&#8217;est qu&#8217;en effet, d&#8217;une mani\u00e8re g\u00e9n\u00e9rale, la solidarit\u00e9 d\u00e9pend tr\u00e8s \u00e9troitement de l&#8217;activit\u00e9 fonctionnelle des parties sp\u00e9cialis\u00e9es. Ces deux termes varient l&#8217;un comme l&#8217;autre. L\u00e0 o\u00f9 les fonctions sont languissantes, elles ont beau \u00eatre sp\u00e9ciales, elles se coordonnent mal entre elles et sentent incompl\u00e8tement leur mutuelle d\u00e9pendance. Quelques exemples vont rendre ce fait tr\u00e8s sensible. [&hellip;]<\/p>\n","protected":false},"author":2,"featured_media":0,"parent":1212,"menu_order":0,"comment_status":"closed","ping_status":"closed","template":"","meta":{"footnotes":""},"class_list":["post-1651","page","type-page","status-publish","hentry"],"jetpack_sharing_enabled":true,"_links":{"self":[{"href":"https:\/\/www.laspa.slg.br\/en\/wp-json\/wp\/v2\/pages\/1651","targetHints":{"allow":["GET"]}}],"collection":[{"href":"https:\/\/www.laspa.slg.br\/en\/wp-json\/wp\/v2\/pages"}],"about":[{"href":"https:\/\/www.laspa.slg.br\/en\/wp-json\/wp\/v2\/types\/page"}],"author":[{"embeddable":true,"href":"https:\/\/www.laspa.slg.br\/en\/wp-json\/wp\/v2\/users\/2"}],"replies":[{"embeddable":true,"href":"https:\/\/www.laspa.slg.br\/en\/wp-json\/wp\/v2\/comments?post=1651"}],"version-history":[{"count":2,"href":"https:\/\/www.laspa.slg.br\/en\/wp-json\/wp\/v2\/pages\/1651\/revisions"}],"predecessor-version":[{"id":1653,"href":"https:\/\/www.laspa.slg.br\/en\/wp-json\/wp\/v2\/pages\/1651\/revisions\/1653"}],"up":[{"embeddable":true,"href":"https:\/\/www.laspa.slg.br\/en\/wp-json\/wp\/v2\/pages\/1212"}],"wp:attachment":[{"href":"https:\/\/www.laspa.slg.br\/en\/wp-json\/wp\/v2\/media?parent=1651"}],"curies":[{"name":"wp","href":"https:\/\/api.w.org\/{rel}","templated":true}]}}