{"id":1632,"date":"2023-07-24T19:48:16","date_gmt":"2023-07-24T19:48:16","guid":{"rendered":"https:\/\/www.laspa.slg.br\/?page_id=1632"},"modified":"2023-07-24T19:48:16","modified_gmt":"2023-07-24T19:48:16","slug":"cobre-em-simondon-2008-1958","status":"publish","type":"page","link":"https:\/\/www.laspa.slg.br\/en\/projetos\/a-agencia-social-dos-elementos-quimicos\/levantamentos-da-presenca-de-elementos-quimicos-em-livros\/cobre-em-simondon-2008-1958\/","title":{"rendered":"Cobre em Simondon (2008 [1958])"},"content":{"rendered":"<p>En ce sens, on peut dire que les perfectionnements mineurs nuisent aux perfectionnements majeurs, car ils peuvent masquer les v\u00e9ritables imperfections d&#8217;un objet technique, en compensant par des artifices inessentiels, incompl\u00e8tement int\u00e9gr\u00e9s au fonctionnement d&#8217;ensemble, les v\u00e9ritables antagonismes; les dangers tenant \u00e0 l\u2019abstraction se manifestent \u00e0 nouveau avec les perfectionnements mineurs; ainsi, le tube de Coolidge \u00e0 anode tournante est moins concret que le tube \u00e0 refroidissement statique par barreau de <strong>cuivre<\/strong> et ailettes dans l\u2019air: si, pour une raison quelconque, la rotation de l&#8217;anode s&#8217;arr\u00eate pendant le fonctionnement du tube, le point de l&#8217;anode qui re\u00e7oit le faisceau concentr\u00e9 d&#8217;\u00e9lectrons entre presque instantan\u00e9ment en fusion et tout le tube se trouve d\u00e9t\u00e9rior\u00e9; ce caract\u00e8re analytique du fonctionnement n\u00e9cessite alors une nouvelle esp\u00e8ce de correctifs, les syst\u00e8mes de s\u00e9curit\u00e9 par conditionnement d&#8217;un fonctionnement au moyen d&#8217;un autre fonctionnement; dans le cas analys\u00e9, il faut que le g\u00e9n\u00e9rateur de tension anodique ne puisse fonctionner que si l&#8217;anode est d\u00e9j\u00e0 en train de tourner; un relais subordonne la mise sous tension du transformateur fournissant la tension anodique au passage du courant dans l&#8217;inducteur du moteur de l&#8217;anode; mais cette subordination ne r\u00e9duit pas compl\u00e8tement la distance analytique introduite par le dispositif de l&#8217;anode tournante; le courant peut passer dans l&#8217;inducteur sans que l&#8217;anode tourne effectivement, par suite, par exemple, d\u2019une d\u00e9t\u00e9rioration des axes; le relais peut aussi rester enclench\u00e9 m\u00eame si l\u2019inducteur n&#8217;est pas sous tension. (Simondon 2008 [1958]:39)<\/p>\n<p>Or, c&#8217;est comme \u00e9l\u00e9ments produits par ces ensembles thermodynamiques que les principaux aspects de l\u2019&#8217;\u00e9lectrotechnique apparaissent. Avant d&#8217;avoir leur autonomie, les applications de l&#8217;\u00e9nergie \u00e9lectrique apparaissent comme des moyens tr\u00e8s souples de transmettre de l&#8217;\u00e9nergie d&#8217;un lieu \u00e0 un autre au moyen d&#8217;une ligne de transport d&#8217;\u00e9nergie. Les m\u00e9taux \u00e0 haute perm\u00e9abilit\u00e9 magn\u00e9tique sont des \u00e9l\u00e9ments produits par les applications de la thermodynamique en m\u00e9tallurgie. Les c\u00e2bles de <strong>cuivre<\/strong>, les porcelaines \u00e0 haute r\u00e9sistance des isolateurs sortent des tr\u00e9fileries \u00e0 vapeur et des fours \u00e0 charbon. Les charpentes m\u00e9talliques des pyl\u00f4nes, les ciments des barrages viennent des grandes concentrations thermodynamiques et entrent comme \u00e9l\u00e9ments dans les nouveaux individus techniques que sont les turbines et les alternateurs. Alors une nouvelle mont\u00e9e, une nouvelle constitution d&#8217;\u00eatres s&#8217;accentue et se concr\u00e9tise. La machine de Gramme laisse la place, dans la production d&#8217;\u00e9nergie \u00e9lectrique, \u00e0 l\u2019alternateur polyphas\u00e9; les courants continus des premiers transports d&#8217;\u00e9nergie laissent la place aux courants alternatifs \u00e0 fr\u00e9quence constante, adapt\u00e9s \u00e0 la production par turbine thermique et par cons\u00e9quent aussi \u00e0 la production par turbine hydraulique. Ces individus \u00e9lectrotechniques se sont int\u00e9gr\u00e9s dans des ensembles de production, de r\u00e9partition et d&#8217;utilisation de l&#8217;\u00e9nergie \u00e9lectrique dont la structure diff\u00e8re beaucoup de celle des concentrations thermodynamiques. Le r\u00f4le jou\u00e9 par les chemins de fer dans la concentration thermodynamique est remplac\u00e9 par celui que jouent les lignes \u00e0 haute tension d&#8217;interconnexion dans l&#8217;ensemble d&#8217;\u00e9lectricit\u00e9 industrielle. (Simondon 2008 [1958]:68).<\/p>\n<p>SIMONDON, Gilbert. 2008 [1958]. <em>Du mode d\u2019existence des objets techniques<\/em>. Paris: Aubier.<\/p>\n","protected":false},"excerpt":{"rendered":"<p>En ce sens, on peut dire que les perfectionnements mineurs nuisent aux perfectionnements majeurs, car ils peuvent masquer les v\u00e9ritables imperfections d&#8217;un objet technique, en compensant par des artifices inessentiels, incompl\u00e8tement int\u00e9gr\u00e9s au fonctionnement d&#8217;ensemble, les v\u00e9ritables antagonismes; les dangers tenant \u00e0 l\u2019abstraction se manifestent \u00e0 nouveau avec les perfectionnements mineurs; ainsi, le tube de Coolidge \u00e0 anode tournante est [&hellip;]<\/p>\n","protected":false},"author":2,"featured_media":0,"parent":1212,"menu_order":0,"comment_status":"closed","ping_status":"closed","template":"","meta":{"footnotes":""},"class_list":["post-1632","page","type-page","status-publish","hentry"],"jetpack_sharing_enabled":true,"_links":{"self":[{"href":"https:\/\/www.laspa.slg.br\/en\/wp-json\/wp\/v2\/pages\/1632","targetHints":{"allow":["GET"]}}],"collection":[{"href":"https:\/\/www.laspa.slg.br\/en\/wp-json\/wp\/v2\/pages"}],"about":[{"href":"https:\/\/www.laspa.slg.br\/en\/wp-json\/wp\/v2\/types\/page"}],"author":[{"embeddable":true,"href":"https:\/\/www.laspa.slg.br\/en\/wp-json\/wp\/v2\/users\/2"}],"replies":[{"embeddable":true,"href":"https:\/\/www.laspa.slg.br\/en\/wp-json\/wp\/v2\/comments?post=1632"}],"version-history":[{"count":1,"href":"https:\/\/www.laspa.slg.br\/en\/wp-json\/wp\/v2\/pages\/1632\/revisions"}],"predecessor-version":[{"id":1634,"href":"https:\/\/www.laspa.slg.br\/en\/wp-json\/wp\/v2\/pages\/1632\/revisions\/1634"}],"up":[{"embeddable":true,"href":"https:\/\/www.laspa.slg.br\/en\/wp-json\/wp\/v2\/pages\/1212"}],"wp:attachment":[{"href":"https:\/\/www.laspa.slg.br\/en\/wp-json\/wp\/v2\/media?parent=1632"}],"curies":[{"name":"wp","href":"https:\/\/api.w.org\/{rel}","templated":true}]}}