{"id":1628,"date":"2023-07-24T19:45:22","date_gmt":"2023-07-24T19:45:22","guid":{"rendered":"https:\/\/www.laspa.slg.br\/?page_id=1628"},"modified":"2023-07-24T19:46:50","modified_gmt":"2023-07-24T19:46:50","slug":"cobre-e-tungstenio-em-simondon-2008-1958","status":"publish","type":"page","link":"https:\/\/www.laspa.slg.br\/en\/projetos\/a-agencia-social-dos-elementos-quimicos\/levantamentos-da-presenca-de-elementos-quimicos-em-livros\/cobre-e-tungstenio-em-simondon-2008-1958\/","title":{"rendered":"Cobre e tungst\u00eanio em Simondon (2008 [1958])"},"content":{"rendered":"<p>Ces deux fonctions sont synergiques parce que c&#8217;est apr\u00e8s avoir subi toute la chute de potentiel du champ \u00e9lectrique que les \u00e9lectrons ont acquis le maximum d&#8217;\u00e9nergie cin\u00e9tique; c&#8217;est donc \u00e0 la fois \u00e0 ce moment et \u00e0 cet endroit qu&#8217;il est possible d&#8217;en retirer la plus grande quantit\u00e9 d&#8217;\u00e9nergie \u00e9lectromagn\u00e9tique en les arr\u00eatant brusquement. La nouvelle anode-anticathode joue enfin un r\u00f4le dans l&#8217;\u00e9vacuation de la chaleur produite (en raison du mauvais rendement de la transformation d&#8217;\u00e9nergie cin\u00e9tique des \u00e9lectrons en \u00e9nergie \u00e9lectromagn\u00e9tique, environ 1%), et cette nouvelle fonction est remplie en parfaite concordance avec les deux pr\u00e9c\u00e9dentes: une dalle de m\u00e9tal difficilement fusible, comme du <strong>tungst\u00e8ne<\/strong>, est encastr\u00e9e dans le barreau massif de <strong>cuivre<\/strong> sci\u00e9 en biseau qui forme l&#8217;anode-anticathode, au point d&#8217;impact du faisceau d&#8217;\u00e9lectrons; la chaleur d\u00e9velopp\u00e9e sur cette dalle est conduite \u00e0 l&#8217;ext\u00e9rieur du tube par le barreau de <strong>cuivre<\/strong>, d\u00e9velopp\u00e9 ext\u00e9rieurement en ailettes de refroidissement.<br \/>II y a synergie des trois fonctions, car les caract\u00e9ristiques \u00e9lectriques du barreau de <strong>cuivre<\/strong> bon conducteur de l&#8217;\u00e9lectricit\u00e9 vont de pair avec les caract\u00e9ristiques thermiques de ce m\u00eame barreau bon conducteur de la chaleur; par ailleurs, la section en biseau du barreau de <strong>cuivre<\/strong> convient \u00e9galement \u00e0 la fonction de cible-obstacle (anticathode), \u00e0 celle d&#8217;acc\u00e9l\u00e9ration des \u00e9lectrons (anode) et \u00e0 celle d&#8217;\u00e9vacuation de la chaleur produite. On peut dire, dans ces conditions, que le tube de Coolidge est un tube de Crookes \u00e0 la fois simplifi\u00e9 et concr\u00e9tise, dans lequel chaque structure remplit des fonctions plus nombreuses, mais synergiques. L&#8217;imperfection du tube de Crookes, son caract\u00e8re abstrait et artisanal, n\u00e9cessitant de fr\u00e9quentes retouches dans le fonctionnement, provenaient de l&#8217;antagonisme des fonctions remplies par le gaz rar\u00e9fi\u00e9; c&#8217;est ce gaz qui est supprim\u00e9 dans le tube de Coolidge. Sa structure floue correspond \u00e0 l&#8217;ionisation est enti\u00e8rement remplac\u00e9e par la nouvelle caract\u00e9ristique thermo\u00e9lectronique de la cathode, parfaitement nette. (Simondon 2008 [1958]:33)<\/p>\n<p>C&#8217;est donc essentiellement la d\u00e9couverte des synergies fonctionnelles qui caract\u00e9rise le progr\u00e8s dans le d\u00e9veloppement de l&#8217;objet technique. Il convient alors de se demander si cette d\u00e9couverte se fait d&#8217;un seul coup ou de mani\u00e8re continue. En tant que r\u00e9organisation des structures intervenant dans le fonctionnement, elle se fait de mani\u00e8re brusque. mais peut comporter plusieurs \u00e9tapes successives; ainsi, le tube de Coolidge ne pouvait \u00eatre con\u00e7u avant la d\u00e9couverte par Fleming de la production d&#8217;\u00e9lectrons par un m\u00e9tal chauff\u00e9; mais le tube de Coolidge \u00e0 anode-anticathode statique n&#8217;est pas n\u00e9cessairement la derni\u00e8re version du tube producteur de rayons X ou de rayons Gamma. Il peut \u00eatre am\u00e9lior\u00e9 et appropri\u00e9 \u00e0 des usages plus particuliers. Par exemple, un perfectionnement important, permettant d&#8217;obtenir une source de rayons X plus proche du point g\u00e9om\u00e9trique id\u00e9al, a consist\u00e9 \u00e0 employer une anode en forme de plateau massif mont\u00e9 sur un axe, dans <em>le <\/em>tube: ce plateau peut \u00eatre mis en mouvement par un champ magn\u00e9tique qu&#8217;un inducteur plac\u00e9 \u00e0 l&#8217;ext\u00e9rieur du tube cr\u00e9e, et par rapport auquel le plateau est un rotor comportant un induit; la r\u00e9gion d&#8217;impact des \u00e9lectrons devient une ligne circulaire pr\u00e8s du bord du plateau de <strong>cuivre<\/strong>, et offre donc des possibilit\u00e9s tr\u00e8s vastes de dissipation thermique; toutefois, de mani\u00e8re statique et g\u00e9om\u00e9trique. Le lieu o\u00f9 l&#8217;impact se produit est fixe par rapport \u00e0 la cathode et au tube : le faisceau de rayons X provient donc d&#8217;un foyer g\u00e9om\u00e9triquement fixe, bien que l&#8217;anticathode d\u00e9file \u00e0 grande vitesse en ce point fixe. Les tubes \u00e0 anode tournante permettent d&#8217;accro\u00eetre la puissance sans augmenter la dimension de la r\u00e9gion d&#8217;impact, ou de r\u00e9duire la dimension de la r\u00e9gion d&#8217;impact sans diminuer la puissance; Or, Cette anode tournante remplit aussi parfaitement qu&#8217;une anode fixe les fonctions d&#8217;acc\u00e9l\u00e9ration et d&#8217;arr\u00eat des \u00e9lectrons; elle remplit mieux la fonction d\u2019\u00e9vacuation de la chaleur, ce qui permet d&#8217;am\u00e9liorer les caract\u00e9ristiques optiques du tube pour une puissance d\u00e9termin\u00e9e.<br \/>Doit-on alors consid\u00e9rer l\u2019invention de l\u2019anode tournante comme apportant au tube de Coolidge une concr\u00e9tisation structurale ? &#8211; Non, car elle a surtout pour r\u00f4le de diminuer un inconv\u00e9nient qui n&#8217;a pu \u00eatre converti en un aspect positif du fonctionnement d&#8217;ensemble. L&#8217;inconv\u00e9nient du tube de Coolidge. l&#8217;aspect r\u00e9siduel d&#8217;antagonisme qui subsiste dans son fonctionnement est son mauvais rendement dans la conversion de l&#8217;\u00e9nergie cin\u00e9tique en rayonnement \u00e9lectromagn\u00e9tique; sans doute, ce mauvais rendement ne constitue pas un antagonisme direct entre les fonctions, mais il se convertit pratiquement en un antagonisme r\u00e9el; si la temp\u00e9rature de fusion de Ia dalle en <strong>tungst\u00e8ne<\/strong> et du barreau de <strong>cuivre<\/strong> \u00e9tait infiniment \u00e9lev\u00e9e, on pourrait concentrer tr\u00e8s finement un faisceau tr\u00e8s puissant d&#8217;\u00e9lectrons tr\u00e8s rapides; mais comme en fait on atteint assez rapidement la temp\u00e9rature de fusion du <strong>tungst\u00e8ne<\/strong>, on se trouve limit\u00e9 par ce mauvais rendement qui fait appara\u00eetre une grosse quantit\u00e9 de chaleur, et it faut se r\u00e9soudre \u00e0 sacrifier la finesse du faisceau ou la densit\u00e9 du flux d&#8217;\u00e9lectrons ou la vitesse des \u00e9lectrons, ce qui revient \u00e0 sacrifier la ponctualit\u00e9 de la source de rayons X, la quantit\u00e9 d&#8217;\u00e9nergie \u00e9lectromagn\u00e9tique rayonn\u00e9e ou la p\u00e9n\u00e9tration des rayons X obtenus. Si l&#8217;on pouvait d\u00e9couvrir un moyen pour augmenter le rendement de la transformation d&#8217;\u00e9nergie qui s&#8217;op\u00e8re sur la dalle de l&#8217;anticathode, on am\u00e9liorerait toutes les caract\u00e9ristiques du tube de Coolidge, en supprimant ou diminuant le plus important des antagonismes qui subsistent dans ce fonctionnement. (L&#8217;antagonisme qui consiste en ce que le faisceau ne peut \u00eatre rigoureusement concentre parce que les \u00e9lectrons se repoussent mutuellement puisqu&#8217;ils sont affect\u00e9s de charges \u00e9lectriques de m\u00eame signe est beaucoup plus faible; on pourrait le compenser au moyen de dispositifs de concentration comparables \u00e0 ceux des oscilloscopes cathodiques ou des lentilles \u00e9lectrostatiques ou des \u00e9lectromagn\u00e9tiques des microscopes \u00e9lectroniques.) L&#8217;anode tournante permet de r\u00e9duire les cons\u00e9quences de l&#8217;antagonisme entre la finesse et la puissance, entre les caract\u00e9ristiques optiques et les caract\u00e9ristiques \u00e9lectroniques. (Simondon 2008 [1958]:37)<\/p>\n<p>SIMONDON, Gilbert. 2008 [1958]. <em>Du mode d\u2019existence des objets techniques<\/em>. Paris: Aubier.<\/p>\n","protected":false},"excerpt":{"rendered":"<p>Ces deux fonctions sont synergiques parce que c&#8217;est apr\u00e8s avoir subi toute la chute de potentiel du champ \u00e9lectrique que les \u00e9lectrons ont acquis le maximum d&#8217;\u00e9nergie cin\u00e9tique; c&#8217;est donc \u00e0 la fois \u00e0 ce moment et \u00e0 cet endroit qu&#8217;il est possible d&#8217;en retirer la plus grande quantit\u00e9 d&#8217;\u00e9nergie \u00e9lectromagn\u00e9tique en les arr\u00eatant brusquement. La nouvelle anode-anticathode joue enfin [&hellip;]<\/p>\n","protected":false},"author":2,"featured_media":0,"parent":1212,"menu_order":0,"comment_status":"closed","ping_status":"closed","template":"","meta":{"footnotes":""},"class_list":["post-1628","page","type-page","status-publish","hentry"],"jetpack_sharing_enabled":true,"_links":{"self":[{"href":"https:\/\/www.laspa.slg.br\/en\/wp-json\/wp\/v2\/pages\/1628","targetHints":{"allow":["GET"]}}],"collection":[{"href":"https:\/\/www.laspa.slg.br\/en\/wp-json\/wp\/v2\/pages"}],"about":[{"href":"https:\/\/www.laspa.slg.br\/en\/wp-json\/wp\/v2\/types\/page"}],"author":[{"embeddable":true,"href":"https:\/\/www.laspa.slg.br\/en\/wp-json\/wp\/v2\/users\/2"}],"replies":[{"embeddable":true,"href":"https:\/\/www.laspa.slg.br\/en\/wp-json\/wp\/v2\/comments?post=1628"}],"version-history":[{"count":3,"href":"https:\/\/www.laspa.slg.br\/en\/wp-json\/wp\/v2\/pages\/1628\/revisions"}],"predecessor-version":[{"id":1633,"href":"https:\/\/www.laspa.slg.br\/en\/wp-json\/wp\/v2\/pages\/1628\/revisions\/1633"}],"up":[{"embeddable":true,"href":"https:\/\/www.laspa.slg.br\/en\/wp-json\/wp\/v2\/pages\/1212"}],"wp:attachment":[{"href":"https:\/\/www.laspa.slg.br\/en\/wp-json\/wp\/v2\/media?parent=1628"}],"curies":[{"name":"wp","href":"https:\/\/api.w.org\/{rel}","templated":true}]}}