{"id":1621,"date":"2023-07-19T02:31:08","date_gmt":"2023-07-19T02:31:08","guid":{"rendered":"https:\/\/www.laspa.slg.br\/?page_id=1621"},"modified":"2023-07-19T02:31:08","modified_gmt":"2023-07-19T02:31:08","slug":"platina-em-simondon-2005","status":"publish","type":"page","link":"https:\/\/www.laspa.slg.br\/en\/projetos\/a-agencia-social-dos-elementos-quimicos\/levantamentos-da-presenca-de-elementos-quimicos-em-livros\/platina-em-simondon-2005\/","title":{"rendered":"Platina em Simondon (2005)"},"content":{"rendered":"<p>Dans la bobine d&#8217;induction, c&#8217;est la rupture rapide qui a \u00e9t\u00e9 recherch\u00e9e, depuis le simple trembleur jusqu&#8217;\u00e0 l&#8217;interrupteur de Wehnelt fonctionnant \u00e0 la fr\u00e9quence de 1 700 Hz (fil de <strong>platine<\/strong> dans l&#8217;acide sulfurique), en passant par le phono-trembleur de Radiguet et l&#8217;interrupteur de Foucault. L&#8217;usage du condensateur aux bornes du rupteur est \u00e9galement une am\u00e9lioration qui a \u00e9t\u00e9 conserv\u00e9e sur les syst\u00e8mes d&#8217;allumage des automobiles, g\u00e9n\u00e9ralement isol\u00e9es par de l&#8217;huile ou du brai. Les bobines de self-inductance utilis\u00e9es dans l&#8217;\u00e9mission hertzienne par impulsions (le rupteur est un tube \u00e0 vide ou un transistor) peuvent \u00eatre rang\u00e9es dans la m\u00eame cat\u00e9gorie que les bobines d&#8217;induction. (Simondon 2005:136)<\/p>\n<p>SIMONDON, Gilbert. 2005. <em>L\u2019Invention dans les techniques<\/em>. Paris: \u00c9ditions du Seuil.<\/p>","protected":false},"excerpt":{"rendered":"<p>Dans la bobine d&#8217;induction, c&#8217;est la rupture rapide qui a \u00e9t\u00e9 recherch\u00e9e, depuis le simple trembleur jusqu&#8217;\u00e0 l&#8217;interrupteur de Wehnelt fonctionnant \u00e0 la fr\u00e9quence de 1 700 Hz (fil de platine dans l&#8217;acide sulfurique), en passant par le phono-trembleur de Radiguet et l&#8217;interrupteur de Foucault. L&#8217;usage du condensateur aux bornes du rupteur est \u00e9galement une am\u00e9lioration qui a \u00e9t\u00e9 conserv\u00e9e [&hellip;]<\/p>\n","protected":false},"author":2,"featured_media":0,"parent":1212,"menu_order":0,"comment_status":"closed","ping_status":"closed","template":"","meta":{"footnotes":""},"class_list":["post-1621","page","type-page","status-publish","hentry"],"jetpack_sharing_enabled":true,"_links":{"self":[{"href":"https:\/\/www.laspa.slg.br\/en\/wp-json\/wp\/v2\/pages\/1621","targetHints":{"allow":["GET"]}}],"collection":[{"href":"https:\/\/www.laspa.slg.br\/en\/wp-json\/wp\/v2\/pages"}],"about":[{"href":"https:\/\/www.laspa.slg.br\/en\/wp-json\/wp\/v2\/types\/page"}],"author":[{"embeddable":true,"href":"https:\/\/www.laspa.slg.br\/en\/wp-json\/wp\/v2\/users\/2"}],"replies":[{"embeddable":true,"href":"https:\/\/www.laspa.slg.br\/en\/wp-json\/wp\/v2\/comments?post=1621"}],"version-history":[{"count":1,"href":"https:\/\/www.laspa.slg.br\/en\/wp-json\/wp\/v2\/pages\/1621\/revisions"}],"predecessor-version":[{"id":1622,"href":"https:\/\/www.laspa.slg.br\/en\/wp-json\/wp\/v2\/pages\/1621\/revisions\/1622"}],"up":[{"embeddable":true,"href":"https:\/\/www.laspa.slg.br\/en\/wp-json\/wp\/v2\/pages\/1212"}],"wp:attachment":[{"href":"https:\/\/www.laspa.slg.br\/en\/wp-json\/wp\/v2\/media?parent=1621"}],"curies":[{"name":"wp","href":"https:\/\/api.w.org\/{rel}","templated":true}]}}