{"id":1619,"date":"2023-07-19T02:26:35","date_gmt":"2023-07-19T02:26:35","guid":{"rendered":"https:\/\/www.laspa.slg.br\/?page_id=1619"},"modified":"2023-07-19T02:26:35","modified_gmt":"2023-07-19T02:26:35","slug":"tungstenio-em-simondon-2005","status":"publish","type":"page","link":"https:\/\/www.laspa.slg.br\/en\/projetos\/a-agencia-social-dos-elementos-quimicos\/levantamentos-da-presenca-de-elementos-quimicos-em-livros\/tungstenio-em-simondon-2005\/","title":{"rendered":"Tungst\u00eanio em Simondon (2005)"},"content":{"rendered":"<p>Corr\u00e9lativement, outils et instruments se sp\u00e9cialisent, en restreignant la gamme d&#8217;activit\u00e9s mais en d\u00e9veloppant leur performance dans la bande \u00e9troite de leur sp\u00e9cialit\u00e9. Un foret \u00e0 carbure de <strong>tungst\u00e8ne<\/strong> est impropre au travail du bois; par contre, il convient au per\u00e7age de la brique et du b\u00e9ton; au contraire, on peut, avec certaines pr\u00e9cautions, utiliser une m\u00e8che de chaisier pour d\u00e9couper une feuille de m\u00e9tal, parce qu&#8217;il s&#8217;agit d&#8217;un outil beaucoup plus primitif et moins sp\u00e9cialis\u00e9. Il en va de m\u00eame pour les instruments, par exemple pour les diff\u00e9rentes esp\u00e8ces de microscopes (st\u00e9r\u00e9omicroscope, ultramicroscope&#8230;). (Simondon 2005:89)<\/p>\n<p>SIMONDON, Gilbert. 2005. <em>L\u2019Invention dans les techniques<\/em>. Paris: \u00c9ditions du Seuil.<\/p>","protected":false},"excerpt":{"rendered":"<p>Corr\u00e9lativement, outils et instruments se sp\u00e9cialisent, en restreignant la gamme d&#8217;activit\u00e9s mais en d\u00e9veloppant leur performance dans la bande \u00e9troite de leur sp\u00e9cialit\u00e9. Un foret \u00e0 carbure de tungst\u00e8ne est impropre au travail du bois; par contre, il convient au per\u00e7age de la brique et du b\u00e9ton; au contraire, on peut, avec certaines pr\u00e9cautions, utiliser une m\u00e8che de chaisier pour [&hellip;]<\/p>\n","protected":false},"author":2,"featured_media":0,"parent":1212,"menu_order":0,"comment_status":"closed","ping_status":"closed","template":"","meta":{"footnotes":""},"class_list":["post-1619","page","type-page","status-publish","hentry"],"jetpack_sharing_enabled":true,"_links":{"self":[{"href":"https:\/\/www.laspa.slg.br\/en\/wp-json\/wp\/v2\/pages\/1619","targetHints":{"allow":["GET"]}}],"collection":[{"href":"https:\/\/www.laspa.slg.br\/en\/wp-json\/wp\/v2\/pages"}],"about":[{"href":"https:\/\/www.laspa.slg.br\/en\/wp-json\/wp\/v2\/types\/page"}],"author":[{"embeddable":true,"href":"https:\/\/www.laspa.slg.br\/en\/wp-json\/wp\/v2\/users\/2"}],"replies":[{"embeddable":true,"href":"https:\/\/www.laspa.slg.br\/en\/wp-json\/wp\/v2\/comments?post=1619"}],"version-history":[{"count":1,"href":"https:\/\/www.laspa.slg.br\/en\/wp-json\/wp\/v2\/pages\/1619\/revisions"}],"predecessor-version":[{"id":1620,"href":"https:\/\/www.laspa.slg.br\/en\/wp-json\/wp\/v2\/pages\/1619\/revisions\/1620"}],"up":[{"embeddable":true,"href":"https:\/\/www.laspa.slg.br\/en\/wp-json\/wp\/v2\/pages\/1212"}],"wp:attachment":[{"href":"https:\/\/www.laspa.slg.br\/en\/wp-json\/wp\/v2\/media?parent=1619"}],"curies":[{"name":"wp","href":"https:\/\/api.w.org\/{rel}","templated":true}]}}