{"id":1613,"date":"2023-07-19T02:01:41","date_gmt":"2023-07-19T02:01:41","guid":{"rendered":"https:\/\/www.laspa.slg.br\/?page_id=1613"},"modified":"2023-07-19T02:01:41","modified_gmt":"2023-07-19T02:01:41","slug":"ferro-e-cobre-em-simondon-2005","status":"publish","type":"page","link":"https:\/\/www.laspa.slg.br\/en\/projetos\/a-agencia-social-dos-elementos-quimicos\/levantamentos-da-presenca-de-elementos-quimicos-em-livros\/ferro-e-cobre-em-simondon-2005\/","title":{"rendered":"Ferro e cobre em Simondon (2005)"},"content":{"rendered":"<p>Dans le transformateur industriel, la pr\u00e9occupation dominante est celle du rendement et de l&#8217;\u00e9vacuation de la chaleur; comme les caract\u00e9ristiques d&#8217;hyst\u00e9r\u00e9sis des premi\u00e8res t\u00f4les de transformateur \u00e9taient moins bonnes que celles des transformateurs actuels, c&#8217;est le circuit magn\u00e9tique qui s&#8217;\u00e9chauffait le plus, d&#8217;o\u00f9 la disposition [fig. 49b, 50, 51] remettant le <strong>cuivre<\/strong> \u00e0 l&#8217;int\u00e9rieur et le <strong>fer<\/strong> \u00e0 l&#8217;ext\u00e9rieur, ou m\u00e9nageant des intervalles de refroidissement par circulation d&#8217;air dans le circuit magn\u00e9tique [fig. 52 et 53]. Corr\u00e9lativement, avec des t\u00f4les meilleures, une d\u00e9coupe en carr\u00e9 du circuit magn\u00e9tique [fig. 55] permet un montage compact, rendu plus facile avec le syst\u00e8me des t\u00f4les en E et des t\u00f4les en I [fig. 57]. Ce syst\u00e8me pratique d&#8217;assemblage convient aussi bien aux courants de basse fr\u00e9quence (avec les t\u00f4les crois\u00e9es) qu&#8217;aux courants compris entre 50 et 20 000 Hz [fig. 59]; dans ce cas, tous les E sont d&#8217;un c\u00f4t\u00e9, tous les I de l&#8217;autre, et un papier isolant m\u00e9nage un mince entrefer entre les E et les I. Il y a donc tendance vers un syst\u00e8me g\u00e9n\u00e9ral de montage des transformateurs pour les courants de basse fr\u00e9quence; les dispositifs sp\u00e9ciaux (refroidissement par circulation d&#8217;huile) ne concernent que les grandes puissances. (Simondon 2005:136)<\/p>\n<p>Mais le <em>progr\u00e8s d\u00e9cisif<\/em> a \u00e9t\u00e9 obtenu par l&#8217;emploi d&#8217;un terme interm\u00e9diaire entre l&#8217;inducteur et l&#8217;induit; les bobinages inducteurs et les bobinages induits sont dispos\u00e9s selon un ordre altern\u00e9 \u00e0 l&#8217;int\u00e9rieur d&#8217;une jante fixe; une jante en mat\u00e9riau non magn\u00e9tique (<strong>cuivre<\/strong>, laiton) porte des masses de <strong>fer<\/strong> doux de longueur telle qu&#8217;elles couplent un noyau de bobinage inducteur avec un noyau de bobinage induit, et r\u00e9alisent ensuite le d\u00e9couplage en sens inverse; la jante portant les coupleurs tourne \u00e0 l&#8217;int\u00e9rieur de celle qui porte les bobinages inducteurs et les bobinages induits; ne comportant aucun isolement ni organe sous tension, la jante int\u00e9rieure, portant les coupleurs, peut \u00eatre r\u00e9alis\u00e9e avec une grande pr\u00e9cision d&#8217;usinage, si bien que les entrefers peuvent \u00eatre extr\u00eamement r\u00e9duits; sa simplicit\u00e9 et sa construction enti\u00e8rement m\u00e9tallique la rendent tr\u00e8s r\u00e9sistante \u00e0 la force centrifuge, ce qui autorise la construction d&#8217;une machine \u00e0 grande puissance. (Simondon 2005:247)<\/p>\n<p>SIMONDON, Gilbert. 2005. <em>L\u2019Invention dans les techniques<\/em>. Paris: \u00c9ditions du Seuil.<\/p>\n","protected":false},"excerpt":{"rendered":"<p>Dans le transformateur industriel, la pr\u00e9occupation dominante est celle du rendement et de l&#8217;\u00e9vacuation de la chaleur; comme les caract\u00e9ristiques d&#8217;hyst\u00e9r\u00e9sis des premi\u00e8res t\u00f4les de transformateur \u00e9taient moins bonnes que celles des transformateurs actuels, c&#8217;est le circuit magn\u00e9tique qui s&#8217;\u00e9chauffait le plus, d&#8217;o\u00f9 la disposition [fig. 49b, 50, 51] remettant le cuivre \u00e0 l&#8217;int\u00e9rieur et le fer \u00e0 l&#8217;ext\u00e9rieur, ou [&hellip;]<\/p>\n","protected":false},"author":2,"featured_media":0,"parent":1212,"menu_order":0,"comment_status":"closed","ping_status":"closed","template":"","meta":{"footnotes":""},"class_list":["post-1613","page","type-page","status-publish","hentry"],"jetpack_sharing_enabled":true,"_links":{"self":[{"href":"https:\/\/www.laspa.slg.br\/en\/wp-json\/wp\/v2\/pages\/1613","targetHints":{"allow":["GET"]}}],"collection":[{"href":"https:\/\/www.laspa.slg.br\/en\/wp-json\/wp\/v2\/pages"}],"about":[{"href":"https:\/\/www.laspa.slg.br\/en\/wp-json\/wp\/v2\/types\/page"}],"author":[{"embeddable":true,"href":"https:\/\/www.laspa.slg.br\/en\/wp-json\/wp\/v2\/users\/2"}],"replies":[{"embeddable":true,"href":"https:\/\/www.laspa.slg.br\/en\/wp-json\/wp\/v2\/comments?post=1613"}],"version-history":[{"count":1,"href":"https:\/\/www.laspa.slg.br\/en\/wp-json\/wp\/v2\/pages\/1613\/revisions"}],"predecessor-version":[{"id":1614,"href":"https:\/\/www.laspa.slg.br\/en\/wp-json\/wp\/v2\/pages\/1613\/revisions\/1614"}],"up":[{"embeddable":true,"href":"https:\/\/www.laspa.slg.br\/en\/wp-json\/wp\/v2\/pages\/1212"}],"wp:attachment":[{"href":"https:\/\/www.laspa.slg.br\/en\/wp-json\/wp\/v2\/media?parent=1613"}],"curies":[{"name":"wp","href":"https:\/\/api.w.org\/{rel}","templated":true}]}}