{"id":1512,"date":"2023-03-31T04:06:16","date_gmt":"2023-03-31T04:06:16","guid":{"rendered":"https:\/\/www.laspa.slg.br\/?page_id=1512"},"modified":"2023-03-31T04:06:16","modified_gmt":"2023-03-31T04:06:16","slug":"polonio-em-simondon-2005-1958","status":"publish","type":"page","link":"https:\/\/www.laspa.slg.br\/en\/projetos\/a-agencia-social-dos-elementos-quimicos\/levantamentos-da-presenca-de-elementos-quimicos-em-livros\/polonio-em-simondon-2005-1958\/","title":{"rendered":"Pol\u00f4nio em Simondon (2005 [1958])"},"content":{"rendered":"<p>Il serait ais\u00e9 de compl\u00e9ter cette analyse en montrant comment la m\u00eame application du raisonnement transductif a permis d&#8217;unifier le domaine entier des radiations \u00e9lectromagn\u00e9tiques en instaurant des continuit\u00e9s exp\u00e9rimentales entre les autres domaines, selon un encha\u00eenement complet. Schumann, Lyman, puis Millikan \u00e9tablirent la continuit\u00e9 entre le spectre visible et les rayons X (de 0,4 \u00e0 0,0438 milli\u00e8mes de millim\u00e8tre, soit de 4000 \u00e0 438 AO). Ainsi, commenc\u00e8rent \u00e0 \u00eatre connus les rayons X interm\u00e9diaires, trop longs pour se diffracter sur les r\u00e9seaux naturels que sont les cristaux, dont la maille mesure habituellement quelques Ao . Et ce furent enfin les domaines des rayons X et des rayons \u03b3  qui furent trouv\u00e9s en \u00e9tat de continuit\u00e9 et m\u00eame de recouvrement assez important, puisque les rayons \u03b3  du <strong>polonium<\/strong> ont une longueur d&#8217;onde de 2,5 AO, ce qui les identifie aux rayons X mous ordinaires. Ils constituent la m\u00eame r\u00e9alit\u00e9 physique, et, si on leur conserve un nom particulier, c&#8217;est seulement pour rappeler leur mode de production. Mais on pourrait aussi bien les nommer rayons X. Le tableau g\u00e9n\u00e9ral des radiations \u00e9lectromagn\u00e9tiques, tel que le donne Louis de Broglie, s&#8217;\u00e9tend de 10-3 AO \u00e0 3 \u00d7 1014 AO, c&#8217;est-\u00e0-dire de IO-10 millim\u00e8tres \u00e0 30 000 m\u00e8tres environ. Il est possible de passer, sans aucune solution de continuit\u00e9, des rayons y les plus p\u00e9n\u00e9trants aux ondes&#8217;les plus longues de la t\u00e9l\u00e9graphie sans fil. La connaissance de l&#8217;unit\u00e9 et de la diversit\u00e9 de ce ph\u00e9nom\u00e8ne si largement \u00e9tal\u00e9 sur une \u00e9chelle num\u00e9rique est un des plus beaux succ\u00e8s de cette m\u00e9thode transductive qui est le fondement du progr\u00e8s de la physique. Or, cet immense monument de logique est aussi en \u00e9troite co\u00efncidence avec le r\u00e9el, et cela jusque dans les techniques les plus fines : le thermom\u00e8tre \u00e9lectromagn\u00e9tique du Massachussets Institute of Technology, recevant \u00e0 la mani\u00e8re d&#8217;un r\u00e9cepteur radio\u00e9lectrique d&#8217;ondes tr\u00e8s courtes les perturbations \u00e9lectromagn\u00e9tiques \u00e9mises par les astres a permis de mesurer les temp\u00e9ratures du soleil (10 000\u00b0 K), de la lune (292\u00b0 K), de l&#8217;espace noir du ciel (moins de 10\u00b0 K). Le th\u00e9odolite radio\u00e9lectrique permet de rep\u00e9rer la position du Soleil par temps couvert. Le radar, dix \u00e0 vingt fois plus sensible que l&#8217;\u0153il, peut d\u00e9celer le passage des m\u00e9t\u00e9ores invisibles avec les instruments d&#8217;optique. (Simondon 2005 [1958]:107-8)<\/p>\n<p>SIMONDON, Gilbert. 2005 [1958]. <em>L&#8217;individuation \u00e0 la lumi\u00e8re des notions de forme et d&#8217;information<\/em>. Grenoble: \u00c9ditions J\u00e9r\u00f4me Millon.<\/p>\n","protected":false},"excerpt":{"rendered":"<p>Il serait ais\u00e9 de compl\u00e9ter cette analyse en montrant comment la m\u00eame application du raisonnement transductif a permis d&#8217;unifier le domaine entier des radiations \u00e9lectromagn\u00e9tiques en instaurant des continuit\u00e9s exp\u00e9rimentales entre les autres domaines, selon un encha\u00eenement complet. Schumann, Lyman, puis Millikan \u00e9tablirent la continuit\u00e9 entre le spectre visible et les rayons X (de 0,4 \u00e0 0,0438 milli\u00e8mes de millim\u00e8tre, [&hellip;]<\/p>\n","protected":false},"author":2,"featured_media":0,"parent":1212,"menu_order":0,"comment_status":"closed","ping_status":"closed","template":"","meta":{"footnotes":""},"class_list":["post-1512","page","type-page","status-publish","hentry"],"jetpack_sharing_enabled":true,"_links":{"self":[{"href":"https:\/\/www.laspa.slg.br\/en\/wp-json\/wp\/v2\/pages\/1512","targetHints":{"allow":["GET"]}}],"collection":[{"href":"https:\/\/www.laspa.slg.br\/en\/wp-json\/wp\/v2\/pages"}],"about":[{"href":"https:\/\/www.laspa.slg.br\/en\/wp-json\/wp\/v2\/types\/page"}],"author":[{"embeddable":true,"href":"https:\/\/www.laspa.slg.br\/en\/wp-json\/wp\/v2\/users\/2"}],"replies":[{"embeddable":true,"href":"https:\/\/www.laspa.slg.br\/en\/wp-json\/wp\/v2\/comments?post=1512"}],"version-history":[{"count":1,"href":"https:\/\/www.laspa.slg.br\/en\/wp-json\/wp\/v2\/pages\/1512\/revisions"}],"predecessor-version":[{"id":1513,"href":"https:\/\/www.laspa.slg.br\/en\/wp-json\/wp\/v2\/pages\/1512\/revisions\/1513"}],"up":[{"embeddable":true,"href":"https:\/\/www.laspa.slg.br\/en\/wp-json\/wp\/v2\/pages\/1212"}],"wp:attachment":[{"href":"https:\/\/www.laspa.slg.br\/en\/wp-json\/wp\/v2\/media?parent=1512"}],"curies":[{"name":"wp","href":"https:\/\/api.w.org\/{rel}","templated":true}]}}