{"id":1504,"date":"2023-03-31T03:52:56","date_gmt":"2023-03-31T03:52:56","guid":{"rendered":"https:\/\/www.laspa.slg.br\/?page_id=1504"},"modified":"2023-03-31T03:52:56","modified_gmt":"2023-03-31T03:52:56","slug":"chumbo-em-simondon-2005-1958","status":"publish","type":"page","link":"https:\/\/www.laspa.slg.br\/en\/projetos\/a-agencia-social-dos-elementos-quimicos\/levantamentos-da-presenca-de-elementos-quimicos-em-livros\/chumbo-em-simondon-2005-1958\/","title":{"rendered":"Chumbo em Simondon (2005 [1958])"},"content":{"rendered":"<p>Or, si l&#8217;existence d&#8217;oscillations v\u00e9ritables dans des syst\u00e8mes physiques peut permettre de d\u00e9finir comme \u00e9nergies potentielles \u00e9quivalentes par leur forme des \u00e9nergies qui peuvent \u00eatre soumises \u00e0 des transformations r\u00e9versibles et sont ainsi susceptibles d&#8217;\u00eatre \u00e9gales par leur quantit\u00e9, il existe aussi des syst\u00e8mes dans lesquels une irr\u00e9versibilit\u00e9 des transformations manifeste une diff\u00e9rence d&#8217;ordre entre les \u00e9nergies potentielles. La plus connue des irr\u00e9versibilit\u00e9s est celle qu&#8217;illustrent les recherches de la Thermodynamique et que le second principe de cette science (principe de Carnot-Clausius) \u00e9nonce pour les transformations successives d&#8217;un syst\u00e8me ferm\u00e9. Selon ce principe, l&#8217;entropie d&#8217;un syst\u00e8me ferm\u00e9 augmente au cours des transformations successives [Sauf dans le cas particulier id\u00e9al de transformations enti\u00e8rement r\u00e9versibles, o\u00f9 l&#8217;entropie reste constante.]. La th\u00e9orie du rendement th\u00e9orique maximum des moteurs thermiques est conforme \u00e0 ce principe, et le v\u00e9rifie, dans la mesure o\u00f9 une th\u00e9orie peut \u00eatre valid\u00e9e par la f\u00e9condit\u00e9 des cons\u00e9quences qu&#8217;on en tire. Mais cette irr\u00e9versibilit\u00e9 des transformations de l&#8217;\u00e9nergie m\u00e9canique en \u00e9nergie calorifique n&#8217;est peut-\u00eatre pas la seule qui existe. De plus, l&#8217;aspect apparemment hi\u00e9rarchique impliqu\u00e9 dans ce rapport d&#8217;une forme noble \u00e0 une forme d\u00e9grad\u00e9e de l&#8217;\u00e9nergie risque de voiler la nature m\u00eame de cette irr\u00e9versibilit\u00e9. Nous avons ici affaire \u00e0 un changement de l&#8217;ordre de grandeur et du nombre des syst\u00e8mes dans lesquels existe cette \u00e9nergie; en fait, l&#8217;\u00e9nergie peut ne pas changer de nature, et changer pourtant d&#8217;ordre; c&#8217;est ce qui se passe lorsque l&#8217;\u00e9nergie cin\u00e9tique d&#8217;un corps en mouvement se transforme en chaleur, comme dans l&#8217;exemple souvent employ\u00e9 en physique de la balle en <strong>plomb<\/strong> rencontrant un plan ind\u00e9formable et transformant toute son \u00e9nergie en chaleur: la quantit\u00e9 d&#8217;\u00e9nergie cin\u00e9tique reste la m\u00eame, mais ce qui \u00e9tait \u00e9nergie de la balle dans son ensemble, consid\u00e9r\u00e9e par rapport \u00e0 des axes de r\u00e9f\u00e9rence pour lesquels le plan ind\u00e9formable est immobile, devient \u00e9nergie de chaque mol\u00e9cule en d\u00e9placement par rapport \u00e0 d&#8217;autres mol\u00e9cules \u00e0 l&#8217;int\u00e9rieur de la balle. C&#8217;est la structure du syst\u00e8me physique qui a chang\u00e9; si cette structure pouvait \u00eatre transform\u00e9e en sens inverse, la transformation de l&#8217;\u00e9nergie aussi deviendrait r\u00e9versible. L&#8217;irr\u00e9versibilit\u00e9 tient ici au passage d&#8217;une structure macroscopique unifi\u00e9e \u00e0 une structure microscopique fragment\u00e9e et d\u00e9sordonn\u00e9e [On pourrait dire que l&#8217;\u00e9nergie a pass\u00e9 d&#8217;un syst\u00e8me formel de supports (ordre de dimensions sup\u00e9rieur \u00e0 celui du th\u00e9\u00e2tre des transformations, qui est la balle) \u00e0 1II1 syst\u00e8me mat\u00e9riel, d&#8217;ordre dimensionnel inf\u00e9rieur \u00e0 celui du th\u00e9\u00e2tre des transformations, les diff\u00e9rentes mol\u00e9cules de la balle.  ] ; la notion de d\u00e9sordre exprime d&#8217;ailleurs la fragmentation microphysique elle-m\u00eame; en effet, si les d\u00e9placements mol\u00e9culaires \u00e9taient ordonn\u00e9s, le syst\u00e8me serait en fait unifi\u00e9 ; on peut consid\u00e9rer le syst\u00e8me macroscopique form\u00e9 par la balle en d\u00e9placement par rapport \u00e0 un plan ind\u00e9formable et par ce plan comme un ensemble ordonn\u00e9 de mol\u00e9cules anim\u00e9es de mouvements parall\u00e8les; un syst\u00e8me microscopique ordonn\u00e9 est en fait de structure macroscopique. (Simondon 2005 [1958]:70)<\/p>\n<p>SIMONDON, Gilbert. 2005 [1958]. <em>L&#8217;individuation \u00e0 la lumi\u00e8re des notions de forme et d&#8217;information<\/em>. Grenoble: \u00c9ditions J\u00e9r\u00f4me Millon.<\/p>\n","protected":false},"excerpt":{"rendered":"<p>Or, si l&#8217;existence d&#8217;oscillations v\u00e9ritables dans des syst\u00e8mes physiques peut permettre de d\u00e9finir comme \u00e9nergies potentielles \u00e9quivalentes par leur forme des \u00e9nergies qui peuvent \u00eatre soumises \u00e0 des transformations r\u00e9versibles et sont ainsi susceptibles d&#8217;\u00eatre \u00e9gales par leur quantit\u00e9, il existe aussi des syst\u00e8mes dans lesquels une irr\u00e9versibilit\u00e9 des transformations manifeste une diff\u00e9rence d&#8217;ordre entre les \u00e9nergies potentielles. La plus [&hellip;]<\/p>\n","protected":false},"author":2,"featured_media":0,"parent":1212,"menu_order":0,"comment_status":"closed","ping_status":"closed","template":"","meta":{"footnotes":""},"class_list":["post-1504","page","type-page","status-publish","hentry"],"jetpack_sharing_enabled":true,"_links":{"self":[{"href":"https:\/\/www.laspa.slg.br\/en\/wp-json\/wp\/v2\/pages\/1504","targetHints":{"allow":["GET"]}}],"collection":[{"href":"https:\/\/www.laspa.slg.br\/en\/wp-json\/wp\/v2\/pages"}],"about":[{"href":"https:\/\/www.laspa.slg.br\/en\/wp-json\/wp\/v2\/types\/page"}],"author":[{"embeddable":true,"href":"https:\/\/www.laspa.slg.br\/en\/wp-json\/wp\/v2\/users\/2"}],"replies":[{"embeddable":true,"href":"https:\/\/www.laspa.slg.br\/en\/wp-json\/wp\/v2\/comments?post=1504"}],"version-history":[{"count":1,"href":"https:\/\/www.laspa.slg.br\/en\/wp-json\/wp\/v2\/pages\/1504\/revisions"}],"predecessor-version":[{"id":1505,"href":"https:\/\/www.laspa.slg.br\/en\/wp-json\/wp\/v2\/pages\/1504\/revisions\/1505"}],"up":[{"embeddable":true,"href":"https:\/\/www.laspa.slg.br\/en\/wp-json\/wp\/v2\/pages\/1212"}],"wp:attachment":[{"href":"https:\/\/www.laspa.slg.br\/en\/wp-json\/wp\/v2\/media?parent=1504"}],"curies":[{"name":"wp","href":"https:\/\/api.w.org\/{rel}","templated":true}]}}