{"id":1502,"date":"2023-03-31T03:51:13","date_gmt":"2023-03-31T03:51:13","guid":{"rendered":"https:\/\/www.laspa.slg.br\/?page_id=1502"},"modified":"2023-03-31T03:51:13","modified_gmt":"2023-03-31T03:51:13","slug":"aluminio-estanho-e-chumbo-em-simondon-2005-1958","status":"publish","type":"page","link":"https:\/\/www.laspa.slg.br\/en\/projetos\/a-agencia-social-dos-elementos-quimicos\/levantamentos-da-presenca-de-elementos-quimicos-em-livros\/aluminio-estanho-e-chumbo-em-simondon-2005-1958\/","title":{"rendered":"Alum\u00ednio, estanho e chumbo em Simondon (2005 [1958])"},"content":{"rendered":"<p>L&#8217;importance des discontinuit\u00e9s quantiques est donc variable avec la vitesse de la particule. Ce r\u00e9sultat d\u00e9ductif est important, car il montre qu&#8217;une particule comme un \u00e9lectron tend vers un r\u00e9gime de continuit\u00e9 quand sa vitesse tend vers celle de la lumi\u00e8re; elle est alors fonctionnellement macroscopique. Mais on doit se demander si cette conclusion est pleinement valable. Quel est en effet le v\u00e9ritable sens de cette limite, \u00e0 savoir la vitesse de la lumi\u00e8re? Ce n&#8217;est pas la mesure exacte de cette vitesse qui importe absolument, mais bien l&#8217;existence d&#8217;une limite qui ne peut pas \u00eatre atteinte. Or, que se passerait-il si un \u00e9lectron atteignait une vitesse tr\u00e8s voisine de celle de la lumi\u00e8re? N&#8217;existe-t-il pas un seuil au del\u00e0 duquel le ph\u00e9nom\u00e8ne changerait compl\u00e8tement d&#8217;aspect? La physique a d\u00e9j\u00e0 pr\u00e9sent\u00e9 au moins un exemple tr\u00e8s important de l&#8217;existence d&#8217;une limite que l&#8217;on ne pouvait pr\u00e9voir par simple extrapolation : on peut tracer les courbes qui donnent les r\u00e9sistivit\u00e9s des m\u00e9taux en fonction de la temp\u00e9rature, et ces courbes sont assez r\u00e9guli\u00e8res dans un intervalle de plusieurs centaines de degr\u00e9s. La th\u00e9orie montre qu&#8217;au voisinage du z\u00e9ro absolu, la r\u00e9sistivit\u00e9 d&#8217;un m\u00e9tal doit tendre vers z\u00e9ro. Or, l&#8217;exp\u00e9rience montre que pour certains corps, la r\u00e9sistivit\u00e9, au lieu de d\u00e9cro\u00eetre peu \u00e0 peu, tombe brusquement au-dessous de toute valeur mesurable; c&#8217;est la supraconductibilit\u00e9. Ce ph\u00e9nom\u00e8ne se produit \u00e0 7,2\u00b0 absolus pour le <strong>plomb<\/strong>, de 3,78\u00b0 pour <strong>l&#8217;\u00e9tain<\/strong>, de l,14\u00b0 pour <strong>l&#8217;aluminium<\/strong> (exp\u00e9rience de Kamerlingh Onnes). Les modernes acc\u00e9l\u00e9rateurs de particules permettent de lancer les \u00e9lectrons \u00e0 des vitesses tr\u00e8s voisines de celles de la lumi\u00e8re. L&#8217;\u00e9nergie peut alors devenir consid\u00e9rable, COmme dans le b\u00eatatron de 100 millions d&#8217;\u00e9lectrons volts de Schenectady, sans que les pr\u00e9visions conformes \u00e0 la th\u00e9orie de la relativit\u00e9 soient en aucune mani\u00e8re mises en d\u00e9faut; cependant, on peut supposer qu&#8217;il existe un seuil non encore atteint au del\u00e0 duquel le ph\u00e9nom\u00e8ne changerait si nous pouvions l&#8217;atteindre. Il existe par cons\u00e9quent actuellement une limite empirique \u00e0 l&#8217;application du principe de la relativit\u00e9 \u00e0 l&#8217;\u00e9lectron; il est difficile de concevoir que cette limite puisse \u00eatre supprim\u00e9e, car on ne peut communiquer une \u00e9nergie infinie \u00e0 un \u00e9lectron. Par ailleurs, il semble exister certaines n\u00e9cessit\u00e9s th\u00e9oriques de concevoir une limite sup\u00e9rieure \u00e0 des grandeurs caract\u00e9ristiques de l&#8217;\u00e9lectron, comme celle du champ \u00e9lectrique qui r\u00e8gne sur le rayon de l&#8217;\u00e9lectron (dans la repr\u00e9sentation classique) ; or, si  l&#8217;on cherche la temp\u00e9rature d&#8217;un corps noir dont la densit\u00e9 d&#8217;\u00e9nergie de radiation serait due \u00e0 la propagation de ce champ maximum, on trouve une temp\u00e9rature sup\u00e9rieure de l&#8217;ordre de 10 12 degr\u00e9s Kelvin. Cette temp\u00e9rature est celle qui para\u00eet r\u00e9gner au centre de certaines \u00e9toiles naines blanches. On ne conna\u00eet ni temp\u00e9ratures plus \u00e9lev\u00e9es, ni champs \u00e9lectromagn\u00e9tiques plus intenses. (d&#8217;apr\u00e8s Y. Rocard, Electricit\u00e9, p. 360). (Simondon 2005 [1958]:127-8)<\/p>\n<p>SIMONDON, Gilbert. 2005 [1958]. <em>L&#8217;individuation \u00e0 la lumi\u00e8re des notions de forme et d&#8217;information<\/em>. Grenoble: \u00c9ditions J\u00e9r\u00f4me Millon.<\/p>\n","protected":false},"excerpt":{"rendered":"<p>L&#8217;importance des discontinuit\u00e9s quantiques est donc variable avec la vitesse de la particule. Ce r\u00e9sultat d\u00e9ductif est important, car il montre qu&#8217;une particule comme un \u00e9lectron tend vers un r\u00e9gime de continuit\u00e9 quand sa vitesse tend vers celle de la lumi\u00e8re; elle est alors fonctionnellement macroscopique. Mais on doit se demander si cette conclusion est pleinement valable. Quel est en [&hellip;]<\/p>\n","protected":false},"author":2,"featured_media":0,"parent":1212,"menu_order":0,"comment_status":"closed","ping_status":"closed","template":"","meta":{"footnotes":""},"class_list":["post-1502","page","type-page","status-publish","hentry"],"jetpack_sharing_enabled":true,"_links":{"self":[{"href":"https:\/\/www.laspa.slg.br\/en\/wp-json\/wp\/v2\/pages\/1502","targetHints":{"allow":["GET"]}}],"collection":[{"href":"https:\/\/www.laspa.slg.br\/en\/wp-json\/wp\/v2\/pages"}],"about":[{"href":"https:\/\/www.laspa.slg.br\/en\/wp-json\/wp\/v2\/types\/page"}],"author":[{"embeddable":true,"href":"https:\/\/www.laspa.slg.br\/en\/wp-json\/wp\/v2\/users\/2"}],"replies":[{"embeddable":true,"href":"https:\/\/www.laspa.slg.br\/en\/wp-json\/wp\/v2\/comments?post=1502"}],"version-history":[{"count":1,"href":"https:\/\/www.laspa.slg.br\/en\/wp-json\/wp\/v2\/pages\/1502\/revisions"}],"predecessor-version":[{"id":1503,"href":"https:\/\/www.laspa.slg.br\/en\/wp-json\/wp\/v2\/pages\/1502\/revisions\/1503"}],"up":[{"embeddable":true,"href":"https:\/\/www.laspa.slg.br\/en\/wp-json\/wp\/v2\/pages\/1212"}],"wp:attachment":[{"href":"https:\/\/www.laspa.slg.br\/en\/wp-json\/wp\/v2\/media?parent=1502"}],"curies":[{"name":"wp","href":"https:\/\/api.w.org\/{rel}","templated":true}]}}