{"id":1500,"date":"2023-03-31T03:49:04","date_gmt":"2023-03-31T03:49:04","guid":{"rendered":"https:\/\/www.laspa.slg.br\/?page_id=1500"},"modified":"2023-03-31T03:49:04","modified_gmt":"2023-03-31T03:49:04","slug":"mercurio-em-simondon-2005-1958","status":"publish","type":"page","link":"https:\/\/www.laspa.slg.br\/en\/projetos\/a-agencia-social-dos-elementos-quimicos\/levantamentos-da-presenca-de-elementos-quimicos-em-livros\/mercurio-em-simondon-2005-1958\/","title":{"rendered":"Merc\u00fario em Simondon (2005 [1958])"},"content":{"rendered":"<p>La quatri\u00e8me \u00e9tape de la recherche inductive relative au corpuscule d&#8217;\u00e9lectricit\u00e9 n\u00e9gative pr\u00e9sente le m\u00eame caract\u00e8re que les trois pr\u00e9c\u00e9dentes ; mais elle met en jeu, en quelque mani\u00e8re, la quantit\u00e9 \u00e9l\u00e9mentaire d&#8217;\u00e9lectricit\u00e9 \u00e0 l&#8217;\u00e9tat individuel, non dans sa r\u00e9alit\u00e9 corpusculaire visible, mais par l&#8217;effet discontinu qu&#8217;elle produit lorsqu&#8217;elle se joint \u00e0 une tr\u00e8s fine particule mat\u00e9rielle. Ici encore, nous voyons la discontinuit\u00e9 de l&#8217;\u00e9lectricit\u00e9 manifest\u00e9e par une situation o\u00f9 s&#8217;effectuent des variations de charge de particules mat\u00e9rielles. L&#8217;\u00e9lectron n&#8217;est pas saisi directement en lui-m\u00eame comme particule individualis\u00e9e. L&#8217;exp\u00e9rience de Millikan consiste en effet \u00e0 introduire, entre les plateaux d&#8217;un condensateur, de tr\u00e8s fines gouttes d&#8217;un liquide non volatil (huile, <strong>mercure<\/strong>). Ces gouttes sont \u00e9lectris\u00e9es par leur passage dans le vaporisateur qui les produit. En l&#8217;absence de champ entre les armatures du condensateur, elles tombent lentement. Lorsqu&#8217;un champ existe, le mouvement se trouve acc\u00e9l\u00e9r\u00e9 ou retard\u00e9, et on peut mesurer la variation de vitesse. Or, en ionisant l&#8217;air compris entre les plateaux, on constate que la vitesse d&#8217;une goutte donn\u00e9e subit de temps \u00e0 autre de brusques variations. On interpr\u00e8te ces variations en admettant que la charge de la goutte varie quand elle rencontre un des ions du gaz. Les mesures montrent que les charges captur\u00e9es sont des multiples simples d&#8217;une charge \u00e9l\u00e9mentaire, \u00e9quivalent \u00e0 4,802.10- 10 unit\u00e9s \u00e9lectrostatiques. \u00c0 cette exp\u00e9rience s&#8217;ajoutent celles o\u00f9 l&#8217;\u00e9lectron intervient par la discontinuit\u00e9 de sa charge. (Simondon 2005 [1958]:121)<\/p>\n<p>SIMONDON, Gilbert. 2005 [1958]. <em>L&#8217;individuation \u00e0 la lumi\u00e8re des notions de forme et d&#8217;information<\/em>. Grenoble: \u00c9ditions J\u00e9r\u00f4me Millon.<\/p>\n","protected":false},"excerpt":{"rendered":"<p>La quatri\u00e8me \u00e9tape de la recherche inductive relative au corpuscule d&#8217;\u00e9lectricit\u00e9 n\u00e9gative pr\u00e9sente le m\u00eame caract\u00e8re que les trois pr\u00e9c\u00e9dentes ; mais elle met en jeu, en quelque mani\u00e8re, la quantit\u00e9 \u00e9l\u00e9mentaire d&#8217;\u00e9lectricit\u00e9 \u00e0 l&#8217;\u00e9tat individuel, non dans sa r\u00e9alit\u00e9 corpusculaire visible, mais par l&#8217;effet discontinu qu&#8217;elle produit lorsqu&#8217;elle se joint \u00e0 une tr\u00e8s fine particule mat\u00e9rielle. Ici encore, nous [&hellip;]<\/p>\n","protected":false},"author":2,"featured_media":0,"parent":1212,"menu_order":0,"comment_status":"closed","ping_status":"closed","template":"","meta":{"footnotes":""},"class_list":["post-1500","page","type-page","status-publish","hentry"],"jetpack_sharing_enabled":true,"_links":{"self":[{"href":"https:\/\/www.laspa.slg.br\/en\/wp-json\/wp\/v2\/pages\/1500","targetHints":{"allow":["GET"]}}],"collection":[{"href":"https:\/\/www.laspa.slg.br\/en\/wp-json\/wp\/v2\/pages"}],"about":[{"href":"https:\/\/www.laspa.slg.br\/en\/wp-json\/wp\/v2\/types\/page"}],"author":[{"embeddable":true,"href":"https:\/\/www.laspa.slg.br\/en\/wp-json\/wp\/v2\/users\/2"}],"replies":[{"embeddable":true,"href":"https:\/\/www.laspa.slg.br\/en\/wp-json\/wp\/v2\/comments?post=1500"}],"version-history":[{"count":1,"href":"https:\/\/www.laspa.slg.br\/en\/wp-json\/wp\/v2\/pages\/1500\/revisions"}],"predecessor-version":[{"id":1501,"href":"https:\/\/www.laspa.slg.br\/en\/wp-json\/wp\/v2\/pages\/1500\/revisions\/1501"}],"up":[{"embeddable":true,"href":"https:\/\/www.laspa.slg.br\/en\/wp-json\/wp\/v2\/pages\/1212"}],"wp:attachment":[{"href":"https:\/\/www.laspa.slg.br\/en\/wp-json\/wp\/v2\/media?parent=1500"}],"curies":[{"name":"wp","href":"https:\/\/api.w.org\/{rel}","templated":true}]}}