{"id":1493,"date":"2023-03-31T03:39:21","date_gmt":"2023-03-31T03:39:21","guid":{"rendered":"https:\/\/www.laspa.slg.br\/?page_id=1493"},"modified":"2023-03-31T03:39:21","modified_gmt":"2023-03-31T03:39:21","slug":"litio-sodio-e-mercurio-em-simondon-2005-1958","status":"publish","type":"page","link":"https:\/\/www.laspa.slg.br\/en\/projetos\/a-agencia-social-dos-elementos-quimicos\/levantamentos-da-presenca-de-elementos-quimicos-em-livros\/litio-sodio-e-mercurio-em-simondon-2005-1958\/","title":{"rendered":"L\u00edtio, s\u00f3dio e merc\u00fario em Simondon (2005 [1958])"},"content":{"rendered":"<p>La constante K de la loi exp\u00e9rimentale cit\u00e9e plus haut doit \u00eatre \u00e9gale \u00e0 la constante de Planck, h, car l&#8217;\u00e9lectron sortira avec une \u00e9nergie cin\u00e9tique \u00e9gale \u00e0 T = hv &#8211; w0 = h (v &#8211; vo), \u00e9galit\u00e9 que v\u00e9rifie l&#8217;\u00e9tude exp\u00e9rimentale de la lumi\u00e8re visible, des rayons X et \u03b3, comme l&#8217;ont montr\u00e9 en particulier les exp\u00e9riences de Millikan, avec une surface de <strong>lithium<\/strong> puis de <strong>sodium<\/strong> recevant la lumi\u00e8re \u00e9mise par un arc au <strong>mercure<\/strong>, celles de Maurice de Broglie pour les rayons X et enfin celles de Thibaud et Ellis pour les rayons \u03b3. (Simondon 2005 [1958]:133)<\/p>\n<p>SIMONDON, Gilbert. 2005 [1958]. <em>L&#8217;individuation \u00e0 la lumi\u00e8re des notions de forme et d&#8217;information<\/em>. Grenoble: \u00c9ditions J\u00e9r\u00f4me Millon.<\/p>\n","protected":false},"excerpt":{"rendered":"<p>La constante K de la loi exp\u00e9rimentale cit\u00e9e plus haut doit \u00eatre \u00e9gale \u00e0 la constante de Planck, h, car l&#8217;\u00e9lectron sortira avec une \u00e9nergie cin\u00e9tique \u00e9gale \u00e0 T = hv &#8211; w0 = h (v &#8211; vo), \u00e9galit\u00e9 que v\u00e9rifie l&#8217;\u00e9tude exp\u00e9rimentale de la lumi\u00e8re visible, des rayons X et \u03b3, comme l&#8217;ont montr\u00e9 en particulier les exp\u00e9riences de [&hellip;]<\/p>\n","protected":false},"author":2,"featured_media":0,"parent":1212,"menu_order":0,"comment_status":"closed","ping_status":"closed","template":"","meta":{"footnotes":""},"class_list":["post-1493","page","type-page","status-publish","hentry"],"jetpack_sharing_enabled":true,"_links":{"self":[{"href":"https:\/\/www.laspa.slg.br\/en\/wp-json\/wp\/v2\/pages\/1493","targetHints":{"allow":["GET"]}}],"collection":[{"href":"https:\/\/www.laspa.slg.br\/en\/wp-json\/wp\/v2\/pages"}],"about":[{"href":"https:\/\/www.laspa.slg.br\/en\/wp-json\/wp\/v2\/types\/page"}],"author":[{"embeddable":true,"href":"https:\/\/www.laspa.slg.br\/en\/wp-json\/wp\/v2\/users\/2"}],"replies":[{"embeddable":true,"href":"https:\/\/www.laspa.slg.br\/en\/wp-json\/wp\/v2\/comments?post=1493"}],"version-history":[{"count":1,"href":"https:\/\/www.laspa.slg.br\/en\/wp-json\/wp\/v2\/pages\/1493\/revisions"}],"predecessor-version":[{"id":1494,"href":"https:\/\/www.laspa.slg.br\/en\/wp-json\/wp\/v2\/pages\/1493\/revisions\/1494"}],"up":[{"embeddable":true,"href":"https:\/\/www.laspa.slg.br\/en\/wp-json\/wp\/v2\/pages\/1212"}],"wp:attachment":[{"href":"https:\/\/www.laspa.slg.br\/en\/wp-json\/wp\/v2\/media?parent=1493"}],"curies":[{"name":"wp","href":"https:\/\/api.w.org\/{rel}","templated":true}]}}