{"id":1491,"date":"2023-03-31T03:37:18","date_gmt":"2023-03-31T03:37:18","guid":{"rendered":"https:\/\/www.laspa.slg.br\/?page_id=1491"},"modified":"2023-03-31T03:37:18","modified_gmt":"2023-03-31T03:37:18","slug":"hidrogenio-helio-e-radio-em-simondon-2005-1958","status":"publish","type":"page","link":"https:\/\/www.laspa.slg.br\/en\/projetos\/a-agencia-social-dos-elementos-quimicos\/levantamentos-da-presenca-de-elementos-quimicos-em-livros\/hidrogenio-helio-e-radio-em-simondon-2005-1958\/","title":{"rendered":"Hidrog\u00eanio, h\u00e9lio e r\u00e1dio em Simondon (2005 [1958])"},"content":{"rendered":"<p>La nouvelle m\u00e9canique restait th\u00e9orique tant qu&#8217;elle s&#8217;appliquait aux corps \u00e9tudi\u00e9s par la macrophysique ; en effet, la m\u00e9canique relativiste est valable pour tous les corps mat\u00e9riels ; elle avait d\u00e9j\u00e0 r\u00e9ussi \u00e0 expliquer \u00ab les trois ph\u00e9nom\u00e8nes en 10-8 \u00bb que la m\u00e9canique classique ne r\u00e9ussissait pas \u00e0 expliquer: le d\u00e9placement du p\u00e9rih\u00e9lie de la plan\u00e8te Mercure, constat\u00e9 depuis longtemps, expliqu\u00e9 par la th\u00e9orie de la relativit\u00e9, lui donnait beaucoup de force. La d\u00e9viation de la lumi\u00e8re par le soleil, observ\u00e9e lors d&#8217;une \u00e9clipse, confirmait le principe de la relativit\u00e9 restreinte. Le changement de couleur des sources de lumi\u00e8re en mouvement aboutissait \u00e0 la m\u00eame confirmation. Cependant, cette th\u00e9orie de la relativit\u00e9, qui est une m\u00e9canique des mouvements extr\u00eamement rapides, pouvait encore \u00eatre contest\u00e9e dans les domaines de la macrophysique. Le Ch\u00e2telier, dans l&#8217;ouvrage intitul\u00e9: L&#8217;Industrie, la science et l&#8217;organisation au ne si\u00e8cle, d\u00e9clare en parlant de la th\u00e9orie de la relativit\u00e9: \u00ab De semblables sp\u00e9culations peuvent int\u00e9resser le philosophe, mais ne doivent pas retenir un seul instant l&#8217;attention des hommes d&#8217;action qui pr\u00e9tendent commander \u00e0 la nature, diriger ses transformations \u00bb. Plus loin, l&#8217;auteur ajoute: \u00ab Aujourd&#8217;hui la probabilit\u00e9 de voir mettre en d\u00e9faut les lois de Newton et de Lavoisier n&#8217;est pas de l&#8217;ordre du milliardi\u00e8me. C&#8217;est donc folie de se pr\u00e9occuper de semblables \u00e9ventualit\u00e9s, d&#8217;en parler et m\u00eame de s&#8217;y arr\u00eater un seul instant \u00bb. Le Ch\u00e2telier appuyait son argumentation sur le fait que la th\u00e9orie relativiste ne donne des r\u00e9sultats diff\u00e9rents de ceux de la m\u00e9canique classique que pour les corps anim\u00e9s de vitesses sup\u00e9rieures \u00e0 10 000 kilom\u00e8tres par seconde. \u00ab Or, sur la terre, nous ne savons pas produire des vitesses sup\u00e9rieures \u00e0 1 kilom\u00e8tre, celle des projectiles de la fameuse Bertha. Il n&#8217;y a gu\u00e8re que la plan\u00e8te Mercure qui poss\u00e8de une vitesse suffisante pour \u00eatre justiciable des sp\u00e9culations relativistes. M\u00eame dans ce cas, les perturbations pr\u00e9vues sont si faibles que l&#8217;on n&#8217;est pas encore arriv\u00e9 \u00e0 se mettre d&#8217;accord sur leur grandeur. \u00bb Le second argument est que: \u00ab en ce qui concerne la transmutation du <strong>radium<\/strong> en <strong>h\u00e9lium<\/strong>, tous les savants qui ont travaill\u00e9 ce probl\u00e8me ne sont pas encore arriv\u00e9s \u00e0 produire ensemble 10 milligrammes de ce gaz. Or, sur les millions de tonnes de mati\u00e8res que l&#8217;industrie transforme tous les jours, jamais une exception \u00e0 la loi de Lavoisier n&#8217;a pu \u00eatre constat\u00e9e \u00bb. D&#8217;un point de vue macroscopique et pragmatique, Le Ch\u00e2telier avait peut-\u00eatre raison, en apparence tout au moins; il pouvait avec vraisemblance accuser les partisans de la relativit\u00e9 de corrompre par leur \u00ab scepticisme\u00bb ,\u00e0 l&#8217;\u00e9gard de la loi de la gravitation de Newton et de la loi de la conservation des \u00e9l\u00e9ments de Lavoisier les \u00e9tudiants trop enclins \u00e0 suivre les snobs et les philosophes qui proclament que ces deux lois fondamentales de la science ne sont que les vestiges d&#8217;un pass\u00e9 d\u00e9suet, comme jadis Aristophane accusait Socrate de \u00ab Katvo\u00c0oyia \u00bb dans Les Nu\u00e9es, devant le public ath\u00e9nien inquiet de voir des id\u00e9es nouvelles se r\u00e9pandre. Pourtant, il y avait d\u00e9j\u00e0, sur la terre, et dans de simples montages r\u00e9alisables avec les appareils de physique d&#8217;un \u00e9tablissement d&#8217;enseignement au temps o\u00f9 Le Ch\u00e2telier s&#8217;\u00e9levait contre \u00ab la n\u00e9gation de tout bon sens\u00bb pour\u00ab mettre les points sur les i et s&#8217;expliquer clairement \u00bb, des corps anim\u00e9s de vitesses sup\u00e9rieures \u00e0 10 000 kilom\u00e8tres par seconde: les \u00e9lectrons en transit dans un tube \u00e0 rayons cathodiques; ces corpuscules appartiennent \u00e0 la microphysique par leur dimension, mais, dans un tube de quelques dizaines de centim\u00e8tres de long et avec l&#8217;\u00e9nergie que l&#8217;on peut recueillir aux bornes du secondaire d&#8217;une bobine de Ruhmkorff, il est possible de leur communiquer une vitesse sup\u00e9rieure \u00e0 celle des corps c\u00e9lestes les plus rapides: il y a ici rencontre de grandeurs qui, dans l&#8217;habituel classement des ph\u00e9nom\u00e8nes, n&#8217;\u00e9taient pas de la m\u00eame esp\u00e8ce. Un corpuscule 1836 fois plus l\u00e9ger que l&#8217;atome <strong>d&#8217;hydrog\u00e8ne<\/strong> se conduit comme une plan\u00e8te, au cours d&#8217;une exp\u00e9rience qui est de l&#8217;ordre de grandeur du corps humain, et qui demande une puissance comparable \u00e0 celle de nos muscles. (Simondon 2005 [1958]:123-4)<\/p>\n<p>Cette d\u00e9finition d&#8217;une mani\u00e8re nouvelle de penser le devenir, comportant le d\u00e9terminisme et l&#8217;ind\u00e9terminisme comme cas limites, s&#8217;applique \u00e0 d&#8217;autres domaines de r\u00e9alit\u00e9 que celui des corpuscules \u00e9l\u00e9mentaires; ainsi, on a pu obtenir la diffraction de faisceaux de mol\u00e9cules par les surfaces cristallines (Stern, en 1932, a obtenu la diffraction de rayons mol\u00e9culaires <strong>d&#8217;Hydrog\u00e8ne<\/strong> et <strong>d&#8217;H\u00e9lium<\/strong>, en v\u00e9rifiant la relation de Louis de Broglie entre la longueur d&#8217;onde et la vitesse, \u03bb = h \/ mv, \u00e0 1 % pr\u00e8s). (Simondon 2005 [1958]:142-3)<\/p>\n<p>SIMONDON, Gilbert. 2005 [1958]. <em>L&#8217;individuation \u00e0 la lumi\u00e8re des notions de forme et d&#8217;information<\/em>. Grenoble: \u00c9ditions J\u00e9r\u00f4me Millon.<\/p>\n","protected":false},"excerpt":{"rendered":"<p>La nouvelle m\u00e9canique restait th\u00e9orique tant qu&#8217;elle s&#8217;appliquait aux corps \u00e9tudi\u00e9s par la macrophysique ; en effet, la m\u00e9canique relativiste est valable pour tous les corps mat\u00e9riels ; elle avait d\u00e9j\u00e0 r\u00e9ussi \u00e0 expliquer \u00ab les trois ph\u00e9nom\u00e8nes en 10-8 \u00bb que la m\u00e9canique classique ne r\u00e9ussissait pas \u00e0 expliquer: le d\u00e9placement du p\u00e9rih\u00e9lie de la plan\u00e8te Mercure, constat\u00e9 depuis [&hellip;]<\/p>\n","protected":false},"author":2,"featured_media":0,"parent":1212,"menu_order":0,"comment_status":"closed","ping_status":"closed","template":"","meta":{"footnotes":""},"class_list":["post-1491","page","type-page","status-publish","hentry"],"jetpack_sharing_enabled":true,"_links":{"self":[{"href":"https:\/\/www.laspa.slg.br\/en\/wp-json\/wp\/v2\/pages\/1491","targetHints":{"allow":["GET"]}}],"collection":[{"href":"https:\/\/www.laspa.slg.br\/en\/wp-json\/wp\/v2\/pages"}],"about":[{"href":"https:\/\/www.laspa.slg.br\/en\/wp-json\/wp\/v2\/types\/page"}],"author":[{"embeddable":true,"href":"https:\/\/www.laspa.slg.br\/en\/wp-json\/wp\/v2\/users\/2"}],"replies":[{"embeddable":true,"href":"https:\/\/www.laspa.slg.br\/en\/wp-json\/wp\/v2\/comments?post=1491"}],"version-history":[{"count":1,"href":"https:\/\/www.laspa.slg.br\/en\/wp-json\/wp\/v2\/pages\/1491\/revisions"}],"predecessor-version":[{"id":1492,"href":"https:\/\/www.laspa.slg.br\/en\/wp-json\/wp\/v2\/pages\/1491\/revisions\/1492"}],"up":[{"embeddable":true,"href":"https:\/\/www.laspa.slg.br\/en\/wp-json\/wp\/v2\/pages\/1212"}],"wp:attachment":[{"href":"https:\/\/www.laspa.slg.br\/en\/wp-json\/wp\/v2\/media?parent=1491"}],"curies":[{"name":"wp","href":"https:\/\/api.w.org\/{rel}","templated":true}]}}