{"id":1477,"date":"2023-03-31T03:20:24","date_gmt":"2023-03-31T03:20:24","guid":{"rendered":"https:\/\/www.laspa.slg.br\/?page_id=1477"},"modified":"2023-03-31T03:20:24","modified_gmt":"2023-03-31T03:20:24","slug":"carbono-em-simondon-2005-1958","status":"publish","type":"page","link":"https:\/\/www.laspa.slg.br\/en\/projetos\/a-agencia-social-dos-elementos-quimicos\/levantamentos-da-presenca-de-elementos-quimicos-em-livros\/carbono-em-simondon-2005-1958\/","title":{"rendered":"Carbono em Simondon (2005 [1958])"},"content":{"rendered":"<p>Enfin, on doit distinguer du parasitisme asym\u00e9trique les formes sym\u00e9triques d&#8217;association qui sont une symbiose, comme celle que l&#8217;on voit dans les Lichens, compos\u00e9s d&#8217;une Algue qui \u00abparasite\u00bb un Champignon et d&#8217;un Champignon qui \u00abparasite\u00bb une Algue. Dans ce cas, en effet, la qualit\u00e9 totale d&#8217;organisation des \u00eatres ainsi constitu\u00e9s d\u00e9passe celle d&#8217;un seul individu; la r\u00e9gression morphologique de chacun des deux \u00eatres est beaucoup moins grande que dans le cas du parasitisme pur, parce qu&#8217;une causalit\u00e9 r\u00e9ciproque relie les deux \u00eatres selon une r\u00e9action positive; l&#8217;activit\u00e9 de chacun des \u00eatres se traduit par une capacit\u00e9 plus grande d&#8217;activit\u00e9 pour le partenaire [L&#8217;Algue verte effectue la synth\u00e8se chlorophyllienne et fournit des aliments au Champignon en d\u00e9composant le gaz carbonique de l&#8217;air. Le Champignon retient l&#8217;humidit\u00e9 et fixe le Lichen sur le support; il fournit de l&#8217;eau \u00e0 l&#8217;Algue verte.] ; au contraire, le parasitisme est fond\u00e9 sur une r\u00e9action n\u00e9gative qui constitue une mutuelle inhibition, ou tout au moins une inhibition exerc\u00e9e par le parasite sur l&#8217;h\u00f4te (ainsi, dans le cas o\u00f9 un m\u00e2le parasit\u00e9 pr\u00e9sente les caract\u00e8res d&#8217;une femelle, cette analogie est due \u00e0 l&#8217;influence inhibitrice exerc\u00e9e par le parasite sur son h\u00f4te; les caract\u00e8res sexuels secondaires paraissent dus \u00e0 un dimorphisme r\u00e9sultant d&#8217;une inhibition, chez la femelle, des caract\u00e8res correspondants qui se d\u00e9veloppent chez le m\u00e2le seul; cette inhibition &#8211; par exemple celle qui entrave le d\u00e9veloppement des phan\u00e8res &#8211; se manifeste dans le parasitisme [C&#8217;est le cas du Crabe m\u00e2le parasit\u00e9 par la Sacculine]. Dans l&#8217;association r\u00e9ciproque de symbiose, comme celle d&#8217;une Algue et d&#8217;un Champignon, cette double inhibition ne se manifeste pas; la causalit\u00e9 r\u00e9currente est ici positive, ce qui conduit \u00e0 une augmentation des capacit\u00e9s de l&#8217;ensemble form\u00e9; les Lichens arrivent \u00e0 pousser et \u00e0 prosp\u00e9rer l\u00e0 o\u00f9 ni algue ni champignon ne poussent, avec une grande luxuriance, comme sur un bloc de ciment lisse, expos\u00e9 \u00e0 la gel\u00e9e et au soleil ardent dans une atmosph\u00e8re s\u00e8che, subissant entre l&#8217;hiver et l&#8217;\u00e9t\u00e9 des \u00e9carts de temp\u00e9rature de l&#8217;ordre de 60\u00b0 C, ainsi que de tr\u00e8s consid\u00e9rables \u00e9carts de l&#8217;\u00e9tat hygrom\u00e9trique de l&#8217;air[Cette association subsiste dans le mode de reproduction &#8211; dans ce que l&#8217;on peut nommer le stade strictement individu\u00e9 du Lichen: en effet les Lichens se reproduisent par les spores du Champignon dont le myc\u00e9lium vient entourer les graines vertes de l&#8217;Algue. Une telle unit\u00e9 reproductrice, la sor\u00e9die, est l&#8217;\u00e9quivalent d&#8217;une graine.]. Ce sont encore des Lichens luxuriants que l&#8217;on rencontre dans la toundra, o\u00f9 la neige recouvre le sol pendant plusieurs mois. On d\u00e9crit aussi des associations de cette esp\u00e8ce entre le Pagure enfonc\u00e9 dans une coquille et des An\u00e9mones de mer qui s&#8217;installent sur la coquille; les An\u00e9mones auraient une influence sur les proies, soient parce qu&#8217;elles les attirent par leurs vives couleurs, soit parce qu&#8217;elles les paralysent par leurs \u00e9l\u00e9ments urticants et facilitent ainsi la capture par le Pagure, qui est fort peu mobile quand il est dans une coquille. Par ailleurs, et inversement, les reliefs de la nourriture du Pagure sont consomm\u00e9s par les An\u00e9mones de mer; ce dernier d\u00e9tail est plus s\u00fbr que celui qui concerne l&#8217;utilit\u00e9 des An\u00e9mones pour le Pagure. Cependant, on doit noter que le Pagure a tendance \u00e0 mettre sur la coquille dans laquelle il s&#8217;abrite des An\u00e9mones, et, plus g\u00e9n\u00e9ralement, tous les objets, vivants ou non, qu&#8217;il rencontre et qui ont une vive couleur; en captivit\u00e9, ce Crabe saisit tous les tissus ou papiers de couleur qu&#8217;on lui offre et se les pose sur le dos; faut-il consid\u00e9rer ce r\u00e9flexe comme finalis\u00e9? Il est assez difficile de le dire, cependant il semble que ce soit le Crabe qui constitue luim\u00eame l&#8217;association, peut-\u00eatre par conduite de mim\u00e9tisme (c&#8217;est ainsi que certains zoologistes interpr\u00e8tent le r\u00e9flexe qui fait que ce Crabe se pose des objets de vive couleur sur le dos), mais on doit reconna\u00eetre dans ce cas que le mim\u00e9tisme est tr\u00e8s grossier, car sur un fond de sable gris ou noir le Pagure accepte de se recouvrir de rouge ou de jaune, ce qui le rend tr\u00e8s visible; en fait, on peut supposer sans irrationalit\u00e9 que le Pagure constitue cette association, et que, une fois entr\u00e9e dans ce cycle de causalit\u00e9 (quel que soit le type de r\u00e9flexe ou de tropisme qui fait agir le Crabe), l&#8217;An\u00e9mone de mer se d\u00e9veloppe gr\u00e2ce aux conditions de vie plus riches qui lui sont offertes par la nourriture du Crabe; enfin, il faut noter qu&#8217;il n&#8217;y a pas l\u00e0 un v\u00e9ritable parasitisme; l&#8217;An\u00e9mone de mer ne d\u00e9g\u00e9n\u00e8re pas, mais se d\u00e9veloppe au contraire remarquablement; elle se nourrit, en effet, non gr\u00e2ce \u00e0 des su\u00e7oirs ou des ventouses qui aspireraient la substance de son h\u00f4te, mais de mani\u00e8re normale et habituelle; la proximit\u00e9 des pinces du Crabe et de ses palpes la met seulement dans un milieu nutritif plus riche en petits d\u00e9bris assimilables; mais elle reste un individu s\u00e9par\u00e9, sans continuit\u00e9 physiologique avec le Crabe. Par ailleurs, le Crabe ne se sert pas des substances \u00e9labor\u00e9es par l&#8217;An\u00e9mone de mer, qui est sur la coquille \u00e9lue par le Crabe comme elle pourrait \u00eatre sur toute autre coquille ou sur un rocher. Entre le Crabe et l&#8217;An\u00e9mone, il ya la coquille et l&#8217;eau, et c&#8217;est pour cela que nous avons dans ce cas une v\u00e9ritable soci\u00e9t\u00e9; chaque individu reste individu, mais modifie le milieu dans lequel vivent les deux individus; c&#8217;est par le milieu ext\u00e9rieur que s&#8217;\u00e9tablit la relation entre des individus formant une soci\u00e9t\u00e9, et par l\u00e0 il existe une grande diff\u00e9rence du r\u00e9gime de la causalit\u00e9 et de l&#8217;\u00e9change d&#8217;information entre les cas de parasitisme et ceux d&#8217;association. Le r\u00e9gime de la causalit\u00e9 interindividuelle est tout diff\u00e9rent. Nous devons remarquer \u00e9galement qu&#8217;une Algue et un Champignon associ\u00e9s sous forme de Lichen sont, en fait, l&#8217;un pour l&#8217;autre, des \u00e9l\u00e9ments du milieu ext\u00e9rieur et non du milieu int\u00e9rieur; d&#8217;apr\u00e8s la th\u00e9orie de Schwendener, l&#8217;Algue assimile le <strong>carbone<\/strong>, gr\u00e2ce \u00e0 sa chlorophylle, ce qui est profitable pour le Champignon, et le Champignon prot\u00e8ge l&#8217;Algue contre la dessiccation au moyen de ses filaments qui l&#8217;abritent et lui permettent de vivre l\u00e0 o\u00f9, seule, elle aurait certainement p\u00e9ri io. Cette relation de deux \u00eatres qui sont l&#8217;un par rapport \u00e0 l&#8217;autre un \u00e9quivalent de milieu ext\u00e9rieur peut comporter diff\u00e9rentes modalit\u00e9s topologiques, mais avec toujours le m\u00eame r\u00f4le fonctionnel; le thalle se diff\u00e9rencie des apoth\u00e9cies; dans certaines esp\u00e8ces, les filaments du Champignon peuvent \u00eatre plus serr\u00e9s dans la p\u00e9riph\u00e9rie, constituant ce qu&#8217;on nomme 1&#8217;\u00ab \u00e9corce\u00bb du Lichen, alors que le centre est la \u00ab moelle \u00bb, la r\u00e9gion interm\u00e9diaire devenant celle qui contient les gonidies, cellules vertes d&#8217;Algues analogues \u00e0 celles de la terre et des rochers; ce Lichen est dit h\u00e9t\u00e9rom\u00e8re. Dans les Lichens hom\u00e9om\u00e8res, au contraire, tels que les Lichens g\u00e9latineux, la r\u00e9partition des filaments de Champignon et des cellules de l&#8217;Algue est homog\u00e8ne. Enfin, on doit remarquer que cette association va jusqu&#8217;aux \u00e9l\u00e9ments reproducteurs, comportant les deux types de v\u00e9g\u00e9taux: les sor\u00e9dies contiennent \u00e0 la fois des cellules de l&#8217;Algue et des filaments du Champignon; ces fragments se d\u00e9tachent du Lichen et servent \u00e0 sa multiplication; par contre, les fructifications semblent appartenir au Champignon seul: elles sont compos\u00e9es d&#8217;un hym\u00e9nium comme chez les Champignons ascomyc\u00e8tes, dont les cellules sont les asques entrem\u00eal\u00e9s d&#8217;autres cellules st\u00e9riles, les paraphyses, et dans lesquelles se forment les spores. L&#8217;association constitue ici comme une seconde individualit\u00e9 qui se superpose \u00e0 l&#8217;individualit\u00e9 des \u00eatres qui s&#8217;associent, sans la d\u00e9truire; il y a ici un syst\u00e8me reproducteur de la soci\u00e9t\u00e9 en tant que soci\u00e9t\u00e9, et un syst\u00e8me reproducteur du Champignon en tant que Champignon; l&#8217;association ne d\u00e9truit pas les individualit\u00e9s des individus qui la constituent; au contraire, la relation du type du parasitisme diminue l&#8217;individualit\u00e9 des \u00eatres; celle de la placentation est interm\u00e9diaire; elle peut \u00e9voluer dans les deux sens, aussi bien dans celui de la soci\u00e9t\u00e9 que dans celui du parasitisme; de plus, elle est \u00e9minemment \u00e9volutive, et, en ce sens, se transforme; l&#8217;association, comme le parasitisme, est statique; il importe de noter cet aspect aussi bien dans le cas des \u00e9tats stables que dans celui de la placentation, parasitisme homophysaire qui tend \u00e0 devenir une soci\u00e9t\u00e9 temporaire. Il para\u00eet en ce sens possible de consid\u00e9rer toutes les formes de l&#8217;association comme des mixtes du parasitisme et de la soci\u00e9t\u00e9 parfaite qui aboutit \u00e0 la formation d&#8217;une v\u00e9ritable individualit\u00e9 sociale secondaire, compos\u00e9e comme celle qui se manifeste dans le groupement Algue Champignon; il n&#8217;est point d&#8217;association qui soit exempte d&#8217;un certain parasitisme et par cons\u00e9quent d&#8217;une certaine r\u00e9gression diminuant l&#8217;individualit\u00e9 des \u00eatres qui se groupent; mais, par ailleurs, le parasitisme pur est rare, \u00e9tant donn\u00e9 qu&#8217;il tend \u00e0 se d\u00e9truire de lui-m\u00eame par une sorte de n\u00e9crose interne qu&#8217;il d\u00e9veloppe dans le groupe o\u00f9 le parasitisme a lieu, faisant tomber \u00e0 un niveau tr\u00e8s bas l&#8217;organisation de ce groupe. Le groupe concret peut \u00eatre consid\u00e9r\u00e9 comme interm\u00e9diaire entre la soci\u00e9t\u00e9 compl\u00e8te et le pur parasitisme, o\u00f9 le niveau d&#8217;organisation qui caract\u00e9rise le groupe est la diff\u00e9rence entre celui du parasit\u00e9 et celui du parasite. (Simondon 2005 [1958]:196-8)<\/p>\n<p>SIMONDON, Gilbert. 2005 [1958]. <em>L&#8217;individuation \u00e0 la lumi\u00e8re des notions de forme et d&#8217;information<\/em>. Grenoble: \u00c9ditions J\u00e9r\u00f4me Millon.<\/p>\n","protected":false},"excerpt":{"rendered":"<p>Enfin, on doit distinguer du parasitisme asym\u00e9trique les formes sym\u00e9triques d&#8217;association qui sont une symbiose, comme celle que l&#8217;on voit dans les Lichens, compos\u00e9s d&#8217;une Algue qui \u00abparasite\u00bb un Champignon et d&#8217;un Champignon qui \u00abparasite\u00bb une Algue. Dans ce cas, en effet, la qualit\u00e9 totale d&#8217;organisation des \u00eatres ainsi constitu\u00e9s d\u00e9passe celle d&#8217;un seul individu; la r\u00e9gression morphologique de chacun [&hellip;]<\/p>\n","protected":false},"author":2,"featured_media":0,"parent":1212,"menu_order":0,"comment_status":"closed","ping_status":"closed","template":"","meta":{"footnotes":""},"class_list":["post-1477","page","type-page","status-publish","hentry"],"jetpack_sharing_enabled":true,"_links":{"self":[{"href":"https:\/\/www.laspa.slg.br\/en\/wp-json\/wp\/v2\/pages\/1477","targetHints":{"allow":["GET"]}}],"collection":[{"href":"https:\/\/www.laspa.slg.br\/en\/wp-json\/wp\/v2\/pages"}],"about":[{"href":"https:\/\/www.laspa.slg.br\/en\/wp-json\/wp\/v2\/types\/page"}],"author":[{"embeddable":true,"href":"https:\/\/www.laspa.slg.br\/en\/wp-json\/wp\/v2\/users\/2"}],"replies":[{"embeddable":true,"href":"https:\/\/www.laspa.slg.br\/en\/wp-json\/wp\/v2\/comments?post=1477"}],"version-history":[{"count":1,"href":"https:\/\/www.laspa.slg.br\/en\/wp-json\/wp\/v2\/pages\/1477\/revisions"}],"predecessor-version":[{"id":1478,"href":"https:\/\/www.laspa.slg.br\/en\/wp-json\/wp\/v2\/pages\/1477\/revisions\/1478"}],"up":[{"embeddable":true,"href":"https:\/\/www.laspa.slg.br\/en\/wp-json\/wp\/v2\/pages\/1212"}],"wp:attachment":[{"href":"https:\/\/www.laspa.slg.br\/en\/wp-json\/wp\/v2\/media?parent=1477"}],"curies":[{"name":"wp","href":"https:\/\/api.w.org\/{rel}","templated":true}]}}