{"id":1475,"date":"2023-03-31T03:18:01","date_gmt":"2023-03-31T03:18:01","guid":{"rendered":"https:\/\/www.laspa.slg.br\/?page_id=1475"},"modified":"2023-03-31T03:18:01","modified_gmt":"2023-03-31T03:18:01","slug":"fosforo-e-enxofre-em-simondon-2005-1958","status":"publish","type":"page","link":"https:\/\/www.laspa.slg.br\/en\/projetos\/a-agencia-social-dos-elementos-quimicos\/levantamentos-da-presenca-de-elementos-quimicos-em-livros\/fosforo-e-enxofre-em-simondon-2005-1958\/","title":{"rendered":"F\u00f3sforo e enxofre em Simondon (2005 [1958])"},"content":{"rendered":"<p>Nous touchons ici l&#8217;aspect premier et fondamental de l&#8217;individuation physique. L&#8217;individuation comme op\u00e9ration n&#8217;est pas li\u00e9e \u00e0 l&#8217;identit\u00e9 d&#8217;une mati\u00e8re, mais \u00e0 une modification d&#8217;\u00e9tat. Du <strong>soufre<\/strong> conserve son syst\u00e8me cristallin tant qu&#8217;une singularit\u00e9 ne se pr\u00e9sente pas pour faire dispara\u00eetre la forme moins stable. Une substance conserve son individualit\u00e9 quand elle est dans l&#8217;\u00e9tat le plus stable en fonction des conditions \u00e9nerg\u00e9tiques qui sont les siennes. Cette stabilit\u00e9 de l&#8217;\u00e9tat se manifeste par le fait que, si les conditions \u00e9nerg\u00e9tiques restent les m\u00eames, cet \u00e9tat ne peut \u00eatre modifi\u00e9 par l&#8217;introduction d&#8217;un germe pr\u00e9sentant une amorce de structure diff\u00e9rente; par rapport \u00e0 des substances qui sont dans un \u00e9tat diff\u00e9rent, cette substance peut au contraire fournir des germes capables d&#8217;entra\u00eener une modification de l&#8217;\u00e9tat de ces substances. L&#8217;individualit\u00e9 stable est donc faite de la rencontre de deux conditions: \u00e0 un certain \u00e9tat \u00e9nerg\u00e9tique du syst\u00e8me doit correspondre une certaine structure. Mais cette structure n&#8217;est pas directement produite par l&#8217;\u00e9tat \u00e9nerg\u00e9tique seul, elle est distincte de ce dernier; l&#8217;amor\u00e7age de la structuration est critique; le plus souvent, dans la cristallisation, des germes sont apport\u00e9s du dehors. Il y a donc un aspect historique de l&#8217; av\u00e8nement d&#8217;une structure dans une substance, il faut que le germe structural apparaisse. Le pur d\u00e9terminisme \u00e9nerg\u00e9tique ne suffit pas pour qu&#8217;une substance atteigne son \u00e9tat de stabilit\u00e9. Le d\u00e9but de l&#8217;individuation structurante est un \u00e9v\u00e9nement pour le syst\u00e8me en \u00e9tat m\u00e9tastable. Dans l&#8217;individuation la plus simple entre ainsi, en g\u00e9n\u00e9ral, une relation du corps consid\u00e9r\u00e9 avec l&#8217;existence temporelle des \u00eatres ext\u00e9rieurs \u00e0 lui, qui interviennent comme conditions \u00e9v\u00e9nementielles de sa structuration. L&#8217;individu constitu\u00e9 enferme en lui la synth\u00e8se de conditions \u00e9nerg\u00e9tiques et mat\u00e9rielles et d&#8217;une condition informationnelle, g\u00e9n\u00e9ralement non immanente. Si cette rencontre des trois conditions n&#8217;a pas eu lieu, la substance n&#8217;a pas atteint son \u00e9tat stable; elle reste alors dans un \u00e9tat m\u00e9tastable. Remarquons cependant que cette d\u00e9finition g\u00e9n\u00e9tique de l&#8217;individuation par la rencontre de trois conditions n\u00e9cessaires aboutit \u00e0 la notion de relativit\u00e9 hi\u00e9rarchique des \u00e9tats d&#8217;individuation. En effet lorsqu&#8217;un hiatus tr\u00e8s grand existe entre l&#8217;\u00e9tat \u00e9nerg\u00e9tique d&#8217;une substance [C&#8217;est la nature de la substance qui contient les conditions mat\u00e9rielles, particuli\u00e8rement en d\u00e9terminant le nombre et l&#8217;esp\u00e8ce des diff\u00e9rents syst\u00e8mes d&#8217;individuation qui pourront s&#8217;y d\u00e9velopper. L&#8217;\u00e9tat \u00e9nerg\u00e9tique d&#8217;une substance est un couple de conditions formelles et mat\u00e9rielles. en ce sens.] et son \u00e9tat structural (<strong>soufre<\/strong> en \u00e9tat de surfusion par exemple), si un germe structural se pr\u00e9sente, il peut entra\u00eener un changement d&#8217;\u00e9tat structural de la substance sans l&#8217;amener pourtant \u00e0 son \u00e9tat de stabilit\u00e9 absolue. Si du <strong>soufre<\/strong> surfondu, \u00e0 une temp\u00e9rature de 90\u00b0, re\u00e7oit un germe cristallin prismatique, il change d&#8217;\u00e9tat structural et devient du <strong>soufre<\/strong> cristallis\u00e9 dans le syst\u00e8me prismatique. Il a pass\u00e9 d&#8217;un premier \u00e9tat m\u00e9tastable \u00e0 un deuxi\u00e8me \u00e9tat m\u00e9tastable ; le deuxi\u00e8me est plus stable que le premier. Mais, si un deuxi\u00e8me germe structural survient, \u00e0 savoir un cristal de <strong>soufre<\/strong> octa\u00e9drique, l&#8217;\u00e9tat structural change encore et toute la masse devient <strong>soufre<\/strong> octa\u00e9drique. On comprend ainsi pourquoi la surfusion cristalline constitue un \u00e9tat moins pr\u00e9caire que la surfusion liquide : un germe structural a d\u00e9j\u00e0 \u00e9t\u00e9 rencontr\u00e9, mais il a apport\u00e9 une structure incapable d&#8217;absorber dans la structuration op\u00e9r\u00e9e toute l&#8217;\u00e9nergie potentielle repr\u00e9sent\u00e9e par l&#8217;\u00e9tat de surfusion. L&#8217;individuation compl\u00e8te est l&#8217;individuation qui correspond \u00e0 un emploi total de l&#8217;\u00e9nergie contenue dans le syst\u00e8me avant structuration ; elle aboutit \u00e0 un \u00e9tat stable; au contraire, l&#8217;individuation incompl\u00e8te est celle qui correspond \u00e0 une structuration qui n&#8217;a pas absorb\u00e9 toute l&#8217;\u00e9nergie potentielle de l&#8217;\u00e9tat initial non structur\u00e9; elle aboutit \u00e0 un \u00e9tat encore m\u00e9tastable. Plus il y a de types de structures possibles pour une m\u00eame substance, plus il y a de niveaux hi\u00e9rarchiques de m\u00e9tastabilit\u00e9 ; pour le <strong>phosphore<\/strong> par exemple, ces niveaux sont au nombre de trois. De plus, il importe de noter que les niveaux d&#8217;individuation sont parfaitement discontinus les uns par rapport aux autres; l&#8217;existence de conditions \u00e9nerg\u00e9tiques d&#8217;\u00e9quilibre entre deux niveaux se succ\u00e9dant imm\u00e9diatement dans l&#8217;\u00e9chelle hi\u00e9rarchique ne peut masquer la discontinuit\u00e9 nori seulement structurale, mais encore \u00e9nerg\u00e9tique, de ces deux niveaux; ainsi, pour reprendre l&#8217;exemple du <strong>soufre<\/strong>, lorsque du <strong>soufre<\/strong> octa\u00e9drique est amen\u00e9 \u00e0 95,4\u00b0, sous la pression atmosph\u00e9rique, il faut lui fournir 2,5 calories par gramme pour qu&#8217;il se transforme en <strong>soufre<\/strong> prismatique ; il existe donc une chaleur latente sp\u00e9cifique de transformation du <strong>soufre<\/strong> octa\u00e9drique en <strong>soufre<\/strong> prismatique. Cette discontinuit\u00e9 \u00e9nerg\u00e9tique se retrouve dans le fait que le point de fusion de la vari\u00e9t\u00e9 m\u00e9tastable est toujours inf\u00e9rieur \u00e0 celui de la vari\u00e9t\u00e9 plus stable, pour toutes les esp\u00e8ces chimiques. (Simondon 2005 [1958]:77-8)<\/p>\n<p>SIMONDON, Gilbert. 2005 [1958]. <em>L&#8217;individuation \u00e0 la lumi\u00e8re des notions de forme et d&#8217;information<\/em>. Grenoble: \u00c9ditions J\u00e9r\u00f4me Millon.<\/p>\n","protected":false},"excerpt":{"rendered":"<p>Nous touchons ici l&#8217;aspect premier et fondamental de l&#8217;individuation physique. L&#8217;individuation comme op\u00e9ration n&#8217;est pas li\u00e9e \u00e0 l&#8217;identit\u00e9 d&#8217;une mati\u00e8re, mais \u00e0 une modification d&#8217;\u00e9tat. Du soufre conserve son syst\u00e8me cristallin tant qu&#8217;une singularit\u00e9 ne se pr\u00e9sente pas pour faire dispara\u00eetre la forme moins stable. Une substance conserve son individualit\u00e9 quand elle est dans l&#8217;\u00e9tat le plus stable en fonction [&hellip;]<\/p>\n","protected":false},"author":2,"featured_media":0,"parent":1212,"menu_order":0,"comment_status":"closed","ping_status":"closed","template":"","meta":{"footnotes":""},"class_list":["post-1475","page","type-page","status-publish","hentry"],"jetpack_sharing_enabled":true,"_links":{"self":[{"href":"https:\/\/www.laspa.slg.br\/en\/wp-json\/wp\/v2\/pages\/1475","targetHints":{"allow":["GET"]}}],"collection":[{"href":"https:\/\/www.laspa.slg.br\/en\/wp-json\/wp\/v2\/pages"}],"about":[{"href":"https:\/\/www.laspa.slg.br\/en\/wp-json\/wp\/v2\/types\/page"}],"author":[{"embeddable":true,"href":"https:\/\/www.laspa.slg.br\/en\/wp-json\/wp\/v2\/users\/2"}],"replies":[{"embeddable":true,"href":"https:\/\/www.laspa.slg.br\/en\/wp-json\/wp\/v2\/comments?post=1475"}],"version-history":[{"count":1,"href":"https:\/\/www.laspa.slg.br\/en\/wp-json\/wp\/v2\/pages\/1475\/revisions"}],"predecessor-version":[{"id":1476,"href":"https:\/\/www.laspa.slg.br\/en\/wp-json\/wp\/v2\/pages\/1475\/revisions\/1476"}],"up":[{"embeddable":true,"href":"https:\/\/www.laspa.slg.br\/en\/wp-json\/wp\/v2\/pages\/1212"}],"wp:attachment":[{"href":"https:\/\/www.laspa.slg.br\/en\/wp-json\/wp\/v2\/media?parent=1475"}],"curies":[{"name":"wp","href":"https:\/\/api.w.org\/{rel}","templated":true}]}}