{"id":1468,"date":"2023-03-31T03:05:04","date_gmt":"2023-03-31T03:05:04","guid":{"rendered":"https:\/\/www.laspa.slg.br\/?page_id=1468"},"modified":"2023-03-31T03:05:04","modified_gmt":"2023-03-31T03:05:04","slug":"prata-em-simondon-2005-1958","status":"publish","type":"page","link":"https:\/\/www.laspa.slg.br\/en\/projetos\/a-agencia-social-dos-elementos-quimicos\/levantamentos-da-presenca-de-elementos-quimicos-em-livros\/prata-em-simondon-2005-1958\/","title":{"rendered":"Prata em Simondon (2005 [1958])"},"content":{"rendered":"<p>Il est n\u00e9cessaire de d\u00e9finir avec plus de pr\u00e9cision ce que l&#8217;on peut entendre par quantit\u00e9 d&#8217;information et par forme. Deux sens tr\u00e8s diff\u00e9rents sont pr\u00e9sent\u00e9s par la th\u00e9orie de la Forme et par la th\u00e9orie de l&#8217;Information. La th\u00e9orie de la Forme d\u00e9finit les bonnes formes par la pr\u00e9gnance et par la simplicit\u00e9: la bonne forme, celle qui a le pouvoir de s&#8217;imposer, l&#8217;emporte sur des formes ayant moins de coh\u00e9rence, de nettet\u00e9, de pr\u00e9gnance. Le cercle, le carr\u00e9, sont ainsi de bonnes formes. Par contre, la th\u00e9orie de l&#8217;Information r\u00e9pond \u00e0 un ensemble de probl\u00e8mes techniques qui sont contemporains de l&#8217;usage des courants faibles dans la transmission des signaux et dans l&#8217;usage des diff\u00e9rents modes d&#8217;enregistrement des signaux sonores et lumineux. Lorsqu&#8217;on enregistre une sc\u00e8ne par la photographie, le film, le magn\u00e9tophone ou le magn\u00e9toscope, on doit d\u00e9composer la situation globale en un ensemble d&#8217;\u00e9l\u00e9ments qui sont enregistr\u00e9s par une modification impos\u00e9e \u00e0 un tr\u00e8s grand nombre d&#8217;individus physiques ordonn\u00e9s selon une organisation spatiale, temporelle, ou mixte, c&#8217;est-\u00e0-dire spatio-temporelle. Comme exemple d&#8217;organisation spatiale, on peut prendre la photographie : une surface photographique, dans sa partie active, support des signaux, est constitu\u00e9e par une \u00e9mulsion contenant une multitude de grains <strong>d&#8217;argent<\/strong>, primitivement sous forme de combinaison chimique. L&#8217;image optique \u00e9tant projet\u00e9e sur cette \u00e9mulsion, si l&#8217;on suppose parfait le syst\u00e8me optique, on obtient une transformation chimique plus ou moins accentu\u00e9e de la combinaison chimique constituant l&#8217;\u00e9mulsion; mais la capacit\u00e9 qu&#8217;a cette \u00e9mulsion d&#8217;enregistrer de petits d\u00e9tails d\u00e9pend de la finesse des particules: la traduction en r\u00e9alit\u00e9 chimique, au sein de l&#8217;\u00e9mulsion, d&#8217;une ligne optique continue est constitu\u00e9e par une tra\u00een\u00e9e discontinue de grains sensibles; plus ces grains sont gros et rares, plus il est difficile de fixer un petit d\u00e9tail avec une fid\u00e9lit\u00e9 suffisante. Examin\u00e9e au microscope, une \u00e9mulsion qui, si elle \u00e9tait \u00e0 structure continue, devrait r\u00e9v\u00e9ler de nouveaux d\u00e9tails, ne montre qu&#8217;un brouillard informe de grains discontinus. Ce qu&#8217;on nomme le degr\u00e9 de d\u00e9finition ou le pouvoir de r\u00e9solution d&#8217;une \u00e9mulsion peut donc \u00eatre mesur\u00e9 par le nombre de d\u00e9tails distincts susceptibles d&#8217;\u00eatre enregistr\u00e9s sur une surface d\u00e9termin\u00e9e; par exemple, sur une \u00e9mulsion de type courant, un millim\u00e8tre carr\u00e9 peut contenir cinq mille d\u00e9tails distincts. (Simondon 2005 [1958]:234)<\/p>\n<p>Les valeurs impliqu\u00e9es dans la relation de l&#8217;individu \u00e0 la machine ont donn\u00e9 lieu \u00e0 beaucoup de confusions parce que le r\u00e9cent d\u00e9veloppement des machines et de leur utilisation par les communaut\u00e9s a modifi\u00e9 le rapport de l&#8217;individu \u00e0 la communaut\u00e9: cette relation, qui \u00e9tait jadis directe, passe maintenant par la machine, et le machinisme est li\u00e9 dans une certaine mesure au communautarisme ; la notion de travail n&#8217;est plus directement une valeur communautaire, parce que le passage de l&#8217;effort humain \u00e0 travers une organisation m\u00e9canique affecte le travail d&#8217;un coefficient relatif \u00e0 ce travail : le rendement; une morale du rendement est en train de se constituer, qui sera une morale communautaire d&#8217;une nouvelle esp\u00e8ce. L&#8217;effort individuel n&#8217;est pas intrins\u00e8quement valable: il faut en plus qu&#8217;il soit rendu efficace par une certaine gr\u00e2ce extrins\u00e8que, qui se concr\u00e9tise dans la formule du rendement. Cette notion a un certain pouvoir invasif, et se d\u00e9ploie largement au del\u00e0 des op\u00e9rations commerciales ou m\u00eame industrielles; elle affecte tout syst\u00e8me \u00e9ducatif, tout effort et tout travail. Une certaine r\u00e9surgence communautaire du pragmatisme conf\u00e8re \u00e0 l&#8217;\u00e9thique un nouveau type d&#8217;h\u00e9t\u00e9ronomie dissimul\u00e9e sous les esp\u00e8ces d&#8217;un d\u00e9sir de rationalit\u00e9 ou de pr\u00e9occupations concr\u00e8tes. Quand un id\u00e9e ou un acte sont rejet\u00e9s parce qu&#8217;ils sont jug\u00e9s inefficaces et de faible rendement, c&#8217;est en r\u00e9alit\u00e9 parce qu&#8217;ils repr\u00e9sentent une initiative individuelle cr\u00e9atrice, et que la communaut\u00e9 s&#8217;insurge avec un permanent instinct mison\u00e9iste contre tout ce qui est singulier. Le mison\u00e9isme vise le nouveau, mais surtout dans ce qu&#8217;il pr\u00e9sente de singulier, donc d&#8217;individuel. Le nouveau, collectif, a droit de cit\u00e9 sous la forme de la mode; il se trouve m\u00eame \u00e9minemment valoris\u00e9 par la communaut\u00e9. C&#8217;est le nouveau individuel qui est poursuivi et expuls\u00e9 comme priv\u00e9 de rendement. Le crit\u00e8re de rendement est empreint de subjectivit\u00e9 collective et manifeste la gr\u00e2ce que la communaut\u00e9 accorde ou refuse \u00e0 la cr\u00e9ation individuelle. Ce n&#8217;est pas parce qu&#8217;une civilisation aime <strong>l&#8217;argent<\/strong> qu&#8217;elle s&#8217;attache au rendement, mais parce qu&#8217;elle est d&#8217;abord civilisation du rendement qu&#8217;elle devient civilisation de <strong>l&#8217;argent<\/strong> lorsque certaines circonstances font de ce mode d&#8217;\u00e9change le crit\u00e8re concret du rendement. (Simondon 2005 [1958]:352-3)<\/p>\n<p>SIMONDON, Gilbert. 2005 [1958]. <em>L&#8217;individuation \u00e0 la lumi\u00e8re des notions de forme et d&#8217;information<\/em>. Grenoble: \u00c9ditions J\u00e9r\u00f4me Millon.<\/p>\n","protected":false},"excerpt":{"rendered":"<p>Il est n\u00e9cessaire de d\u00e9finir avec plus de pr\u00e9cision ce que l&#8217;on peut entendre par quantit\u00e9 d&#8217;information et par forme. Deux sens tr\u00e8s diff\u00e9rents sont pr\u00e9sent\u00e9s par la th\u00e9orie de la Forme et par la th\u00e9orie de l&#8217;Information. La th\u00e9orie de la Forme d\u00e9finit les bonnes formes par la pr\u00e9gnance et par la simplicit\u00e9: la bonne forme, celle qui a [&hellip;]<\/p>\n","protected":false},"author":2,"featured_media":0,"parent":1212,"menu_order":0,"comment_status":"closed","ping_status":"closed","template":"","meta":{"footnotes":""},"class_list":["post-1468","page","type-page","status-publish","hentry"],"jetpack_sharing_enabled":true,"_links":{"self":[{"href":"https:\/\/www.laspa.slg.br\/en\/wp-json\/wp\/v2\/pages\/1468","targetHints":{"allow":["GET"]}}],"collection":[{"href":"https:\/\/www.laspa.slg.br\/en\/wp-json\/wp\/v2\/pages"}],"about":[{"href":"https:\/\/www.laspa.slg.br\/en\/wp-json\/wp\/v2\/types\/page"}],"author":[{"embeddable":true,"href":"https:\/\/www.laspa.slg.br\/en\/wp-json\/wp\/v2\/users\/2"}],"replies":[{"embeddable":true,"href":"https:\/\/www.laspa.slg.br\/en\/wp-json\/wp\/v2\/comments?post=1468"}],"version-history":[{"count":1,"href":"https:\/\/www.laspa.slg.br\/en\/wp-json\/wp\/v2\/pages\/1468\/revisions"}],"predecessor-version":[{"id":1469,"href":"https:\/\/www.laspa.slg.br\/en\/wp-json\/wp\/v2\/pages\/1468\/revisions\/1469"}],"up":[{"embeddable":true,"href":"https:\/\/www.laspa.slg.br\/en\/wp-json\/wp\/v2\/pages\/1212"}],"wp:attachment":[{"href":"https:\/\/www.laspa.slg.br\/en\/wp-json\/wp\/v2\/media?parent=1468"}],"curies":[{"name":"wp","href":"https:\/\/api.w.org\/{rel}","templated":true}]}}