{"id":1466,"date":"2023-03-31T03:01:01","date_gmt":"2023-03-31T03:01:01","guid":{"rendered":"https:\/\/www.laspa.slg.br\/?page_id=1466"},"modified":"2023-03-31T03:01:01","modified_gmt":"2023-03-31T03:01:01","slug":"ferro-e-prata-em-simondon-2005-1958","status":"publish","type":"page","link":"https:\/\/www.laspa.slg.br\/en\/projetos\/a-agencia-social-dos-elementos-quimicos\/levantamentos-da-presenca-de-elementos-quimicos-em-livros\/ferro-e-prata-em-simondon-2005-1958\/","title":{"rendered":"Ferro e prata em Simondon (2005 [1958])"},"content":{"rendered":"<p>Si nous consid\u00e9rons par contre un enregistrement sonore sur ruban rev\u00eatu d&#8217;une couche d&#8217;oxyde magn\u00e9tique de <strong>fer<\/strong>, ou sur fil d&#8217;acier, ou sur disque, nous voyons que l&#8217;ordre devient ici un ordre de succession: les individus physiques distincts dont les modifications traduisent et transportent les signaux sont des grains d&#8217;oxyde, des mol\u00e9cules d&#8217;acier, ou des amas de mati\u00e8re plastique ordonn\u00e9s en ligne et qui d\u00e9filent devant l&#8217;entrefer d&#8217;un \u00e9lectroaimant polaris\u00e9 ou sous le saphir ou le diamant d&#8217;un \u00e9quipage de lecture. La quantit\u00e9 de d\u00e9tails qui peut \u00eatre enregistr\u00e9e par unit\u00e9 de temps d\u00e9pend du nombre d&#8217;individus physiques distincts qui d\u00e9filent pendant cette unit\u00e9 de temps devant le lieu o\u00f9 s&#8217;effectue l&#8217;enregistrement: on ne peut graver sur un disque de d\u00e9tails plus petits que l&#8217;ordre de grandeur des cha\u00eenes mol\u00e9culaires de la mati\u00e8re plastique qui le constitue; on ne peut non plus enregistrer sur une bande magn\u00e9tique des fr\u00e9quences qui correspondraient \u00e0 un nombre de d\u00e9tails (particules aimant\u00e9es \u00e0 des degr\u00e9s variables) sup\u00e9rieur au nombre de particules; on ne peut enfin enregistrer sur un fil d&#8217;acier des variations de champ magn\u00e9tique qui correspondraient \u00e0 des sections trop petites pour pouvoir recevoir une aimantation particuli\u00e8re \u00e0 chacune. Si l&#8217;on voulait aller au del\u00e0 de ces limites, le son se confondrait avec le bruit de fond constitu\u00e9 par la discontinuit\u00e9 des particules \u00e9l\u00e9mentaires. Si au contraire on adopte une vitesse de d\u00e9filement assez grande, ce bruit de fond se trouve rejet\u00e9 vers les fr\u00e9quences sup\u00e9rieures; il correspond tr\u00e8s exactement au brouillard indistinct de grains <strong>d&#8217;argent<\/strong> qui appara\u00eet lorsqu&#8217;on regarde une photographie au microscope [La lecture \u00e0 grande vitesse d&#8217;un ruban magn\u00e9tique est l&#8217;\u00e9quivalent de la perception \u00e0 grande distance d&#8217;une photographie]; le son est enregistr\u00e9 sous forme d&#8217;une s\u00e9rie d&#8217;amas de particules plus ou moins aimant\u00e9es ou dispos\u00e9es dans un sillon, comme la photographie consiste en une juxtaposition et une distribution d&#8217;amas de grains <strong>d&#8217;argent<\/strong> plus ou moins concentr\u00e9s. La limite \u00e0 la quantit\u00e9 de signaux est bien le caract\u00e8re discontinu du support de l&#8217;information, le nombre fini d&#8217;\u00e9l\u00e9ments repr\u00e9sentatifs distincts ordonn\u00e9s selon l&#8217;espace ou le temps et en lesquels l&#8217;information trouve son support. (Simondon 2005 [1958]:234-5)<\/p>\n<p>SIMONDON, Gilbert. 2005 [1958]. <em>L&#8217;individuation \u00e0 la lumi\u00e8re des notions de forme et d&#8217;information<\/em>. Grenoble: \u00c9ditions J\u00e9r\u00f4me Millon.<\/p>\n","protected":false},"excerpt":{"rendered":"<p>Si nous consid\u00e9rons par contre un enregistrement sonore sur ruban rev\u00eatu d&#8217;une couche d&#8217;oxyde magn\u00e9tique de fer, ou sur fil d&#8217;acier, ou sur disque, nous voyons que l&#8217;ordre devient ici un ordre de succession: les individus physiques distincts dont les modifications traduisent et transportent les signaux sont des grains d&#8217;oxyde, des mol\u00e9cules d&#8217;acier, ou des amas de mati\u00e8re plastique ordonn\u00e9s [&hellip;]<\/p>\n","protected":false},"author":2,"featured_media":0,"parent":1212,"menu_order":0,"comment_status":"closed","ping_status":"closed","template":"","meta":{"footnotes":""},"class_list":["post-1466","page","type-page","status-publish","hentry"],"jetpack_sharing_enabled":true,"_links":{"self":[{"href":"https:\/\/www.laspa.slg.br\/en\/wp-json\/wp\/v2\/pages\/1466","targetHints":{"allow":["GET"]}}],"collection":[{"href":"https:\/\/www.laspa.slg.br\/en\/wp-json\/wp\/v2\/pages"}],"about":[{"href":"https:\/\/www.laspa.slg.br\/en\/wp-json\/wp\/v2\/types\/page"}],"author":[{"embeddable":true,"href":"https:\/\/www.laspa.slg.br\/en\/wp-json\/wp\/v2\/users\/2"}],"replies":[{"embeddable":true,"href":"https:\/\/www.laspa.slg.br\/en\/wp-json\/wp\/v2\/comments?post=1466"}],"version-history":[{"count":1,"href":"https:\/\/www.laspa.slg.br\/en\/wp-json\/wp\/v2\/pages\/1466\/revisions"}],"predecessor-version":[{"id":1467,"href":"https:\/\/www.laspa.slg.br\/en\/wp-json\/wp\/v2\/pages\/1466\/revisions\/1467"}],"up":[{"embeddable":true,"href":"https:\/\/www.laspa.slg.br\/en\/wp-json\/wp\/v2\/pages\/1212"}],"wp:attachment":[{"href":"https:\/\/www.laspa.slg.br\/en\/wp-json\/wp\/v2\/media?parent=1466"}],"curies":[{"name":"wp","href":"https:\/\/api.w.org\/{rel}","templated":true}]}}