{"id":1453,"date":"2023-03-31T01:24:50","date_gmt":"2023-03-31T01:24:50","guid":{"rendered":"https:\/\/www.laspa.slg.br\/?page_id=1453"},"modified":"2023-03-31T01:24:50","modified_gmt":"2023-03-31T01:24:50","slug":"ouro-e-prata-em-deleuze-e-guattari-1997-1980","status":"publish","type":"page","link":"https:\/\/www.laspa.slg.br\/en\/projetos\/a-agencia-social-dos-elementos-quimicos\/levantamentos-da-presenca-de-elementos-quimicos-em-livros\/ouro-e-prata-em-deleuze-e-guattari-1997-1980\/","title":{"rendered":"Ouro e prata em Deleuze e Guattari (1997 [1980])"},"content":{"rendered":"<p>Ainda do ponto de vista do agenciamento, h\u00e1 uma rela\u00e7\u00e3o essencial entre as ferramentas e os signos. \u00c9 que o modelo trabalho, que define a ferramenta, pertence ao aparelho de Estado. Com frequ\u00eancia se disse que o homem das sociedades primitivas n\u00e3o trabalhava propriamente, mesmo se suas atividades eram muito coercitivas e regradas; e tampouco o homem de guerra enquanto tal (os \u201ctrabalhos\u201d de H\u00e9rcules sup\u00f5em a submiss\u00e3o a um rei). O elemento t\u00e9cnico torna-se ferramenta quando se abstrai do territ\u00f3rio e se assenta sobre a terra enquanto objeto; mas \u00e9 ao mesmo tempo que o signo deixa de inscrever-se sobre o corpo, e se escreve sobre uma mat\u00e9ria objetiva im\u00f3vel. Para que haja trabalho, \u00e9 preciso uma captura da atividade pelo aparelho de Estado, uma semiotiza\u00e7\u00e3o da atividade pela escrita. Donde a afinidade de agenciamento signos-ferramentas, signos de escrita-organiza\u00e7\u00e3o de trabalho. \u00c9 inteiramente outro o caso da arma, que se encontra numa rela\u00e7\u00e3o essencial com as joias. J\u00e1 n\u00e3o sabemos muito bem o que s\u00e3o as joias, a tal ponto sofreram adapta\u00e7\u00f5es secund\u00e1rias. Por\u00e9m, algo desperta em nossa alma quando nos dizem que a ourivesaria foi a arte \u201cb\u00e1rbara\u201d, ou a arte n\u00f4made por excel\u00eancia, e quando vemos essas obras-primas de arte menor. Essas f\u00edbulas, essas placas de <strong>ouro<\/strong> e de <strong>prata<\/strong>, essas joias concernem a pequenos objetos m\u00f3veis, n\u00e3o s\u00f3 f\u00e1ceis de transportar, mas que s\u00f3 pertencem ao objeto \u00e0 medida que este se move. Essas placas constituem tra\u00e7os de express\u00e3o de pura velocidade, sobre objetos eles mesmos m\u00f3veis e moventes. Elas n\u00e3o passam por uma rela\u00e7\u00e3o forma-mat\u00e9ria, mas motivo-suporte, onde a terra j\u00e1 \u00e9 t\u00e3o-somente um solo, e at\u00e9 j\u00e1 nem sequer h\u00e1 solo algum, o suporte sendo t\u00e3o m\u00f3vel quanto o motivo. Elas d\u00e3o \u00e0s cores a velocidade da luz, avermelhando o <strong>ouro<\/strong>, e fazendo da <strong>prata<\/strong> uma luz branca. Pertencem ao arreio do cavalo, \u00e0 bainha da espada, \u00e0 vestimenta do guerreiro, ao punho da arma: elas decoram at\u00e9 aquilo que n\u00e3o servir\u00e1 mais do que uma \u00fanica vez, a ponta de uma flecha. Quaisquer que sejam o esfor\u00e7o e o labor que implicam, s\u00e3o a\u00e7\u00e3o livre relacionada ao puro m\u00f3vel, e n\u00e3o-trabalho, com suas condi\u00e7\u00f5es de gravidade, de resist\u00eancia e de disp\u00eandio. O ferreiro ambulante acresce a ourivesaria \u00e0 arma e vice-versa. O <strong>ouro<\/strong> e o dinheiro adquirir\u00e3o muitas outras fun\u00e7\u00f5es, mas n\u00e3o podem ser compreendidos sem esse aporte n\u00f4made da m\u00e1quina de guerra, onde n\u00e3o s\u00e3o mat\u00e9rias, por\u00e9m tra\u00e7os de express\u00e3o que conv\u00e9m \u00e0s armas (toda a mitologia da guerra n\u00e3o apenas subsiste no dinheiro, mas a\u00ed \u00e9 fator ativo). As joias s\u00e3o os afectos que correspondem \u00e0s armas, arrastados pelo mesmo vetor-velocidade. (Deleuze e Guattari 1997 [1980]:80-1)<\/p>\n<p>DELEUZE, Gilles; GUATTARI, F\u00e9lix. 1997 [1980]. 1227 &#8211; Tratado de nomadologia: a m\u00e1quina de guerra. (Trad.: Peter P. Pelbart) In: <em>Mil plat\u00f4s: capitalismo e esquizofrenia 2<\/em>. Volume 5. Rio de Janeiro: Editora 34, pp.11-110.<\/p>\n","protected":false},"excerpt":{"rendered":"<p>Ainda do ponto de vista do agenciamento, h\u00e1 uma rela\u00e7\u00e3o essencial entre as ferramentas e os signos. \u00c9 que o modelo trabalho, que define a ferramenta, pertence ao aparelho de Estado. Com frequ\u00eancia se disse que o homem das sociedades primitivas n\u00e3o trabalhava propriamente, mesmo se suas atividades eram muito coercitivas e regradas; e tampouco o homem de guerra enquanto [&hellip;]<\/p>\n","protected":false},"author":2,"featured_media":0,"parent":1212,"menu_order":0,"comment_status":"closed","ping_status":"closed","template":"","meta":{"footnotes":""},"class_list":["post-1453","page","type-page","status-publish","hentry"],"jetpack_sharing_enabled":true,"_links":{"self":[{"href":"https:\/\/www.laspa.slg.br\/en\/wp-json\/wp\/v2\/pages\/1453","targetHints":{"allow":["GET"]}}],"collection":[{"href":"https:\/\/www.laspa.slg.br\/en\/wp-json\/wp\/v2\/pages"}],"about":[{"href":"https:\/\/www.laspa.slg.br\/en\/wp-json\/wp\/v2\/types\/page"}],"author":[{"embeddable":true,"href":"https:\/\/www.laspa.slg.br\/en\/wp-json\/wp\/v2\/users\/2"}],"replies":[{"embeddable":true,"href":"https:\/\/www.laspa.slg.br\/en\/wp-json\/wp\/v2\/comments?post=1453"}],"version-history":[{"count":1,"href":"https:\/\/www.laspa.slg.br\/en\/wp-json\/wp\/v2\/pages\/1453\/revisions"}],"predecessor-version":[{"id":1455,"href":"https:\/\/www.laspa.slg.br\/en\/wp-json\/wp\/v2\/pages\/1453\/revisions\/1455"}],"up":[{"embeddable":true,"href":"https:\/\/www.laspa.slg.br\/en\/wp-json\/wp\/v2\/pages\/1212"}],"wp:attachment":[{"href":"https:\/\/www.laspa.slg.br\/en\/wp-json\/wp\/v2\/media?parent=1453"}],"curies":[{"name":"wp","href":"https:\/\/api.w.org\/{rel}","templated":true}]}}