{"id":1442,"date":"2023-03-31T00:17:43","date_gmt":"2023-03-31T00:17:43","guid":{"rendered":"https:\/\/www.laspa.slg.br\/?page_id=1442"},"modified":"2023-03-31T00:17:43","modified_gmt":"2023-03-31T00:17:43","slug":"ferro-no-concreto-em-deleuze-e-guattari-1997-1980","status":"publish","type":"page","link":"https:\/\/www.laspa.slg.br\/en\/projetos\/a-agencia-social-dos-elementos-quimicos\/levantamentos-da-presenca-de-elementos-quimicos-em-livros\/ferro-no-concreto-em-deleuze-e-guattari-1997-1980\/","title":{"rendered":"Ferro (no concreto) em Deleuze e Guattari (1997 [1980])"},"content":{"rendered":"<p>H\u00e1 toda uma \u201cmaqu\u00ednica\u201d biol\u00f3gico-comportamental, todo um <em>engineering<\/em> molecular que deve nos permitir compreender melhor a natureza dos problemas de consist\u00eancia. O fil\u00f3sofo Eug\u00e8ne Dupr\u00e9el havia proposto uma teoria da <em>consolida\u00e7\u00e3o<\/em>; ele mostrava que a vida n\u00e3o ia de um centro a uma exterioridade, mas de um exterior a um interior, ou antes de um conjunto vago ou discreto \u00e0 sua consolida\u00e7\u00e3o. Ora, esta implica tr\u00eas coisas: que haja n\u00e3o um come\u00e7o de onde derivaria uma sequ\u00eancia linear, mas densifica\u00e7\u00f5es, intensifica\u00e7\u00f5es, refor\u00e7os, inje\u00e7\u00f5es, recheaduras, como outros tantos atos intercalares (\u201cn\u00e3o h\u00e1 crescimento sen\u00e3o por intercala\u00e7\u00e3o\u201d); em segundo lugar, e n\u00e3o \u00e9 o contr\u00e1rio, \u00e9 preciso que haja acomoda\u00e7\u00e3o de intervalos, reparti\u00e7\u00e3o de desigualdades, a tal ponto que, para consolidar, \u00e0s vezes \u00e9 preciso fazer um buraco; em terceiro lugar, superposi\u00e7\u00e3o de ritmos disparatados, articula\u00e7\u00e3o por dentro de uma inter-ritmicidade, sem imposi\u00e7\u00e3o de medida ou de cad\u00eancia [Nota de rodap\u00e9 27: Dupr\u00e9el elaborou um conjunto de no\u00e7\u00f5es originais: \u201cconsist\u00eancia\u201d (relacionado a \u201cprecariedade\u201d), \u201cconsolida\u00e7\u00e3o\u201d, \u201cintervalo\u201d, \u201cintercala\u00e7\u00e3o\u201d. Cf. <em>Th\u00e9orie de Ia consolidation, La cause et l&#8217;intervalle, La consistance et la probabilit\u00e9 objective<\/em>, Bruxelas; <em>Esquisse d\u2019une philosophie des valeurs<\/em>, P.U.F.; Bachelard recorre a essas no\u00e7\u00f5es em <em>La dialectique de la dur\u00e9e<\/em>.]. A consolida\u00e7\u00e3o n\u00e3o se contenta em vir depois; ela \u00e9 criadora. \u00c9 que o come\u00e7o n\u00e3o come\u00e7a sen\u00e3o entre dois, <em>intermezzo<\/em>. A consist\u00eancia \u00e9 precisamente a consolida\u00e7\u00e3o, o ato que produz o consolidado, tanto o de sucess\u00e3o quanto o de coexist\u00eancia, com os tr\u00eas fatores: intercala\u00e7\u00f5es, intervalos e superposi\u00e7\u00f5es-articula\u00e7\u00f5es. A arquitetura testemunha isso, como arte da morada e do territ\u00f3rio: se h\u00e1 consolida\u00e7\u00f5es depois-de, h\u00e1 tamb\u00e9m aquelas que s\u00e3o partes constituintes do conjunto, do tipo chave de ab\u00f3boda. Por\u00e9m, mais recentemente, mat\u00e9rias como o concreto deram ao conjunto arquitet\u00f4nico a possibilidade de se libertar dos modelos arborescentes, que procediam por pilares-\u00e1rvores, vigasgalhos, ab\u00f3boda-folhagem. N\u00e3o s\u00f3 o concreto \u00e9 uma mat\u00e9ria heterog\u00eanea cujo grau de consist\u00eancia varia com os elementos de mistura, mas o <strong>ferro<\/strong> \u00e9 nele intercalado segundo um ritmo; mais ainda: ele forma nas <em>superf\u00edcies autoportadoras<\/em> um personagem r\u00edtmico complexo, no qual as \u201chastes\u201d t\u00eam sec\u00e7\u00f5es diferentes e intervalos vari\u00e1veis de acordo com a intensidade e a dire\u00e7\u00e3o da for\u00e7a a ser captada (armadura e n\u00e3o estrutura). \u00c9 neste sentido tamb\u00e9m que a obra musical ou liter\u00e1ria tem uma arquitetura: \u201csaturar o \u00e1tomo\u201d, dizia Virg\u00ednia Woolf; ou ent\u00e3o, segundo Henry James, \u00e9 preciso \u201ccome\u00e7ar longe, t\u00e3o longe quanto poss\u00edvel\u201d e proceder por \u201cblocos de mat\u00e9ria trabalhada\u201d. N\u00e3o se trata mais de impor uma forma a uma mat\u00e9ria, mas de elaborar um material cada vez mais rico, cada vez mais consistente, apto a partir da\u00ed a captar for\u00e7as cada vez mais intensas. O que torna o material cada vez mais rico \u00e9 aquilo que faz com que heterog\u00eaneos mantenham-se juntos sem deixar de ser heterog\u00eaneos; o que assim os mant\u00e9m, s\u00e3o osciladores, sintetizadores intercalares de duas cabe\u00e7as pelo menos; analisadores de intervalos; sincronizadores de ritmos (a palavra \u201csincronizador\u201d \u00e9 amb\u00edgua, pois estes sincronizadores moleculares n\u00e3o procedem por medida igualizante ou homogeneizante, e operam de dentro, entre dois ritmos). N\u00e3o seria a consolida\u00e7\u00e3o o nome terrestre da consist\u00eancia? O agenciamento territorial \u00e9 um consolidado de meio, um consolidado de espa\u00e7o-tempo, de coexist\u00eancia e de sucess\u00e3o. O ritornelo opera com os tr\u00eas fatores. (Deleuze e Guattari 1997 [1980]:140-1)<\/p>\n<p>DELEUZE, Gilles; GUATTARI, F\u00e9lix. 1997 [1980]. 1837 &#8211; Acerca do ritornelo. (Trad.: Suely Rolnik) In: <em>Mil plat\u00f4s: capitalismo e esquizofrenia 2<\/em>. Volume 4. Rio de Janeiro: Editora 34, pp.115-70.<\/p>\n","protected":false},"excerpt":{"rendered":"<p>H\u00e1 toda uma \u201cmaqu\u00ednica\u201d biol\u00f3gico-comportamental, todo um engineering molecular que deve nos permitir compreender melhor a natureza dos problemas de consist\u00eancia. O fil\u00f3sofo Eug\u00e8ne Dupr\u00e9el havia proposto uma teoria da consolida\u00e7\u00e3o; ele mostrava que a vida n\u00e3o ia de um centro a uma exterioridade, mas de um exterior a um interior, ou antes de um conjunto vago ou discreto \u00e0 [&hellip;]<\/p>\n","protected":false},"author":2,"featured_media":0,"parent":1212,"menu_order":0,"comment_status":"closed","ping_status":"closed","template":"","meta":{"footnotes":""},"class_list":["post-1442","page","type-page","status-publish","hentry"],"jetpack_sharing_enabled":true,"_links":{"self":[{"href":"https:\/\/www.laspa.slg.br\/en\/wp-json\/wp\/v2\/pages\/1442","targetHints":{"allow":["GET"]}}],"collection":[{"href":"https:\/\/www.laspa.slg.br\/en\/wp-json\/wp\/v2\/pages"}],"about":[{"href":"https:\/\/www.laspa.slg.br\/en\/wp-json\/wp\/v2\/types\/page"}],"author":[{"embeddable":true,"href":"https:\/\/www.laspa.slg.br\/en\/wp-json\/wp\/v2\/users\/2"}],"replies":[{"embeddable":true,"href":"https:\/\/www.laspa.slg.br\/en\/wp-json\/wp\/v2\/comments?post=1442"}],"version-history":[{"count":1,"href":"https:\/\/www.laspa.slg.br\/en\/wp-json\/wp\/v2\/pages\/1442\/revisions"}],"predecessor-version":[{"id":1443,"href":"https:\/\/www.laspa.slg.br\/en\/wp-json\/wp\/v2\/pages\/1442\/revisions\/1443"}],"up":[{"embeddable":true,"href":"https:\/\/www.laspa.slg.br\/en\/wp-json\/wp\/v2\/pages\/1212"}],"wp:attachment":[{"href":"https:\/\/www.laspa.slg.br\/en\/wp-json\/wp\/v2\/media?parent=1442"}],"curies":[{"name":"wp","href":"https:\/\/api.w.org\/{rel}","templated":true}]}}