{"id":1434,"date":"2023-03-30T23:47:17","date_gmt":"2023-03-30T23:47:17","guid":{"rendered":"https:\/\/www.laspa.slg.br\/?page_id=1434"},"modified":"2023-03-30T23:47:17","modified_gmt":"2023-03-30T23:47:17","slug":"ferro-barras-de-em-deleuze-e-guattari-2000-1980","status":"publish","type":"page","link":"https:\/\/www.laspa.slg.br\/en\/projetos\/a-agencia-social-dos-elementos-quimicos\/levantamentos-da-presenca-de-elementos-quimicos-em-livros\/ferro-barras-de-em-deleuze-e-guattari-2000-1980\/","title":{"rendered":"Ferro (barras de) em Deleuze e Guattari (2000 [1980])"},"content":{"rendered":"<p>Problemas de povoamento no inconsciente: tudo o que se passa pelos poros do esquizo, as veias do drogado, formigamentos, fervilhamentos, anima\u00e7\u00f5es, intensidades, ra\u00e7as e tribos. Seria de Jean Ray, que soube ligar o terror aos fen\u00f4menos de micromultiplicidades, este conto no qual a pele branca se eri\u00e7a em in\u00fameras erup\u00e7\u00f5es e p\u00fastulas e cabe\u00e7as negras an\u00e3s passam pelos poros fazendo caretas, abomin\u00e1veis, que havia necessidade de raspar com uma faca a cada manh\u00e3? E tamb\u00e9m as \u201calucina\u00e7\u00f5es liliputeanas\u201d, com \u00e9ter. Um, dois, tr\u00eas esquizos: \u201cEm cada poro da pele brotam-me beb\u00eas\u201d \u2014 \u201cOh!, quanto a mim n\u00e3o \u00e9 nos poros, mas nas veias que nascem pequenas barras de <strong>ferro<\/strong>\u201d \u2014 \u201cEu n\u00e3o quero que me deem inje\u00e7\u00f5es, salvo com \u00e1lcool canforado. Sen\u00e3o seios me nascem em cada poro\u201d. Freud tentou abordar os fen\u00f4menos de multid\u00e3o desde o ponto de vista do inconsciente, mas ele n\u00e3o viu bem, n\u00e3o via que o inconsciente era antes de mais nada uma multid\u00e3o. Ele estava m\u00edope e surdo, confundia multid\u00f5es com uma pessoa. Os esquizos, ao contr\u00e1rio t\u00eam o olho e a orelha agudos. Eles n\u00e3o confundem os rumores e as impuls\u00f5es da multid\u00e3o com a voz de papai. Jung, certa vez, sonhou com ossos e cr\u00e2nios. Um osso, um cr\u00e2nio, nunca existem sozinhos. O ossu\u00e1rio \u00e9 uma multiplicidade. Mas Freud quer que isto signifique a morte de <em>algu\u00e9m<\/em>. \u201cJung, surpreso, leva-o a observar que havia v\u00e1rios cr\u00e2nios, n\u00e3o somente um. Mas Freud continuava\u2026&#8221; [Nota de rodap\u00e9 2: E. A. Bennet, <em>Ce que Jung a vraiment dit<\/em>, Stock, p. 80.].<\/p>\n<p>DELEUZE, Gilles; GUATTARI, F\u00e9lix. 2000 [1980]. 1914: Um s\u00f3 ou v\u00e1rios lobos? (Trad.: Aur\u00e9lio Guerra Neto) In: <em>Mil plat\u00f4s: capitalismo e esquizofrenia 2<\/em>. Volume 1. Rio de Janeiro: Editora 34, pp.39-52.<\/p>\n","protected":false},"excerpt":{"rendered":"<p>Problemas de povoamento no inconsciente: tudo o que se passa pelos poros do esquizo, as veias do drogado, formigamentos, fervilhamentos, anima\u00e7\u00f5es, intensidades, ra\u00e7as e tribos. Seria de Jean Ray, que soube ligar o terror aos fen\u00f4menos de micromultiplicidades, este conto no qual a pele branca se eri\u00e7a em in\u00fameras erup\u00e7\u00f5es e p\u00fastulas e cabe\u00e7as negras an\u00e3s passam pelos poros fazendo [&hellip;]<\/p>\n","protected":false},"author":2,"featured_media":0,"parent":1212,"menu_order":0,"comment_status":"closed","ping_status":"closed","template":"","meta":{"footnotes":""},"class_list":["post-1434","page","type-page","status-publish","hentry"],"jetpack_sharing_enabled":true,"_links":{"self":[{"href":"https:\/\/www.laspa.slg.br\/en\/wp-json\/wp\/v2\/pages\/1434","targetHints":{"allow":["GET"]}}],"collection":[{"href":"https:\/\/www.laspa.slg.br\/en\/wp-json\/wp\/v2\/pages"}],"about":[{"href":"https:\/\/www.laspa.slg.br\/en\/wp-json\/wp\/v2\/types\/page"}],"author":[{"embeddable":true,"href":"https:\/\/www.laspa.slg.br\/en\/wp-json\/wp\/v2\/users\/2"}],"replies":[{"embeddable":true,"href":"https:\/\/www.laspa.slg.br\/en\/wp-json\/wp\/v2\/comments?post=1434"}],"version-history":[{"count":1,"href":"https:\/\/www.laspa.slg.br\/en\/wp-json\/wp\/v2\/pages\/1434\/revisions"}],"predecessor-version":[{"id":1435,"href":"https:\/\/www.laspa.slg.br\/en\/wp-json\/wp\/v2\/pages\/1434\/revisions\/1435"}],"up":[{"embeddable":true,"href":"https:\/\/www.laspa.slg.br\/en\/wp-json\/wp\/v2\/pages\/1212"}],"wp:attachment":[{"href":"https:\/\/www.laspa.slg.br\/en\/wp-json\/wp\/v2\/media?parent=1434"}],"curies":[{"name":"wp","href":"https:\/\/api.w.org\/{rel}","templated":true}]}}