{"id":1428,"date":"2023-03-30T23:33:10","date_gmt":"2023-03-30T23:33:10","guid":{"rendered":"https:\/\/www.laspa.slg.br\/?page_id=1428"},"modified":"2023-03-30T23:33:37","modified_gmt":"2023-03-30T23:33:37","slug":"ferro-em-deleuze-e-guattari-2000-1980","status":"publish","type":"page","link":"https:\/\/www.laspa.slg.br\/en\/projetos\/a-agencia-social-dos-elementos-quimicos\/levantamentos-da-presenca-de-elementos-quimicos-em-livros\/ferro-em-deleuze-e-guattari-2000-1980\/","title":{"rendered":"Ferro em Deleuze e Guattari (2000 [1980])"},"content":{"rendered":"<p>1\u00ba e 2\u00ba \u2013 Princ\u00edpios de conex\u00e3o e de heterogeneidade: qualquer ponto de um rizoma pode ser conectado a qualquer outro e deve s\u00ea-lo. \u00c9 muito diferente da \u00e1rvore ou da raiz que fixam um ponto, uma ordem. A \u00e1rvore lingu\u00edstica \u00e0 maneira de Chomsky come\u00e7a ainda num ponto S e procede por dicotomia. Num rizoma, ao contr\u00e1rio, cada tra\u00e7o n\u00e3o remete necessariamente a um tra\u00e7o lingu\u00edstico: cadeias semi\u00f3ticas de toda natureza s\u00e3o a\u00ed conectadas a modos de codifica\u00e7\u00e3o muito diversos, cadeias biol\u00f3gicas, pol\u00edticas, econ\u00f4micas, etc., colocando em jogo n\u00e3o somente regimes de signos diferentes, mas tamb\u00e9m estatutos de estados de coisas. <em>Os Agenciamentos coletivos de enuncia\u00e7\u00e3o<\/em> funcionam, com efeito, diretamente nos <em>agenciamentos maqu\u00ednicos<\/em>, e n\u00e3o se pode estabelecer um corte radical entre os regimes de signos e seus objetos. Na lingu\u00edstica, mesmo quando se pretende ater-se ao expl\u00edcito e nada supor da l\u00edngua, acaba-se permanecendo no interior das esferas de um discurso que implica ainda modos de agenciamento e tipos de poder sociais particulares. A gramaticalidade de Chomsky, o s\u00edmbolo categorial S que domina todas as frases, \u00e9 antes de tudo um marcador de poder antes de ser um marcador sint\u00e1tico: voc\u00ea constituir\u00e1 frases gramaticalmente corretas, voc\u00ea dividir\u00e1 cada enunciado em sintagma nominal e sintagma verbal (primeira dicotomia&#8230;). N\u00e3o se criticar\u00e3o tais modelos lingu\u00edsticos por serem demasiado abstratos, mas, ao contr\u00e1rio, por n\u00e3o s\u00ea-lo bastante, por n\u00e3o atingir a <em>m\u00e1quina abstrata<\/em> que opera a conex\u00e3o de uma l\u00edngua com os conte\u00fados sem\u00e2nticos e pragm\u00e1ticos de enunciados, com agenciamentos coletivos de enuncia\u00e7\u00e3o, com toda uma micropol\u00edtica do campo social. Um rizoma n\u00e3o cessaria de conectar cadeias semi\u00f3ticas, organiza\u00e7\u00f5es de poder, ocorr\u00eancias que remetem \u00e0s artes, \u00e0s ci\u00eancias, \u00e0s lutas sociais. Uma cadeia semi\u00f3tica \u00e9 como um tub\u00e9rculo que aglomera atos muito diversos, lingu\u00edsticos, mas tamb\u00e9m perceptivos, m\u00edmicos, gestuais, cogitativos: n\u00e3o existe l\u00edngua em si, nem universalidade da linguagem, mas um concurso de dialetos, de pato\u00e1s, de g\u00edrias, de l\u00ednguas especiais. N\u00e3o existe locutor-auditor ideal, como tamb\u00e9m n\u00e3o existe comunidade lingu\u00edstica homog\u00eanea. A l\u00edngua \u00e9, segundo uma f\u00f3rmula de Weinreich, \u201cuma realidade essencialmente heterog\u00eanea\u201d. N\u00e3o existe uma l\u00edngua-m\u00e3e, mas tomada de poder por uma l\u00edngua dominante dentro de uma multiplicidade pol\u00edtica. A l\u00edngua se estabiliza em torno de uma par\u00f3quia, de um bispado, de uma capital. Ela faz bulbo. Ela evolui por hastes e fluxos subterr\u00e2neos, ao longo de vales fluviais ou de linhas de estradas de <strong>ferro<\/strong>, espalha-se como manchas de \u00f3leo [Cf. Bertil Malmberg, Les nouvelles tendances de la linguistique. P.U.F. (o exemplo do dialeto castelhano), pp 97 sq.]. Podem-se sempre efetuar, na l\u00edngua, decomposi\u00e7\u00f5es estruturais internas: isto n\u00e3o \u00e9 fundamentalmente diferente de uma busca das ra\u00edzes. H\u00e1 sempre algo de geneal\u00f3gico numa \u00e1rvore, n\u00e3o \u00e9 um m\u00e9todo popular. Ao contr\u00e1rio, um m\u00e9todo de tipo rizoma \u00e9 obrigado a analisar a linguagem efetuando um descentramento sobre outras dimens\u00f5es e outros registros. Uma l\u00edngua n\u00e3o se fecha sobre si mesma sen\u00e3o em uma fun\u00e7\u00e3o de impot\u00eancia. (Deleuze e Guattari 2000 [1980]:15-6)<\/p>\n<p>DELEUZE, Gilles; GUATTARI, F\u00e9lix. 2000 [1980]. Introdu\u00e7\u00e3o: Rizoma (Trad.: Aur\u00e9lio Guerra Neto) In: <em>Mil plat\u00f4s: capitalismo e esquizofrenia 2<\/em>. Volume 1. Rio de Janeiro: Editora 34, pp.11-37.<\/p>\n","protected":false},"excerpt":{"rendered":"<p>1\u00ba e 2\u00ba \u2013 Princ\u00edpios de conex\u00e3o e de heterogeneidade: qualquer ponto de um rizoma pode ser conectado a qualquer outro e deve s\u00ea-lo. \u00c9 muito diferente da \u00e1rvore ou da raiz que fixam um ponto, uma ordem. A \u00e1rvore lingu\u00edstica \u00e0 maneira de Chomsky come\u00e7a ainda num ponto S e procede por dicotomia. Num rizoma, ao contr\u00e1rio, cada tra\u00e7o [&hellip;]<\/p>\n","protected":false},"author":2,"featured_media":0,"parent":1212,"menu_order":0,"comment_status":"closed","ping_status":"closed","template":"","meta":{"footnotes":""},"class_list":["post-1428","page","type-page","status-publish","hentry"],"jetpack_sharing_enabled":true,"_links":{"self":[{"href":"https:\/\/www.laspa.slg.br\/en\/wp-json\/wp\/v2\/pages\/1428","targetHints":{"allow":["GET"]}}],"collection":[{"href":"https:\/\/www.laspa.slg.br\/en\/wp-json\/wp\/v2\/pages"}],"about":[{"href":"https:\/\/www.laspa.slg.br\/en\/wp-json\/wp\/v2\/types\/page"}],"author":[{"embeddable":true,"href":"https:\/\/www.laspa.slg.br\/en\/wp-json\/wp\/v2\/users\/2"}],"replies":[{"embeddable":true,"href":"https:\/\/www.laspa.slg.br\/en\/wp-json\/wp\/v2\/comments?post=1428"}],"version-history":[{"count":2,"href":"https:\/\/www.laspa.slg.br\/en\/wp-json\/wp\/v2\/pages\/1428\/revisions"}],"predecessor-version":[{"id":1430,"href":"https:\/\/www.laspa.slg.br\/en\/wp-json\/wp\/v2\/pages\/1428\/revisions\/1430"}],"up":[{"embeddable":true,"href":"https:\/\/www.laspa.slg.br\/en\/wp-json\/wp\/v2\/pages\/1212"}],"wp:attachment":[{"href":"https:\/\/www.laspa.slg.br\/en\/wp-json\/wp\/v2\/media?parent=1428"}],"curies":[{"name":"wp","href":"https:\/\/api.w.org\/{rel}","templated":true}]}}