{"id":124,"date":"2021-04-14T02:11:29","date_gmt":"2021-04-14T02:11:29","guid":{"rendered":"https:\/\/www.laspa.slg.br\/?page_id=124"},"modified":"2026-01-10T03:11:00","modified_gmt":"2026-01-10T03:11:00","slug":"projetos","status":"publish","type":"page","link":"https:\/\/www.laspa.slg.br\/en\/projetos\/","title":{"rendered":"Projects"},"content":{"rendered":"<p>Lista dos projetos de pesquisa coletivos (atuais e passados) ligados de alguma maneira ao LaSPA.<\/p>\n<p><strong>[2024-2025]<\/strong> <a href=\"https:\/\/www.laspa.slg.br\/projetos\/recalculando-o-suicidio\/\">Recalculando <em>O Suic\u00eddio<\/em>: uma reavalia\u00e7\u00e3o do argumento de Durkheim a partir da an\u00e1lise e reconstru\u00e7\u00e3o do Quadro II<\/a>.<\/p>\n<p><strong>[2018-atual]<\/strong> <a href=\"https:\/\/www.laspa.slg.br\/projetos\/as-formas-elementares-da-vida-eletronica\/\">As formas elementares da vida eletr\u00f4nica<\/a>.<\/p>\n<p><strong>[2018-atual]<\/strong> <a href=\"https:\/\/www.laspa.slg.br\/projetos\/gregs\/\">Grupo de Estudos Gilbert Simondon (GrEGS)<\/a>.<\/p>\n<p><strong>[2018-2024]<\/strong> <a href=\"https:\/\/www.laspa.slg.br\/projetos\/a-agencia-social-dos-elementos-quimicos\/\">A ag\u00eancia social dos elementos qu\u00edmicos<\/a>.<\/p>\n<p><strong>[2015-2016]<\/strong> Etnografia do LMBT\/IFGW\/Unicamp.<\/p>\n","protected":false},"excerpt":{"rendered":"<p>Lista dos projetos de pesquisa coletivos (atuais e passados) ligados de alguma maneira ao LaSPA. [2024-2025] Recalculando O Suic\u00eddio: uma reavalia\u00e7\u00e3o do argumento de Durkheim a partir da an\u00e1lise e reconstru\u00e7\u00e3o do Quadro II. [2018-atual] As formas elementares da vida eletr\u00f4nica. [2018-atual] Grupo de Estudos Gilbert Simondon (GrEGS). [2018-2024] A ag\u00eancia social dos elementos qu\u00edmicos. [2015-2016] Etnografia do LMBT\/IFGW\/Unicamp.<\/p>\n","protected":false},"author":2,"featured_media":0,"parent":0,"menu_order":0,"comment_status":"closed","ping_status":"closed","template":"","meta":{"footnotes":""},"class_list":["post-124","page","type-page","status-publish","hentry"],"jetpack_sharing_enabled":true,"_links":{"self":[{"href":"https:\/\/www.laspa.slg.br\/en\/wp-json\/wp\/v2\/pages\/124","targetHints":{"allow":["GET"]}}],"collection":[{"href":"https:\/\/www.laspa.slg.br\/en\/wp-json\/wp\/v2\/pages"}],"about":[{"href":"https:\/\/www.laspa.slg.br\/en\/wp-json\/wp\/v2\/types\/page"}],"author":[{"embeddable":true,"href":"https:\/\/www.laspa.slg.br\/en\/wp-json\/wp\/v2\/users\/2"}],"replies":[{"embeddable":true,"href":"https:\/\/www.laspa.slg.br\/en\/wp-json\/wp\/v2\/comments?post=124"}],"version-history":[{"count":10,"href":"https:\/\/www.laspa.slg.br\/en\/wp-json\/wp\/v2\/pages\/124\/revisions"}],"predecessor-version":[{"id":3238,"href":"https:\/\/www.laspa.slg.br\/en\/wp-json\/wp\/v2\/pages\/124\/revisions\/3238"}],"wp:attachment":[{"href":"https:\/\/www.laspa.slg.br\/en\/wp-json\/wp\/v2\/media?parent=124"}],"curies":[{"name":"wp","href":"https:\/\/api.w.org\/{rel}","templated":true}]}}