{"id":102,"date":"2021-04-13T22:54:16","date_gmt":"2021-04-13T22:54:16","guid":{"rendered":"https:\/\/www.laspa.slg.br\/?page_id=102"},"modified":"2026-04-01T11:34:25","modified_gmt":"2026-04-01T11:34:25","slug":"sobre","status":"publish","type":"page","link":"https:\/\/www.laspa.slg.br\/en\/sobre\/","title":{"rendered":"About"},"content":{"rendered":"<p class=\"translation-block\">This is the website of the <strong>Laboratory for the Sociology of Association Processes<\/strong> (LaSPA). Information and material concerning LaSPA are gathered here, along with a collection of study notes from research group members on works related to the LaSPA field of activity (<a href=\"https:\/\/www.laspa.slg.br\/en\/sobre\/bibliografia\/\" target=\" target=\">list of quoted texts \/ study notes<\/a>). This website was created on April 13, 2021, replacing the <a href=\"https:\/\/www.laspa.slg.br\/en\/sobre\/antigo-site-do-laspa\/\" target=\"_self\">former LaSPA website<\/a>. To contact LaSPA, write to: <img style=\"margin:10px\" src=\"https:\/\/www.laspa.slg.br\/wp-content\/uploads\/2021\/04\/EMAIL-LASPA.png\" class=\"\"><\/p>\n<p><strong>LaSPA<\/strong><br \/>\nO LaSPA \u00e9 um coletivo anticapacitista, anticapitalista, anticolonialista, anti-etarista, antifascista, antirracista e anti-sexista. Em nossas atividades acad\u00eamicas e de pesquisa, buscamos promover o conhecimento, o respeito e a responsabilidade entre as pessoas e os grupos. <\/p>\n<p>LaSPA is based at the <a href=\"http:\/\/www.ifch.unicamp.br\/\">Institute of Philosophy and Human Sciences (IFCH)<\/a> of the <a href=\"https:\/\/www.unicamp.br\/unicamp\/english\">State University of Campinas (UNICAMP)<\/a>, e coordenado por Pedro P. Ferreira (Depto. de Sociologia). A proposta do LaSPA \u00e9 fomentar pesquisas voltadas para os processos de associa\u00e7\u00e3o que comp\u00f5em as sociedades e grupos humanos, e oferecer a seus\/suas integrantes um contexto coletivo de experimenta\u00e7\u00e3o te\u00f3rico-metodol\u00f3gica.<\/p>\n<p>No geral, o estudo dos processos de associa\u00e7\u00e3o privilegia a dimens\u00e3o interacional e contextual das pr\u00e1ticas sociais, ou seja, as maneiras como grupos sociais s\u00e3o desempenhados de diferentes maneiras e com diferentes recursos por agentes situados em diferentes agenciamentos. Trata-se de uma abordagem mais interessada nos processos de sociog\u00eanese do que na manuten\u00e7\u00e3o de ordens sociais j\u00e1 consolidadas, encarando estas como casos-limite raros e singulares daqueles. Trata-se, enfim, de um esfor\u00e7o para conhecer novas (ou renovadas) maneiras de coexistir, sem reduzi-las aos conceitos e categorias j\u00e1 marcados por pressupostos sobre &#8220;o ser humano&#8221; ou &#8220;a sociedade&#8221;.<\/p>\n<p>Mais especificamente, o estudo dos processos de associa\u00e7\u00e3o foi recolocado na agenda sociol\u00f3gica contempor\u00e2nea pela Teoria Ator-Rede (TAR) de Bruno Latour, que desde os anos 1980 vem conseguindo conjugar, no estudo de processos t\u00e9cnicos, cient\u00edficos e econ\u00f4micos, as tradi\u00e7\u00f5es microssociol\u00f3gicas norte-americanas do interacionismo e da etnometodologia, o ciberfeminismo de Donna Haraway, e a tradi\u00e7\u00e3o filos\u00f3fica francesa &#8220;menor&#8221; Tarde-Bergson-Simondon-Deleuze-Stengers. \u00c9 na continua\u00e7\u00e3o desse trabalho que se engaja o LaSPA, colocando os recursos desenvolvidos pela TAR e por sua linhagem te\u00f3rico-metodol\u00f3gica a servi\u00e7o de quest\u00f5es e problemas espec\u00edficos \u00e0 realidade das ci\u00eancias sociais brasileiras atuais, e em especial ao campo dos Estudos Sociais das Ci\u00eancias e das Tecnologias.<\/p>\n<p>LaSPA promotes regular <a href=\"https:\/\/www.laspa.slg.br\/en\/reunioes\/\">meetings<\/a> peri\u00f3dicas para o debate de textos e temas ligados \u00e0s pesquisas de seus\/suas integrantes, e acolhe pesquisadores(as) de todos os n\u00edveis (Inicia\u00e7\u00e3o Cient\u00edfica, Mestrado, Doutorado, P\u00f3s-Doutorado e Doc\u00eancia), interessados(as) no estudo s\u00f3cio-antropol\u00f3gico dos processos de associa\u00e7\u00e3o.<\/p>\n<p><strong>HISTORY<\/strong><br \/>\nThe beginning of LaSPA dates back to 2010, when Ferreira was a professor of Anthropology at the Department of Social Sciences (DCSo) at the Federal University of S\u00e3o Carlos (UFSCar). LaSPA was a derivation, in S\u00e3o Carlos, of the research group Knowledge, Technology and Market (CTeMe), created by Ferreira and Laymert Garcia dos Santos at IFCH-Unicamp, in 2003.<\/p>\n<p>In 2011, when Ferreira became professor of Sociology at IFCH\/Unicamp, he transferred LaSPA to this university, and since then he has been promoting it as an environment for studies, research and debates involving sociology, anthropology and philosophy of science and of technology. <\/p>\n<p>In 2021, after completing 10 years at Unicamp, LaSPA was finally registered in the <a href=\"http:\/\/dgp.cnpq.br\/dgp\/espelhogrupo\/5037423417809025\">Directory of Research Groups of the National Council for Scientific and Technological Development (CNPq)<\/a>, and gained this new <em>website<\/em>, in recognition of its institutional consolidation.<\/p>","protected":false},"excerpt":{"rendered":"<p>Este \u00e9 o site do Laborat\u00f3rio de Sociologia dos Processos de Associa\u00e7\u00e3o (LaSPA). Est\u00e3o reunidas aqui informa\u00e7\u00f5es e materiais ligados ao LaSPA, assim como um acervo de fichamentos de obras ligadas ao seu campo de atua\u00e7\u00e3o (lista de textos citados\/fichados). Este site foi criado em 13\/04\/2021, como substituto para o antigo site do LaSPA. Para entrar em contato com o [&hellip;]<\/p>\n","protected":false},"author":2,"featured_media":0,"parent":0,"menu_order":0,"comment_status":"closed","ping_status":"closed","template":"","meta":{"footnotes":""},"class_list":["post-102","page","type-page","status-publish","hentry"],"jetpack_sharing_enabled":true,"_links":{"self":[{"href":"https:\/\/www.laspa.slg.br\/en\/wp-json\/wp\/v2\/pages\/102","targetHints":{"allow":["GET"]}}],"collection":[{"href":"https:\/\/www.laspa.slg.br\/en\/wp-json\/wp\/v2\/pages"}],"about":[{"href":"https:\/\/www.laspa.slg.br\/en\/wp-json\/wp\/v2\/types\/page"}],"author":[{"embeddable":true,"href":"https:\/\/www.laspa.slg.br\/en\/wp-json\/wp\/v2\/users\/2"}],"replies":[{"embeddable":true,"href":"https:\/\/www.laspa.slg.br\/en\/wp-json\/wp\/v2\/comments?post=102"}],"version-history":[{"count":10,"href":"https:\/\/www.laspa.slg.br\/en\/wp-json\/wp\/v2\/pages\/102\/revisions"}],"predecessor-version":[{"id":3352,"href":"https:\/\/www.laspa.slg.br\/en\/wp-json\/wp\/v2\/pages\/102\/revisions\/3352"}],"wp:attachment":[{"href":"https:\/\/www.laspa.slg.br\/en\/wp-json\/wp\/v2\/media?parent=102"}],"curies":[{"name":"wp","href":"https:\/\/api.w.org\/{rel}","templated":true}]}}